{"id":30333,"date":"2026-01-09T13:16:49","date_gmt":"2026-01-09T13:16:49","guid":{"rendered":"https:\/\/topprixsarl.ch\/product\/pochette-papier-pour-cd-et-dvd-lot-de-50\/"},"modified":"2026-01-14T14:21:22","modified_gmt":"2026-01-14T14:21:22","slug":"pochette-papier-pour-cd-et-dvd-lot-de-50","status":"publish","type":"product","link":"https:\/\/topprixsarl.ch\/en\/product-2\/pochette-papier-pour-cd-et-dvd-lot-de-50\/","title":{"rendered":"Pochette papier pour CD et DVD- lot de 50"},"content":{"rendered":"<p>La meilleure fa\u00e7on de mettre de l&rsquo;ordre dans les CD et DVD<\/p>\n<p>Le travail de bureau implique de traiter un grand nombre d&rsquo;informations num\u00e9riques stock\u00e9es sur des supports portables comme les CD ou les DVD. Les supports doivent aussi avoir leur propre espace de stockage pratique. <\/p>\n<p>+ Pochettes en papier : l&rsquo;une des formes de rangement les plus courantes. <\/p>\n<p>Un paquet pratique de 50 pochettes en papier est un moyen peu encombrant de cr\u00e9er des archives de CD ou de DVD. Chaque pochette contient deux disques, ce qui vous permet d&rsquo;\u00e9conomiser deux fois plus d&rsquo;espace. <\/p>\n<p>+ Biblioth\u00e8que bien con\u00e7ue : votre biblioth\u00e8que sera en ordre et facile \u00e0 trier. <\/p>\n<p>La fen\u00eatre en plastique transparent vous aide \u00e0 trouver le bon disque parmi les autres. D&rsquo;autre part, vous pouvez aussi cr\u00e9er des \u00e9tiquettes pour chaque pochette, sur lesquelles vous pouvez \u00e9crire ou que vous pouvez coller. <\/p>\n<p>+ Archive organis\u00e9e : gr\u00e2ce \u00e0 une archive organis\u00e9e, vos autres travaux de bureau gagnent en rapidit\u00e9. <\/p>\n<p>Les pochettes \u00e9paisses en papier prot\u00e8gent les disques des chocs ext\u00e9rieurs, dont les rayures. <\/p>\n<p>+ Protection optimale : prot\u00e9gez vos disques avec ces pochettes en papier!<\/p>","protected":false},"excerpt":{"rendered":"<p>La meilleure fa\u00e7on de mettre de l&rsquo;ordre dans les CD et DVD Le travail de bureau implique de traiter un grand nombre d&rsquo;informations num\u00e9riques stock\u00e9es sur des supports portables comme les CD ou les DVD. Les supports doivent aussi avoir leur propre es<\/p>","protected":false},"featured_media":30332,"comment_status":"open","ping_status":"closed","template":"","meta":[],"product_brand":[],"product_cat":[137],"product_tag":[],"class_list":{"0":"post-30333","1":"product","2":"type-product","3":"status-publish","4":"has-post-thumbnail","6":"product_cat-papier","8":"first","9":"instock","10":"shipping-taxable","11":"purchasable","12":"product-type-simple"},"_links":{"self":[{"href":"https:\/\/topprixsarl.ch\/en\/wp-json\/wp\/v2\/product\/30333","targetHints":{"allow":["GET"]}}],"collection":[{"href":"https:\/\/topprixsarl.ch\/en\/wp-json\/wp\/v2\/product"}],"about":[{"href":"https:\/\/topprixsarl.ch\/en\/wp-json\/wp\/v2\/types\/product"}],"replies":[{"embeddable":true,"href":"https:\/\/topprixsarl.ch\/en\/wp-json\/wp\/v2\/comments?post=30333"}],"version-history":[{"count":3,"href":"https:\/\/topprixsarl.ch\/en\/wp-json\/wp\/v2\/product\/30333\/revisions"}],"predecessor-version":[{"id":33347,"href":"https:\/\/topprixsarl.ch\/en\/wp-json\/wp\/v2\/product\/30333\/revisions\/33347"}],"wp:featuredmedia":[{"embeddable":true,"href":"https:\/\/topprixsarl.ch\/en\/wp-json\/wp\/v2\/media\/30332"}],"wp:attachment":[{"href":"https:\/\/topprixsarl.ch\/en\/wp-json\/wp\/v2\/media?parent=30333"}],"wp:term":[{"taxonomy":"product_brand","embeddable":true,"href":"https:\/\/topprixsarl.ch\/en\/wp-json\/wp\/v2\/product_brand?post=30333"},{"taxonomy":"product_cat","embeddable":true,"href":"https:\/\/topprixsarl.ch\/en\/wp-json\/wp\/v2\/product_cat?post=30333"},{"taxonomy":"product_tag","embeddable":true,"href":"https:\/\/topprixsarl.ch\/en\/wp-json\/wp\/v2\/product_tag?post=30333"}],"curies":[{"name":"wp","href":"https:\/\/api.w.org\/{rel}","templated":true}]}}