{"id":30325,"date":"2026-01-09T13:15:52","date_gmt":"2026-01-09T13:15:52","guid":{"rendered":"https:\/\/topprixsarl.ch\/product\/papier-blanc-a4-navigator-expression-90-g-ramette-500-feuilles\/"},"modified":"2026-01-14T14:21:22","modified_gmt":"2026-01-14T14:21:22","slug":"papier-blanc-a4-navigator-expression-90-g-ramette-500-feuilles","status":"publish","type":"product","link":"https:\/\/topprixsarl.ch\/en\/product-2\/papier-blanc-a4-navigator-expression-90-g-ramette-500-feuilles\/","title":{"rendered":"Papier blanc A4 Navigator Expression &#8211; 90 g &#8211; ramette 500 feuilles"},"content":{"rendered":"<p>Am\u00e9liorez votre impression couleur avec des feuilles \u00e9paisses. <\/p>\n<p>Le papier Navigator Expression a \u00e9t\u00e9 sp\u00e9cialement con\u00e7u pour les imprimantes \u00e0 encre couleur. <\/p>\n<p>Gr\u00e2ce \u00e0 sa densit\u00e9 \u00e9lev\u00e9e de 90 g\/m\u00b2, ce papier est parfait pour les graphiques en couleur, les photos et les images. <\/p>\n<p>De plus, gr\u00e2ce \u00e0 sa texture sp\u00e9ciale, il peut supporter une grande quantit\u00e9 d&rsquo;encre sans ne se courber ni avoir de probl\u00e8mes de transparence de l&rsquo;autre c\u00f4t\u00e9. <\/p>\n<p>Et ce n&rsquo;est pas tout : gr\u00e2ce \u00e0 sa blancheur, Navigator Expression premium convient m\u00eame aux documents manuscrits, tels que les rapports et les contrats. <\/p>\n<p>C&rsquo;est un vrai must-have au bureau. Imprimez avec Navigator Expression !<\/p>\n<p>+ Densit\u00e9 \u00e9lev\u00e9e de 90 g\/m\u00b2 pour des impressions de qualit\u00e9<br \/>\n+ Supporte une grande quantit\u00e9 d&rsquo;encre sans se courber<br \/>\n+ Id\u00e9al pour les graphiques, photos et documents manuscrits<br \/>\n+ Parfait pour les rapports et contrats gr\u00e2ce \u00e0 sa blancheur*  <\/p>\n<p>*Notes de bas de page \u00e0 conserver.<\/p>","protected":false},"excerpt":{"rendered":"<p>Am\u00e9liorez votre impression couleur avec des feuilles \u00e9paisses Le papier Navigator Expression a \u00e9t\u00e9 sp\u00e9cialement con\u00e7u pour les imprimantes \u00e0 encre couleur. Gr\u00e2ce \u00e0 sa densit\u00e9 \u00e9lev\u00e9e de 90 g\/m2, ce papier est parfait pour les graphiques en couleur, le<\/p>","protected":false},"featured_media":30324,"comment_status":"open","ping_status":"closed","template":"","meta":[],"product_brand":[],"product_cat":[137],"product_tag":[],"class_list":{"0":"post-30325","1":"product","2":"type-product","3":"status-publish","4":"has-post-thumbnail","6":"product_cat-papier","8":"first","9":"instock","10":"shipping-taxable","11":"purchasable","12":"product-type-simple"},"_links":{"self":[{"href":"https:\/\/topprixsarl.ch\/en\/wp-json\/wp\/v2\/product\/30325","targetHints":{"allow":["GET"]}}],"collection":[{"href":"https:\/\/topprixsarl.ch\/en\/wp-json\/wp\/v2\/product"}],"about":[{"href":"https:\/\/topprixsarl.ch\/en\/wp-json\/wp\/v2\/types\/product"}],"replies":[{"embeddable":true,"href":"https:\/\/topprixsarl.ch\/en\/wp-json\/wp\/v2\/comments?post=30325"}],"version-history":[{"count":2,"href":"https:\/\/topprixsarl.ch\/en\/wp-json\/wp\/v2\/product\/30325\/revisions"}],"predecessor-version":[{"id":32484,"href":"https:\/\/topprixsarl.ch\/en\/wp-json\/wp\/v2\/product\/30325\/revisions\/32484"}],"wp:featuredmedia":[{"embeddable":true,"href":"https:\/\/topprixsarl.ch\/en\/wp-json\/wp\/v2\/media\/30324"}],"wp:attachment":[{"href":"https:\/\/topprixsarl.ch\/en\/wp-json\/wp\/v2\/media?parent=30325"}],"wp:term":[{"taxonomy":"product_brand","embeddable":true,"href":"https:\/\/topprixsarl.ch\/en\/wp-json\/wp\/v2\/product_brand?post=30325"},{"taxonomy":"product_cat","embeddable":true,"href":"https:\/\/topprixsarl.ch\/en\/wp-json\/wp\/v2\/product_cat?post=30325"},{"taxonomy":"product_tag","embeddable":true,"href":"https:\/\/topprixsarl.ch\/en\/wp-json\/wp\/v2\/product_tag?post=30325"}],"curies":[{"name":"wp","href":"https:\/\/api.w.org\/{rel}","templated":true}]}}