{"id":30315,"date":"2026-01-09T13:14:38","date_gmt":"2026-01-09T13:14:38","guid":{"rendered":"https:\/\/topprixsarl.ch\/product\/recharge-pour-diffuseur-tork-premium-a1-floral-75-ml\/"},"modified":"2026-01-14T14:21:23","modified_gmt":"2026-01-14T14:21:23","slug":"refill-for-diffuser-tork-premium-a1-floral-75-ml","status":"publish","type":"product","link":"https:\/\/topprixsarl.ch\/en\/product-2\/refill-for-diffuser-tork-premium-a1-floral-75-ml\/","title":{"rendered":"Refill for Tork Premium A1 diffuser - floral - 75 ml"},"content":{"rendered":"<p>Pr\u00e8s des prairies, votre activit\u00e9 se porte bien. Le nombre de clients ne cesse d&rsquo;augmenter. C&rsquo;est super, mais cela soul\u00e8ve aussi quelques probl\u00e8mes : avec tant de visiteurs aux toilettes, votre d\u00e9sodorisant standard ne suit plus. <\/p>\n<p>Si seulement il y avait un syst\u00e8me ind\u00e9pendant qui n&rsquo;a besoin d&rsquo;\u00eatre rempli que p\u00e9riodiquement ! Maintenant qu&rsquo;un tel syst\u00e8me existe, le d\u00e9sodorisant Tork vous aidera \u00e0 cr\u00e9er une atmosph\u00e8re id\u00e9ale avec une belle odeur de fleurs.<\/p>\n<p>+ Syst\u00e8me ind\u00e9pendant n\u00e9cessitant un remplissage p\u00e9riodique<br \/>\n+ \u00c0 placer dans le distributeur A1 et \u00e0 programmer facilement<br \/>\n+ \u00c9quip\u00e9 d&rsquo;un indicateur sp\u00e9cial pour signaler le besoin de remplissage<br \/>\n+ Formule tr\u00e8s efficace avec une grande surface de couverture<br \/>\n+ Une petite bouteille (75 ml) suffit pour 3 000 vaporisations  <\/p>\n<p>Ce sera un d\u00e9lice pour vos sens. Apr\u00e8s tout, l&rsquo;ar\u00f4me agr\u00e9able, d\u00e9velopp\u00e9 avec des parfumeurs europ\u00e9ens, neutralise toutes les odeurs d\u00e9sagr\u00e9ables et les remplace par l&rsquo;odeur des champs de fleurs.<\/p>\n<p>+ Cr\u00e9ez une atmosph\u00e8re agr\u00e9able dans les toilettes !  <\/p>\n<p>Produit dangereux. Respecter les pr\u00e9cautions d\u2019emploi indiqu\u00e9es sur la fiche de donn\u00e9es de s\u00e9curit\u00e9*.<\/p>","protected":false},"excerpt":{"rendered":"<p>Pr\u00e8s des prairies Votre activit\u00e9 se porte bien. Le nombre de clients ne cesse d&rsquo;augmenter. C&rsquo;est super, mais cela soul\u00e8ve aussi quelques probl\u00e8mes: avec tant de visiteurs aux toilettes, votre d\u00e9sodorisant standard ne suit plus. Si seulement il y avai<\/p>","protected":false},"featured_media":30314,"comment_status":"open","ping_status":"closed","template":"","meta":[],"product_brand":[],"product_cat":[142],"product_tag":[],"class_list":{"0":"post-30315","1":"product","2":"type-product","3":"status-publish","4":"has-post-thumbnail","6":"product_cat-entretien","8":"first","9":"instock","10":"shipping-taxable","11":"purchasable","12":"product-type-simple"},"_links":{"self":[{"href":"https:\/\/topprixsarl.ch\/en\/wp-json\/wp\/v2\/product\/30315","targetHints":{"allow":["GET"]}}],"collection":[{"href":"https:\/\/topprixsarl.ch\/en\/wp-json\/wp\/v2\/product"}],"about":[{"href":"https:\/\/topprixsarl.ch\/en\/wp-json\/wp\/v2\/types\/product"}],"replies":[{"embeddable":true,"href":"https:\/\/topprixsarl.ch\/en\/wp-json\/wp\/v2\/comments?post=30315"}],"version-history":[{"count":2,"href":"https:\/\/topprixsarl.ch\/en\/wp-json\/wp\/v2\/product\/30315\/revisions"}],"predecessor-version":[{"id":32479,"href":"https:\/\/topprixsarl.ch\/en\/wp-json\/wp\/v2\/product\/30315\/revisions\/32479"}],"wp:featuredmedia":[{"embeddable":true,"href":"https:\/\/topprixsarl.ch\/en\/wp-json\/wp\/v2\/media\/30314"}],"wp:attachment":[{"href":"https:\/\/topprixsarl.ch\/en\/wp-json\/wp\/v2\/media?parent=30315"}],"wp:term":[{"taxonomy":"product_brand","embeddable":true,"href":"https:\/\/topprixsarl.ch\/en\/wp-json\/wp\/v2\/product_brand?post=30315"},{"taxonomy":"product_cat","embeddable":true,"href":"https:\/\/topprixsarl.ch\/en\/wp-json\/wp\/v2\/product_cat?post=30315"},{"taxonomy":"product_tag","embeddable":true,"href":"https:\/\/topprixsarl.ch\/en\/wp-json\/wp\/v2\/product_tag?post=30315"}],"curies":[{"name":"wp","href":"https:\/\/api.w.org\/{rel}","templated":true}]}}