{"id":30313,"date":"2026-01-09T13:14:23","date_gmt":"2026-01-09T13:14:23","guid":{"rendered":"https:\/\/topprixsarl.ch\/product\/recharge-pour-diffuseur-tork-premium-a1-fruits-75-ml\/"},"modified":"2026-01-14T14:21:23","modified_gmt":"2026-01-14T14:21:23","slug":"recharge-pour-diffuseur-tork-premium-a1-fruits-75-ml","status":"publish","type":"product","link":"https:\/\/topprixsarl.ch\/en\/product-2\/recharge-pour-diffuseur-tork-premium-a1-fruits-75-ml\/","title":{"rendered":"Recharge pour diffuseur Tork Premium A1 &#8211; fruits &#8211; 75 ml"},"content":{"rendered":"<p>Un moyen simple d&rsquo;assurer une bonne ambiance<\/p>\n<p>Votre lieu jouit d&rsquo;une excellente r\u00e9putation et re\u00e7oit r\u00e9guli\u00e8rement de nombreux visiteurs. Tout cela gr\u00e2ce au souci des d\u00e9tails et \u00e0 l&rsquo;atmosph\u00e8re parfaitement cr\u00e9\u00e9e. Mais aujourd&rsquo;hui, des visiteurs r\u00e9guliers se sont plaints des odeurs d\u00e9sagr\u00e9ables dans les toilettes. Il est donc temps d&rsquo;aller chercher l\u2019assainisseur haut de gamme en a\u00e9rosol Tork en r\u00e9serve.<\/p>\n<p>Cette recharge de d\u00e9sodorisant est sp\u00e9cialement con\u00e7ue pour les diffuseurs Tork A1. Un programme personnalis\u00e9 vous permet de cr\u00e9er l&rsquo;atmosph\u00e8re parfaite sans avoir \u00e0 \u00eatre sur place. <\/p>\n<p>+ A\u00e9rosol se d\u00e9clenche automatiquement \u00e0 intervalles r\u00e9guliers pour une efficacit\u00e9 maximale<br \/>\n+ Un flacon (75 ml) produit 3000 pulv\u00e9risations<br \/>\n+ Chaque spray vous donne l&rsquo;impression de marcher dans une for\u00eat tropicale<br \/>\n+ Ar\u00f4mes agr\u00e9ables aux notes d\u2019orange, de pomme et de mangue<br \/>\n+ Neutralise les mauvaises odeurs au lieu de les masquer  <\/p>\n<p>Aujourd&rsquo;hui, une visite aux toilettes peut \u00eatre compar\u00e9e \u00e0 une promenade dans la for\u00eat tropicale, d\u2019une fra\u00eecheur \u00e9poustouflante. <\/p>\n<p>Respirez l&rsquo;air frais, m\u00eame dans les toilettes! <\/p>\n<p>Produit dangereux.<br \/>\nRespecter les pr\u00e9cautions d\u2019emploi indiqu\u00e9es sur la fiche de donn\u00e9es de s\u00e9curit\u00e9*.<\/p>","protected":false},"excerpt":{"rendered":"<p>Un moyen simple d&rsquo;assurer une bonne ambianceVotre lieu jouit d&rsquo;une excellente r\u00e9putation et re\u00e7oit r\u00e9guli\u00e8rement de nombreux visiteurs. Tout cela gr\u00e2ce au souci des d\u00e9tails et \u00e0 l&rsquo;atmosph\u00e8re parfaitement cr\u00e9\u00e9e. Mais aujourd&rsquo;hui, des visiteurs r\u00e9gulie<\/p>","protected":false},"featured_media":30312,"comment_status":"open","ping_status":"closed","template":"","meta":[],"product_brand":[],"product_cat":[142],"product_tag":[],"class_list":{"0":"post-30313","1":"product","2":"type-product","3":"status-publish","4":"has-post-thumbnail","6":"product_cat-entretien","8":"first","9":"instock","10":"shipping-taxable","11":"purchasable","12":"product-type-simple"},"_links":{"self":[{"href":"https:\/\/topprixsarl.ch\/en\/wp-json\/wp\/v2\/product\/30313","targetHints":{"allow":["GET"]}}],"collection":[{"href":"https:\/\/topprixsarl.ch\/en\/wp-json\/wp\/v2\/product"}],"about":[{"href":"https:\/\/topprixsarl.ch\/en\/wp-json\/wp\/v2\/types\/product"}],"replies":[{"embeddable":true,"href":"https:\/\/topprixsarl.ch\/en\/wp-json\/wp\/v2\/comments?post=30313"}],"version-history":[{"count":2,"href":"https:\/\/topprixsarl.ch\/en\/wp-json\/wp\/v2\/product\/30313\/revisions"}],"predecessor-version":[{"id":32478,"href":"https:\/\/topprixsarl.ch\/en\/wp-json\/wp\/v2\/product\/30313\/revisions\/32478"}],"wp:featuredmedia":[{"embeddable":true,"href":"https:\/\/topprixsarl.ch\/en\/wp-json\/wp\/v2\/media\/30312"}],"wp:attachment":[{"href":"https:\/\/topprixsarl.ch\/en\/wp-json\/wp\/v2\/media?parent=30313"}],"wp:term":[{"taxonomy":"product_brand","embeddable":true,"href":"https:\/\/topprixsarl.ch\/en\/wp-json\/wp\/v2\/product_brand?post=30313"},{"taxonomy":"product_cat","embeddable":true,"href":"https:\/\/topprixsarl.ch\/en\/wp-json\/wp\/v2\/product_cat?post=30313"},{"taxonomy":"product_tag","embeddable":true,"href":"https:\/\/topprixsarl.ch\/en\/wp-json\/wp\/v2\/product_tag?post=30313"}],"curies":[{"name":"wp","href":"https:\/\/api.w.org\/{rel}","templated":true}]}}