{"id":30303,"date":"2026-01-09T13:13:11","date_gmt":"2026-01-09T13:13:11","guid":{"rendered":"https:\/\/topprixsarl.ch\/product\/notes-repositionnables-lyreco-75-x-75-mm-assortis-6-blocs-x-100-feuilles\/"},"modified":"2026-01-14T14:21:23","modified_gmt":"2026-01-14T14:21:23","slug":"notes-repositionnables-lyreco-75-x-75-mm-assortis-6-blocs-x-100-feuilles","status":"publish","type":"product","link":"https:\/\/topprixsarl.ch\/en\/product\/notes-repositionnables-lyreco-75-x-75-mm-assortis-6-blocs-x-100-feuilles\/","title":{"rendered":"Notes repositionnables- 75 x 75 mm- assortis- 6 blocs x 100 feuilles"},"content":{"rendered":"<p>Des notes fiables<\/p>\n<p>Les papillons adh\u00e9sifs sont souvent sous-\u00e9valu\u00e9s, mais s\u2019av\u00e8rent efficaces. Les papillons adh\u00e9sifs Brillant adh\u00e8rent fortement \u00e0 toute surface. Ils absorbent rapidement l&rsquo;encre pour laisser les feuilles propres et nettes. Les notes empil\u00e9es offrent un support pour \u00e9crire. Vous pouvez les coller facilement sur votre bureau, votre \u00e9cran ou toute autre surface.<\/p>\n<p>+ Un paquet contient 6 blocs de 100 notes repositionnables.<\/p>\n<p>Les papillons adh\u00e9sifs de Brillant peuvent vous accompagner aux r\u00e9unions pour \u00e9crire de br\u00e8ves notes. Le format 76 mm x 76 mm permet de noter des informations comme les dates, les heures et les contacts de mani\u00e8re claire et concise.<\/p>\n<p>+ Restez \u00e0 l&rsquo;aff\u00fbt avec ces notes lumineuses!*<\/p>","protected":false},"excerpt":{"rendered":"<p>Des notes fiables Les papillons adh\u00e9sifs sont souvent sous-\u00e9valu\u00e9es, mais s\u2019av\u00e8rent efficaces. Les papillons adh\u00e9sifs Brillant adh\u00e8rent fortement \u00e0 toute surface. Ils absorbent rapidement l&rsquo;encre pour laisser les feuilles propres et nettes. Le<\/p>","protected":false},"featured_media":30302,"comment_status":"open","ping_status":"closed","template":"","meta":[],"product_brand":[],"product_cat":[137],"product_tag":[],"class_list":{"0":"post-30303","1":"product","2":"type-product","3":"status-publish","4":"has-post-thumbnail","6":"product_cat-article-offic","8":"first","9":"instock","10":"shipping-taxable","11":"purchasable","12":"product-type-simple"},"_links":{"self":[{"href":"https:\/\/topprixsarl.ch\/en\/wp-json\/wp\/v2\/product\/30303","targetHints":{"allow":["GET"]}}],"collection":[{"href":"https:\/\/topprixsarl.ch\/en\/wp-json\/wp\/v2\/product"}],"about":[{"href":"https:\/\/topprixsarl.ch\/en\/wp-json\/wp\/v2\/types\/product"}],"replies":[{"embeddable":true,"href":"https:\/\/topprixsarl.ch\/en\/wp-json\/wp\/v2\/comments?post=30303"}],"version-history":[{"count":3,"href":"https:\/\/topprixsarl.ch\/en\/wp-json\/wp\/v2\/product\/30303\/revisions"}],"predecessor-version":[{"id":33351,"href":"https:\/\/topprixsarl.ch\/en\/wp-json\/wp\/v2\/product\/30303\/revisions\/33351"}],"wp:featuredmedia":[{"embeddable":true,"href":"https:\/\/topprixsarl.ch\/en\/wp-json\/wp\/v2\/media\/30302"}],"wp:attachment":[{"href":"https:\/\/topprixsarl.ch\/en\/wp-json\/wp\/v2\/media?parent=30303"}],"wp:term":[{"taxonomy":"product_brand","embeddable":true,"href":"https:\/\/topprixsarl.ch\/en\/wp-json\/wp\/v2\/product_brand?post=30303"},{"taxonomy":"product_cat","embeddable":true,"href":"https:\/\/topprixsarl.ch\/en\/wp-json\/wp\/v2\/product_cat?post=30303"},{"taxonomy":"product_tag","embeddable":true,"href":"https:\/\/topprixsarl.ch\/en\/wp-json\/wp\/v2\/product_tag?post=30303"}],"curies":[{"name":"wp","href":"https:\/\/api.w.org\/{rel}","templated":true}]}}