{"id":30301,"date":"2026-01-09T13:12:58","date_gmt":"2026-01-09T13:12:58","guid":{"rendered":"https:\/\/topprixsarl.ch\/product\/porte-flacon-mural-pour-douche-oculaire-cederroth-7200\/"},"modified":"2026-01-14T14:21:23","modified_gmt":"2026-01-14T14:21:23","slug":"porte-flacon-mural-pour-douche-oculaire-cederroth-7200","status":"publish","type":"product","link":"https:\/\/topprixsarl.ch\/en\/product\/porte-flacon-mural-pour-douche-oculaire-cederroth-7200\/","title":{"rendered":"Porte-flacon mural pour douche oculaire Cederroth 7200"},"content":{"rendered":"<p>**Support mural pour flacon de Douche oculaire Cederroth 500 ml**<\/p>\n<p>Ce support mural robuste et pratique permet de maintenir le flacon de douche oculaire en place, garantissant ainsi un acc\u00e8s facile en cas d&rsquo;urgence.<\/p>\n<p>+ **Installation flexible** : Peut \u00eatre install\u00e9 de diff\u00e9rentes fa\u00e7ons et convient \u00e0 tous les lieux de travail et locaux.<\/p>\n<p>+ **Panneau d&rsquo;instructions** : Livr\u00e9 avec un panneau d\u2019instructions photoluminescentes pour une visibilit\u00e9 optimale.<\/p>\n<p>+ **Conseil d&rsquo;installation** : Installez de pr\u00e9f\u00e9rence deux porte-flacons c\u00f4te \u00e0 c\u00f4te. Un accident peut toucher les deux yeux.<\/p>\n<p>**Dimensions** : L 9 x H 27 x P 7 cm.<\/p>","protected":false},"excerpt":{"rendered":"<p>Support mural robuste et pratique pour flacon de Douche oculaire Cederroth 500 ml. Gr\u00e2ce au porte-flacon mural, la douche oculaire reste toujours en place. Peut \u00eatre install\u00e9 de diff\u00e9rentes fa\u00e7ons et convient \u00e0 tous les lieux de travail et locaux. Li<\/p>","protected":false},"featured_media":30300,"comment_status":"open","ping_status":"closed","template":"","meta":[],"product_brand":[],"product_cat":[143],"product_tag":[],"class_list":{"0":"post-30301","1":"product","2":"type-product","3":"status-publish","4":"has-post-thumbnail","6":"product_cat-nettoyage","8":"first","9":"instock","10":"shipping-taxable","11":"purchasable","12":"product-type-simple"},"_links":{"self":[{"href":"https:\/\/topprixsarl.ch\/en\/wp-json\/wp\/v2\/product\/30301","targetHints":{"allow":["GET"]}}],"collection":[{"href":"https:\/\/topprixsarl.ch\/en\/wp-json\/wp\/v2\/product"}],"about":[{"href":"https:\/\/topprixsarl.ch\/en\/wp-json\/wp\/v2\/types\/product"}],"replies":[{"embeddable":true,"href":"https:\/\/topprixsarl.ch\/en\/wp-json\/wp\/v2\/comments?post=30301"}],"version-history":[{"count":2,"href":"https:\/\/topprixsarl.ch\/en\/wp-json\/wp\/v2\/product\/30301\/revisions"}],"predecessor-version":[{"id":32472,"href":"https:\/\/topprixsarl.ch\/en\/wp-json\/wp\/v2\/product\/30301\/revisions\/32472"}],"wp:featuredmedia":[{"embeddable":true,"href":"https:\/\/topprixsarl.ch\/en\/wp-json\/wp\/v2\/media\/30300"}],"wp:attachment":[{"href":"https:\/\/topprixsarl.ch\/en\/wp-json\/wp\/v2\/media?parent=30301"}],"wp:term":[{"taxonomy":"product_brand","embeddable":true,"href":"https:\/\/topprixsarl.ch\/en\/wp-json\/wp\/v2\/product_brand?post=30301"},{"taxonomy":"product_cat","embeddable":true,"href":"https:\/\/topprixsarl.ch\/en\/wp-json\/wp\/v2\/product_cat?post=30301"},{"taxonomy":"product_tag","embeddable":true,"href":"https:\/\/topprixsarl.ch\/en\/wp-json\/wp\/v2\/product_tag?post=30301"}],"curies":[{"name":"wp","href":"https:\/\/api.w.org\/{rel}","templated":true}]}}