{"id":30297,"date":"2026-01-09T13:12:29","date_gmt":"2026-01-09T13:12:29","guid":{"rendered":"https:\/\/topprixsarl.ch\/product\/ruban-de-masquage-tesa-50-mm-x-50-m-blanc\/"},"modified":"2026-01-14T14:21:24","modified_gmt":"2026-01-14T14:21:24","slug":"ruban-de-masquage-tesa-50-mm-x-50-m-blanc","status":"publish","type":"product","link":"https:\/\/topprixsarl.ch\/en\/product\/ruban-de-masquage-tesa-50-mm-x-50-m-blanc\/","title":{"rendered":"Ruban de masquage tesa, 50 mm x 50 m, blanc"},"content":{"rendered":"<p>**Ruban de masquage Tesa pour toutes situations**<\/p>\n<p>Il y a beaucoup de situations o\u00f9 on a besoin d&rsquo;un ruban de masquage &#8211; pendant une f\u00eate, en peignant le bureau ou en emballant des cartons. <\/p>\n<p>Avec le ruban de masquage Tesa, vous pouvez obtenir les meilleurs r\u00e9sultats. <\/p>\n<p>Ce produit convient aux applications temporaires standard, se d\u00e9chire facilement et r\u00e9siste \u00e0 la chaleur jusqu&rsquo;\u00e0 80\u00b0C. <\/p>\n<p>Essayez-le et vous ne serez pas d\u00e9\u00e7u! <\/p>\n<p>Choisissez le ruban de masquage Tesa 4316!<\/p>\n<p>**Points cl\u00e9s :**<\/p>\n<p>+ Convient pour toutes les situations (f\u00eates, peinture, emballage)<\/p>\n<p>+ Application temporaire standard<\/p>\n<p>+ Se d\u00e9chire facilement<\/p>\n<p>+ R\u00e9sistance \u00e0 la chaleur jusqu&rsquo;\u00e0 80\u00b0C<\/p>\n<p>+ Produit de qualit\u00e9 Tesa<\/p>\n<p>*Essayez-le et vous ne serez pas d\u00e9\u00e7u!*<\/p>","protected":false},"excerpt":{"rendered":"<p>Ruban de masquage Tesa pour toutes situations Il y a beaucoup de situations o\u00f9 on a besoin d&rsquo;un ruban de masquage &#8211; pendant une f\u00eate, en peignant le bureau ou en emballant des cartons. Avec le ruban de masquage Tesa, vous pouvez obtenir les meilleurs<\/p>","protected":false},"featured_media":30296,"comment_status":"open","ping_status":"closed","template":"","meta":[],"product_brand":[],"product_cat":[143],"product_tag":[],"class_list":{"0":"post-30297","1":"product","2":"type-product","3":"status-publish","4":"has-post-thumbnail","6":"product_cat-nettoyage","8":"first","9":"instock","10":"shipping-taxable","11":"purchasable","12":"product-type-simple"},"_links":{"self":[{"href":"https:\/\/topprixsarl.ch\/en\/wp-json\/wp\/v2\/product\/30297","targetHints":{"allow":["GET"]}}],"collection":[{"href":"https:\/\/topprixsarl.ch\/en\/wp-json\/wp\/v2\/product"}],"about":[{"href":"https:\/\/topprixsarl.ch\/en\/wp-json\/wp\/v2\/types\/product"}],"replies":[{"embeddable":true,"href":"https:\/\/topprixsarl.ch\/en\/wp-json\/wp\/v2\/comments?post=30297"}],"version-history":[{"count":2,"href":"https:\/\/topprixsarl.ch\/en\/wp-json\/wp\/v2\/product\/30297\/revisions"}],"predecessor-version":[{"id":32470,"href":"https:\/\/topprixsarl.ch\/en\/wp-json\/wp\/v2\/product\/30297\/revisions\/32470"}],"wp:featuredmedia":[{"embeddable":true,"href":"https:\/\/topprixsarl.ch\/en\/wp-json\/wp\/v2\/media\/30296"}],"wp:attachment":[{"href":"https:\/\/topprixsarl.ch\/en\/wp-json\/wp\/v2\/media?parent=30297"}],"wp:term":[{"taxonomy":"product_brand","embeddable":true,"href":"https:\/\/topprixsarl.ch\/en\/wp-json\/wp\/v2\/product_brand?post=30297"},{"taxonomy":"product_cat","embeddable":true,"href":"https:\/\/topprixsarl.ch\/en\/wp-json\/wp\/v2\/product_cat?post=30297"},{"taxonomy":"product_tag","embeddable":true,"href":"https:\/\/topprixsarl.ch\/en\/wp-json\/wp\/v2\/product_tag?post=30297"}],"curies":[{"name":"wp","href":"https:\/\/api.w.org\/{rel}","templated":true}]}}