{"id":30287,"date":"2026-01-09T13:11:06","date_gmt":"2026-01-09T13:11:06","guid":{"rendered":"https:\/\/topprixsarl.ch\/product\/papier-couleur-a4-clairefontaine-trophee-120-g-vert-250-feuilles\/"},"modified":"2026-01-14T14:21:24","modified_gmt":"2026-01-14T14:21:24","slug":"papier-couleur-a4-clairefontaine-trophee-120-g-vert-250-feuilles","status":"publish","type":"product","link":"https:\/\/topprixsarl.ch\/en\/product\/papier-couleur-a4-clairefontaine-trophee-120-g-vert-250-feuilles\/","title":{"rendered":"Papier couleur A4 Clairefontaine Troph\u00e9e &#8211; 120 g &#8211; vert &#8211; 250 feuilles"},"content":{"rendered":"<p>Optez pour le papier A4 Clairefontaine pour une touche de couleur dans votre quotidien. <\/p>\n<p>Avec le papier color\u00e9 de Clairefontaine, vous obtiendrez des impressions en couleur de haute qualit\u00e9 avec des couleurs vives et des contours pr\u00e9cis. <\/p>\n<p>Le format de feuille A4 (21 x 29,7 cm) est le format le plus r\u00e9pandu dans tous les bureaux et est compatible avec la plupart des imprimantes. <\/p>\n<p>La couleur vert de ce papier apporte plus de couleurs \u00e0 vos documents. <\/p>\n<p>Certifi\u00e9 FSC, ce produit a \u00e9t\u00e9 con\u00e7u dans le respect et la pr\u00e9servation des ressources naturelles. <\/p>\n<p>Commandez ce papier maintenant par ramette de 250 feuilles ! <\/p>\n<p>+ Format de feuille : A4 <\/p>\n<p>+ Couleur : vert <\/p>\n<p>+ Grammage : 120 g\/m\u00b2 <\/p>\n<p>+ Technologie d&rsquo;impression : imprimante jet d&rsquo;encre, imprimante laser et imprimante multi-usages<\/p>","protected":false},"excerpt":{"rendered":"<p>Optez pour le papier A4 Clairefontaine pour une touche de couleur dans votre quotidien Avec le papier color\u00e9 de Clairefontaine, vous obtiendrez des impressions en couleur de haute qualit\u00e9 avec des couleurs vives et des contours pr\u00e9cis. Le format de f<\/p>","protected":false},"featured_media":30286,"comment_status":"open","ping_status":"closed","template":"","meta":[],"product_brand":[],"product_cat":[137],"product_tag":[],"class_list":{"0":"post-30287","1":"product","2":"type-product","3":"status-publish","4":"has-post-thumbnail","6":"product_cat-article-offic","8":"first","9":"instock","10":"shipping-taxable","11":"purchasable","12":"product-type-simple"},"_links":{"self":[{"href":"https:\/\/topprixsarl.ch\/en\/wp-json\/wp\/v2\/product\/30287","targetHints":{"allow":["GET"]}}],"collection":[{"href":"https:\/\/topprixsarl.ch\/en\/wp-json\/wp\/v2\/product"}],"about":[{"href":"https:\/\/topprixsarl.ch\/en\/wp-json\/wp\/v2\/types\/product"}],"replies":[{"embeddable":true,"href":"https:\/\/topprixsarl.ch\/en\/wp-json\/wp\/v2\/comments?post=30287"}],"version-history":[{"count":2,"href":"https:\/\/topprixsarl.ch\/en\/wp-json\/wp\/v2\/product\/30287\/revisions"}],"predecessor-version":[{"id":32464,"href":"https:\/\/topprixsarl.ch\/en\/wp-json\/wp\/v2\/product\/30287\/revisions\/32464"}],"wp:featuredmedia":[{"embeddable":true,"href":"https:\/\/topprixsarl.ch\/en\/wp-json\/wp\/v2\/media\/30286"}],"wp:attachment":[{"href":"https:\/\/topprixsarl.ch\/en\/wp-json\/wp\/v2\/media?parent=30287"}],"wp:term":[{"taxonomy":"product_brand","embeddable":true,"href":"https:\/\/topprixsarl.ch\/en\/wp-json\/wp\/v2\/product_brand?post=30287"},{"taxonomy":"product_cat","embeddable":true,"href":"https:\/\/topprixsarl.ch\/en\/wp-json\/wp\/v2\/product_cat?post=30287"},{"taxonomy":"product_tag","embeddable":true,"href":"https:\/\/topprixsarl.ch\/en\/wp-json\/wp\/v2\/product_tag?post=30287"}],"curies":[{"name":"wp","href":"https:\/\/api.w.org\/{rel}","templated":true}]}}