{"id":30269,"date":"2026-01-09T13:08:51","date_gmt":"2026-01-09T13:08:51","guid":{"rendered":"https:\/\/topprixsarl.ch\/product\/marqueur-tableau-blanc-bic-velleda-1701-pointe-ogive-moyenne-bleu\/"},"modified":"2026-01-14T14:21:25","modified_gmt":"2026-01-14T14:21:25","slug":"marqueur-tableau-blanc-bic-velleda-1701-pointe-ogive-moyenne-bleu","status":"publish","type":"product","link":"https:\/\/topprixsarl.ch\/en\/product-2\/marqueur-tableau-blanc-bic-velleda-1701-pointe-ogive-moyenne-bleu\/","title":{"rendered":"Marqueur tableau blanc Bic Velleda 1701 &#8211; pointe ogive moyenne &#8211; bleu"},"content":{"rendered":"<p>Pour une \u00e9criture dynamique et convaincante, lors d&rsquo;un brainstorming avec des coll\u00e8gues, il n&rsquo;est pas rare que quelqu&rsquo;un ait une id\u00e9e subite ou une \u00e9tincelle. Il est alors temps de les noter avec le marqueur pour tableaux de la marque Bic. <\/p>\n<p>+ Couleurs intenses et forme ergonomique : Ses couleurs sont intenses et il \u00e9pouse bien la forme de main. Gr\u00e2ce \u00e0 lui, on peut magnifiquement capturer les id\u00e9es. <\/p>\n<p>+ Visibilit\u00e9 permanente : En outre, sa composition de couleurs est telle que l&rsquo;\u00e9criture reste en permanence bien visible. <\/p>\n<p>+ Pointe ogive : Dot\u00e9 d&rsquo;une pointe ogive, cet article est un v\u00e9ritable classique. <\/p>\n<p>+ Durabilit\u00e9 : Non seulement il est durable, mais il repr\u00e9sente \u00e9galement un bon choix si vous \u00e9crivez souvent. <\/p>\n<p>+ Polyfonctionnalit\u00e9 : La polyfonctionnalit\u00e9 est soulign\u00e9e par la couleur bleue, qui est non seulement sobre, mais aussi classique. <\/p>\n<p>Il est recommand\u00e9 d&rsquo;utiliser cet article sur le tableau blanc. Notez vos pens\u00e9es ou vos id\u00e9es avant qu&rsquo;elles ne s&rsquo;envolent \u00e0 nouveau. <\/p>\n<p>Aussi, il n&rsquo;y a pas que dans ces situations que le marqueur pour tableaux de la marque Bic est pr\u00e9cieux. <\/p>\n<p>+ Efficacit\u00e9 et compacit\u00e9 : Efficace et compact, cet outil fera vivre vos cr\u00e9ations. <\/p>\n<p>Effectivement, sa conception intelligente accompagne vos mouvements, si bien que la couleur est appliqu\u00e9e de mani\u00e8re uniforme et que les taches n&rsquo;ont pas le temps de voir le jour. <\/p>\n<p>+ Glisse fluide : Arr\u00eatez d&rsquo;\u00e9crire et commencez \u00e0 glisser : cet ustensile rend cela possible! <\/p>\n<p>*Note : Les informations sur l&rsquo;utilisation et l&rsquo;entretien du produit peuvent \u00eatre consult\u00e9es dans le manuel d&rsquo;utilisation.<\/p>","protected":false},"excerpt":{"rendered":"<p>Pour une \u00e9criture dynamique et convaincante Lors d&rsquo;un brainstorming avec des coll\u00e8gues, il n&rsquo;est pas rare que quelqu&rsquo;un ait une id\u00e9e subite ou une \u00e9tincelle. Il est alors temps de les noter avec le marqueur pour tableaux de la marque Bic. Ses couleur<\/p>","protected":false},"featured_media":30268,"comment_status":"open","ping_status":"closed","template":"","meta":[],"product_brand":[],"product_cat":[137],"product_tag":[],"class_list":{"0":"post-30269","1":"product","2":"type-product","3":"status-publish","4":"has-post-thumbnail","6":"product_cat-papier","8":"first","9":"instock","10":"shipping-taxable","11":"purchasable","12":"product-type-simple"},"_links":{"self":[{"href":"https:\/\/topprixsarl.ch\/en\/wp-json\/wp\/v2\/product\/30269","targetHints":{"allow":["GET"]}}],"collection":[{"href":"https:\/\/topprixsarl.ch\/en\/wp-json\/wp\/v2\/product"}],"about":[{"href":"https:\/\/topprixsarl.ch\/en\/wp-json\/wp\/v2\/types\/product"}],"replies":[{"embeddable":true,"href":"https:\/\/topprixsarl.ch\/en\/wp-json\/wp\/v2\/comments?post=30269"}],"version-history":[{"count":2,"href":"https:\/\/topprixsarl.ch\/en\/wp-json\/wp\/v2\/product\/30269\/revisions"}],"predecessor-version":[{"id":32455,"href":"https:\/\/topprixsarl.ch\/en\/wp-json\/wp\/v2\/product\/30269\/revisions\/32455"}],"wp:featuredmedia":[{"embeddable":true,"href":"https:\/\/topprixsarl.ch\/en\/wp-json\/wp\/v2\/media\/30268"}],"wp:attachment":[{"href":"https:\/\/topprixsarl.ch\/en\/wp-json\/wp\/v2\/media?parent=30269"}],"wp:term":[{"taxonomy":"product_brand","embeddable":true,"href":"https:\/\/topprixsarl.ch\/en\/wp-json\/wp\/v2\/product_brand?post=30269"},{"taxonomy":"product_cat","embeddable":true,"href":"https:\/\/topprixsarl.ch\/en\/wp-json\/wp\/v2\/product_cat?post=30269"},{"taxonomy":"product_tag","embeddable":true,"href":"https:\/\/topprixsarl.ch\/en\/wp-json\/wp\/v2\/product_tag?post=30269"}],"curies":[{"name":"wp","href":"https:\/\/api.w.org\/{rel}","templated":true}]}}