{"id":30261,"date":"2026-01-09T13:07:53","date_gmt":"2026-01-09T13:07:53","guid":{"rendered":"https:\/\/topprixsarl.ch\/product\/feutre-universel-stabilo-encre-permanente-07-mm-bleu-oh-pen\/"},"modified":"2026-01-14T14:21:25","modified_gmt":"2026-01-14T14:21:25","slug":"feutre-universel-stabilo-encre-permanente-07-mm-bleu-oh-pen","status":"publish","type":"product","link":"https:\/\/topprixsarl.ch\/en\/product\/feutre-universel-stabilo-encre-permanente-07-mm-bleu-oh-pen\/","title":{"rendered":"FEUTRE UNIVERSEL STABILO ENCRE PERMANENTE 0,7 MM BLEU OH PEN"},"content":{"rendered":"<p>Pour une bonne \u00e9criture<\/p>\n<p>Ce n&rsquo;est pas tout le monde qui ose s&rsquo;aventurer \u00e0 \u00e9crire quelques chapitres de l&rsquo;Histoire. Par contre, quand il s&rsquo;agit d&rsquo;\u00e9crire quelque chose, il faut que ce soit bien \u00e9crit. <\/p>\n<p>Avec le feutre permanent de la marque Stabilo, vous disposez d&rsquo;un accessoire haut de gamme qui permet d&rsquo;obtenir des caract\u00e8res parfaits. <\/p>\n<p>+ Design bien pens\u00e9<br \/>\n+ Pointe fine pour une notation pr\u00e9cise<br \/>\n+ Encre qui s\u00e8che rapidement  <\/p>\n<p>La polyfonctionnalit\u00e9 est soulign\u00e9e par la couleur bleue, qui est non seulement sobre, mais aussi classique. L&rsquo;article est parfaitement utilisable sur le film. <\/p>\n<p>Qu&rsquo;en est-il de votre instrument d&rsquo;\u00e9criture? Glisse-t-il correctement ou bien gratte-t-il d\u00e9j\u00e0? <\/p>\n<p>Le feutre permanent de la marque Stabilo glisse sur la surface comme par magie et vous permet d&rsquo;obtenir un r\u00e9sultat intense et durable en termes de couleurs. <\/p>\n<p>+ Outil polyvalent<br \/>\n+ S&rsquo;adapte parfaitement \u00e0 la forme de votre main<br \/>\n+ Permet de travailler sur les d\u00e9tails avec doigt\u00e9  <\/p>\n<p>Les r\u00e9sultats obtenus sont formidables, car la couleur est uniform\u00e9ment r\u00e9partie et saura vous convaincre par son intensit\u00e9. <\/p>\n<p>Arr\u00eatez d&rsquo;\u00e9crire et commencez \u00e0 glisser: cet ustensile rend cela possible!<\/p>","protected":false},"excerpt":{"rendered":"<p>Pour une bonne \u00e9criture Ce n&rsquo;est pas tout le monde qui ose s&rsquo;aventurer \u00e0 \u00e9crire quelques chapitres de l&rsquo;Histoire. Par contre, quand il s&rsquo;agit d&rsquo;\u00e9crire quelque chose, il faut que ce soit bien \u00e9crit. Avec le feutre permanent de la marque Stabilo, vous <\/p>","protected":false},"featured_media":30260,"comment_status":"open","ping_status":"closed","template":"","meta":[],"product_brand":[],"product_cat":[137],"product_tag":[],"class_list":{"0":"post-30261","1":"product","2":"type-product","3":"status-publish","4":"has-post-thumbnail","6":"product_cat-article-offic","8":"first","9":"instock","10":"shipping-taxable","11":"purchasable","12":"product-type-simple"},"_links":{"self":[{"href":"https:\/\/topprixsarl.ch\/en\/wp-json\/wp\/v2\/product\/30261","targetHints":{"allow":["GET"]}}],"collection":[{"href":"https:\/\/topprixsarl.ch\/en\/wp-json\/wp\/v2\/product"}],"about":[{"href":"https:\/\/topprixsarl.ch\/en\/wp-json\/wp\/v2\/types\/product"}],"replies":[{"embeddable":true,"href":"https:\/\/topprixsarl.ch\/en\/wp-json\/wp\/v2\/comments?post=30261"}],"version-history":[{"count":2,"href":"https:\/\/topprixsarl.ch\/en\/wp-json\/wp\/v2\/product\/30261\/revisions"}],"predecessor-version":[{"id":32451,"href":"https:\/\/topprixsarl.ch\/en\/wp-json\/wp\/v2\/product\/30261\/revisions\/32451"}],"wp:featuredmedia":[{"embeddable":true,"href":"https:\/\/topprixsarl.ch\/en\/wp-json\/wp\/v2\/media\/30260"}],"wp:attachment":[{"href":"https:\/\/topprixsarl.ch\/en\/wp-json\/wp\/v2\/media?parent=30261"}],"wp:term":[{"taxonomy":"product_brand","embeddable":true,"href":"https:\/\/topprixsarl.ch\/en\/wp-json\/wp\/v2\/product_brand?post=30261"},{"taxonomy":"product_cat","embeddable":true,"href":"https:\/\/topprixsarl.ch\/en\/wp-json\/wp\/v2\/product_cat?post=30261"},{"taxonomy":"product_tag","embeddable":true,"href":"https:\/\/topprixsarl.ch\/en\/wp-json\/wp\/v2\/product_tag?post=30261"}],"curies":[{"name":"wp","href":"https:\/\/api.w.org\/{rel}","templated":true}]}}