{"id":30257,"date":"2026-01-09T13:07:24","date_gmt":"2026-01-09T13:07:24","guid":{"rendered":"https:\/\/topprixsarl.ch\/product\/distributeur-post-it-index-683-5cb-119x432-mm-neon-emballage-de-5-couleurs\/"},"modified":"2026-01-14T14:21:26","modified_gmt":"2026-01-14T14:21:26","slug":"distributeur-post-it-index-683-5cb-119x432-mm-neon-emballage-de-5-couleurs","status":"publish","type":"product","link":"https:\/\/topprixsarl.ch\/en\/product-2\/distributeur-post-it-index-683-5cb-119x432-mm-neon-emballage-de-5-couleurs\/","title":{"rendered":"Distributeur Post-it Index 683-5CB, 11,9&#215;43,2 mm, n\u00e9on, emballage de 5 couleurs"},"content":{"rendered":"<p>Utilisez des marque-pages en papier avec ce distributeur pratique. <\/p>\n<p>Les marque-pages dans les documents remplissent diff\u00e9rentes fonctions. Il s&rsquo;agit d&rsquo;un moyen plus rapide de rechercher l&rsquo;information dans un dossier ou rapport financier. Mais, il est essentiel de conserver ces marque-pages dans un endroit s\u00fbr pour \u00e9viter de les chercher ou qu\u2019ils s\u2019envolent. <\/p>\n<p>Ce distributeur pratique de Post-it est id\u00e9al pour votre bureau. <\/p>\n<p>+ Mat\u00e9riau incassable : La mati\u00e8re plastique est incassable, prot\u00e8ge les notes contre les d\u00e9chirures et coupures. <\/p>\n<p>+ Design pratique : Sa forme pratique le rend id\u00e9al pour le bureau et les d\u00e9placements. <\/p>\n<p>Simplifiez votre travail avec ce distributeur pratique!<\/p>","protected":false},"excerpt":{"rendered":"<p>Utilisez des marque-pages en papier avec ce distributeur pratique Les marque-pages dans les documents remplissent diff\u00e9rentes fonctions. Il s&rsquo;agit d&rsquo;un moyen plus rapide de rechercher l&rsquo;information dans un dossier ou rapport financier. Mais, il est e<\/p>","protected":false},"featured_media":30256,"comment_status":"open","ping_status":"closed","template":"","meta":[],"product_brand":[],"product_cat":[137],"product_tag":[],"class_list":{"0":"post-30257","1":"product","2":"type-product","3":"status-publish","4":"has-post-thumbnail","6":"product_cat-papier","8":"first","9":"instock","10":"shipping-taxable","11":"purchasable","12":"product-type-simple"},"_links":{"self":[{"href":"https:\/\/topprixsarl.ch\/en\/wp-json\/wp\/v2\/product\/30257","targetHints":{"allow":["GET"]}}],"collection":[{"href":"https:\/\/topprixsarl.ch\/en\/wp-json\/wp\/v2\/product"}],"about":[{"href":"https:\/\/topprixsarl.ch\/en\/wp-json\/wp\/v2\/types\/product"}],"replies":[{"embeddable":true,"href":"https:\/\/topprixsarl.ch\/en\/wp-json\/wp\/v2\/comments?post=30257"}],"version-history":[{"count":2,"href":"https:\/\/topprixsarl.ch\/en\/wp-json\/wp\/v2\/product\/30257\/revisions"}],"predecessor-version":[{"id":32449,"href":"https:\/\/topprixsarl.ch\/en\/wp-json\/wp\/v2\/product\/30257\/revisions\/32449"}],"wp:featuredmedia":[{"embeddable":true,"href":"https:\/\/topprixsarl.ch\/en\/wp-json\/wp\/v2\/media\/30256"}],"wp:attachment":[{"href":"https:\/\/topprixsarl.ch\/en\/wp-json\/wp\/v2\/media?parent=30257"}],"wp:term":[{"taxonomy":"product_brand","embeddable":true,"href":"https:\/\/topprixsarl.ch\/en\/wp-json\/wp\/v2\/product_brand?post=30257"},{"taxonomy":"product_cat","embeddable":true,"href":"https:\/\/topprixsarl.ch\/en\/wp-json\/wp\/v2\/product_cat?post=30257"},{"taxonomy":"product_tag","embeddable":true,"href":"https:\/\/topprixsarl.ch\/en\/wp-json\/wp\/v2\/product_tag?post=30257"}],"curies":[{"name":"wp","href":"https:\/\/api.w.org\/{rel}","templated":true}]}}