{"id":30255,"date":"2026-01-09T13:07:11","date_gmt":"2026-01-09T13:07:11","guid":{"rendered":"https:\/\/topprixsarl.ch\/product\/sacs-pour-destructeur-de-documents-ideal-9041-160-l-en-plastique-50-unites\/"},"modified":"2026-01-14T14:21:26","modified_gmt":"2026-01-14T14:21:26","slug":"sacs-pour-destructeur-de-documents-ideal-9041-160-l-en-plastique-50-unites","status":"publish","type":"product","link":"https:\/\/topprixsarl.ch\/en\/product-2\/sacs-pour-destructeur-de-documents-ideal-9041-160-l-en-plastique-50-unites\/","title":{"rendered":"IDEAL 9041 document shredder bags, 160 L plastic, 50 units"},"content":{"rendered":"<p>\u00c9limination des d\u00e9chets de broyage en quelques secondes<\/p>\n<p>Dans un grand bureau, la d\u00e9chiqueteuse est toujours utilis\u00e9e. Anciens documents, formulaires, CD, etc. En cons\u00e9quence, il y a toujours une grande quantit\u00e9 de d\u00e9chets. Comment pouvez-vous vous en d\u00e9barrasser? Vous n&rsquo;avez qu&rsquo;\u00e0 vous procurer des outils de d\u00e9chiquetage de haute qualit\u00e9, comme les sacs Ideal Shredder 4000-4006.<\/p>\n<p>+ D\u00e9truisez des documents, \u00e9crasez des CD, d\u00e9chirez des dossiers, \u00e9liminez tout ce dont vous n&rsquo;avez pas besoin. Ces sacs peuvent vous d\u00e9barrasser de tout ce qui ne vous est pas utile!<\/p>\n<p>Un paquet contient 50 sacs individuels. <\/p>\n<p>+ Ces sacs vous permettent de collecter de grandes quantit\u00e9s de d\u00e9chets et conviennent \u00e0 une large gamme de broyeurs Ideal. <\/p>\n<p>+ Ils sont robustes et peuvent contenir une grande quantit\u00e9 de d\u00e9chets plastiques. <\/p>\n<p>Mettez un sac dans un broyeur Ideal, d\u00e9truisez tous les documents papier et les chemises en carton. Changez de sac et r\u00e9p\u00e9tez la m\u00eame chose avec les CD et les mat\u00e9riaux plastiques inutiles. <\/p>\n<p>+ Prenez les deux sacs et jetez le papier et les d\u00e9chets plastiques dans leurs bacs respectifs. <\/p>\n<p>+ Les sacs vous permettent de voir le contenu afin de ne pas m\u00e9langer les d\u00e9chets. C&rsquo;est assur\u00e9ment un atout pour l&rsquo;\u00e9cologie. <\/p>\n<p>Procurez-vous un sac de d\u00e9chiquetage de haute qualit\u00e9!<\/p>","protected":false},"excerpt":{"rendered":"<p>\u00c9limination des d\u00e9chets de broyage en quelques secondes Dans un grand bureau, la d\u00e9chiqueteuse est toujours utilis\u00e9e. Anciens documents, formulaires, CD, etc. En cons\u00e9quence, il y a toujours une grande quantit\u00e9 de d\u00e9chets. Comment pouvez-vous vous en<\/p>","protected":false},"featured_media":30254,"comment_status":"open","ping_status":"closed","template":"","meta":[],"product_brand":[],"product_cat":[138],"product_tag":[],"class_list":{"0":"post-30255","1":"product","2":"type-product","3":"status-publish","4":"has-post-thumbnail","6":"product_cat-sac-a-dechet","8":"first","9":"instock","10":"shipping-taxable","11":"purchasable","12":"product-type-simple"},"_links":{"self":[{"href":"https:\/\/topprixsarl.ch\/en\/wp-json\/wp\/v2\/product\/30255","targetHints":{"allow":["GET"]}}],"collection":[{"href":"https:\/\/topprixsarl.ch\/en\/wp-json\/wp\/v2\/product"}],"about":[{"href":"https:\/\/topprixsarl.ch\/en\/wp-json\/wp\/v2\/types\/product"}],"replies":[{"embeddable":true,"href":"https:\/\/topprixsarl.ch\/en\/wp-json\/wp\/v2\/comments?post=30255"}],"version-history":[{"count":2,"href":"https:\/\/topprixsarl.ch\/en\/wp-json\/wp\/v2\/product\/30255\/revisions"}],"predecessor-version":[{"id":32448,"href":"https:\/\/topprixsarl.ch\/en\/wp-json\/wp\/v2\/product\/30255\/revisions\/32448"}],"wp:featuredmedia":[{"embeddable":true,"href":"https:\/\/topprixsarl.ch\/en\/wp-json\/wp\/v2\/media\/30254"}],"wp:attachment":[{"href":"https:\/\/topprixsarl.ch\/en\/wp-json\/wp\/v2\/media?parent=30255"}],"wp:term":[{"taxonomy":"product_brand","embeddable":true,"href":"https:\/\/topprixsarl.ch\/en\/wp-json\/wp\/v2\/product_brand?post=30255"},{"taxonomy":"product_cat","embeddable":true,"href":"https:\/\/topprixsarl.ch\/en\/wp-json\/wp\/v2\/product_cat?post=30255"},{"taxonomy":"product_tag","embeddable":true,"href":"https:\/\/topprixsarl.ch\/en\/wp-json\/wp\/v2\/product_tag?post=30255"}],"curies":[{"name":"wp","href":"https:\/\/api.w.org\/{rel}","templated":true}]}}