{"id":30249,"date":"2026-01-09T13:06:23","date_gmt":"2026-01-09T13:06:23","guid":{"rendered":"https:\/\/topprixsarl.ch\/product\/ouvre-lettres-lerche-mono-240-mm-inoxydable-noir\/"},"modified":"2026-01-14T14:21:26","modified_gmt":"2026-01-14T14:21:26","slug":"ouvre-lettres-lerche-mono-240-mm-inoxydable-noir","status":"publish","type":"product","link":"https:\/\/topprixsarl.ch\/en\/product-2\/ouvre-lettres-lerche-mono-240-mm-inoxydable-noir\/","title":{"rendered":"Ouvre-lettres Lerche Mono, 240 mm, inoxydable, noir"},"content":{"rendered":"<p>**Outil \u00e9l\u00e9gant du 21\u00e8me si\u00e8cle**<\/p>\n<p>De nos jours, tout le monde est \u00e9quip\u00e9 d\u2019un ordinateur, a une adresse \u00e9lectronique et la plupart des documents peuvent \u00eatre stock\u00e9s et envoy\u00e9s num\u00e9riquement. Pourtant, les lettres et documents manuscrits font toujours partie de notre environnement de travail. <\/p>\n<p>Ouvrir une pile de lettres sans outil avec le risque de les endommager, tout le monde a v\u00e9cu cette situation. En les ouvrant, vous avez fini par endommager la lettre ou par couper le papier \u00e0 l\u2019int\u00e9rieur. Avec un ouvre-lettre, l\u2019op\u00e9ration serait plus simple. <\/p>\n<p>+ Fabriqu\u00e9 en acier, cet ouvre-lettre poss\u00e8de une lame inoxydable, de qualit\u00e9 \u00e9lev\u00e9e. <\/p>\n<p>+ Il est \u00e0 la fois \u00e9l\u00e9gant et pratique. <\/p>\n<p>+ Quel que soit le format des enveloppes, l&rsquo;ouvre-lettres \u00e0 lame tranchante de 24 cm est con\u00e7u pour ouvrir avec pr\u00e9caution toute enveloppe, bo\u00eete ou colis que vous recevez. <\/p>\n<p>Revivez l&rsquo;\u00e8re des ouvre-lettres!<\/p>","protected":false},"excerpt":{"rendered":"<p>Outil \u00e9l\u00e9gant du 21\u00e8me si\u00e8cleDe nos jours, tout le monde est \u00e9quip\u00e9 d\u2019un ordinateur, a une adresse \u00e9lectronique et la plupart des documents peuvent \u00eatre stock\u00e9s et envoy\u00e9s num\u00e9riquement. Pourtant, les lettres et documents manuscrits font toujours par<\/p>","protected":false},"featured_media":30248,"comment_status":"open","ping_status":"closed","template":"","meta":[],"product_brand":[],"product_cat":[137],"product_tag":[],"class_list":{"0":"post-30249","1":"product","2":"type-product","3":"status-publish","4":"has-post-thumbnail","6":"product_cat-papier","8":"first","9":"instock","10":"shipping-taxable","11":"purchasable","12":"product-type-simple"},"_links":{"self":[{"href":"https:\/\/topprixsarl.ch\/en\/wp-json\/wp\/v2\/product\/30249","targetHints":{"allow":["GET"]}}],"collection":[{"href":"https:\/\/topprixsarl.ch\/en\/wp-json\/wp\/v2\/product"}],"about":[{"href":"https:\/\/topprixsarl.ch\/en\/wp-json\/wp\/v2\/types\/product"}],"replies":[{"embeddable":true,"href":"https:\/\/topprixsarl.ch\/en\/wp-json\/wp\/v2\/comments?post=30249"}],"version-history":[{"count":2,"href":"https:\/\/topprixsarl.ch\/en\/wp-json\/wp\/v2\/product\/30249\/revisions"}],"predecessor-version":[{"id":32445,"href":"https:\/\/topprixsarl.ch\/en\/wp-json\/wp\/v2\/product\/30249\/revisions\/32445"}],"wp:featuredmedia":[{"embeddable":true,"href":"https:\/\/topprixsarl.ch\/en\/wp-json\/wp\/v2\/media\/30248"}],"wp:attachment":[{"href":"https:\/\/topprixsarl.ch\/en\/wp-json\/wp\/v2\/media?parent=30249"}],"wp:term":[{"taxonomy":"product_brand","embeddable":true,"href":"https:\/\/topprixsarl.ch\/en\/wp-json\/wp\/v2\/product_brand?post=30249"},{"taxonomy":"product_cat","embeddable":true,"href":"https:\/\/topprixsarl.ch\/en\/wp-json\/wp\/v2\/product_cat?post=30249"},{"taxonomy":"product_tag","embeddable":true,"href":"https:\/\/topprixsarl.ch\/en\/wp-json\/wp\/v2\/product_tag?post=30249"}],"curies":[{"name":"wp","href":"https:\/\/api.w.org\/{rel}","templated":true}]}}