{"id":30241,"date":"2026-01-09T13:05:24","date_gmt":"2026-01-09T13:05:24","guid":{"rendered":"https:\/\/topprixsarl.ch\/product\/etiquette-dexpedition-dymo-lw-101-x-54-mm-blanche-rouleau-de-220\/"},"modified":"2026-01-14T14:21:26","modified_gmt":"2026-01-14T14:21:26","slug":"etiquette-dexpedition-dymo-lw-101-x-54-mm-blanche-rouleau-de-220","status":"publish","type":"product","link":"https:\/\/topprixsarl.ch\/en\/product-2\/etiquette-dexpedition-dymo-lw-101-x-54-mm-blanche-rouleau-de-220\/","title":{"rendered":"Etiquette d&rsquo;exp\u00e9dition Dymo LW &#8211; 101 x 54 mm &#8211; blanche &#8211; rouleau de 220"},"content":{"rendered":"<p>\u00c9tiquettes d&rsquo;exp\u00e9dition pour tous les usages<\/p>\n<p>Certaines entreprises doivent envoyer beaucoup de lettres, de colis ou d&rsquo;\u00e9normes bo\u00eetes. Chaque colis ou message doit \u00eatre livr\u00e9 \u00e0 l\u2019adresse exacte : il n&rsquo;y a pas de place pour l&rsquo;erreur dans une entreprise ou un service de livraison. \u00c9crire l\u2019adresse \u00e0 la main peut \u00eatre source d\u2019erreur et prend du temps. Ainsi, il est pr\u00e9f\u00e9rable d&rsquo;utiliser des \u00e9tiquettes d&rsquo;exp\u00e9dition sp\u00e9ciales.<\/p>\n<p>+ Pas besoin d&rsquo;imprimer du papier, de le couper et de le coller sur un emballage.<\/p>\n<p>Ces \u00e9tiquettes d&rsquo;exp\u00e9dition uniques ont une finition soign\u00e9e et conviennent \u00e0 la bonne r\u00e9putation d&rsquo;une entreprise. <\/p>\n<p>+ Une bo\u00eete contient 220 \u00e9tiquettes, ce qui est suffisant pour plus de 110 envois.<\/p>\n<p>Prenez-en une et inscrivez-y l\u2019adresse. Ces \u00e9tiquettes sont compatibles avec une large gamme d\u2019\u00e9tiqueteuses et d&rsquo;imprimantes Dymo. <\/p>\n<p>+ Format de 101x54mm, assez grand pour l&rsquo;adresse, le logo de l&rsquo;entreprise et toute information suppl\u00e9mentaire.<\/p>\n<p>Une fois que l&rsquo;\u00e9tiquette est pr\u00eate, apposez-la sur un paquet. Elle est auto-adh\u00e9sive pour plus de facilit\u00e9.<\/p>\n<p>+ Acc\u00e9l\u00e9rez le processus d&rsquo;envoi dans votre entreprise &#8211; d\u00e8s maintenant !<\/p>","protected":false},"excerpt":{"rendered":"<p>\u00c9tiquettes d&rsquo;exp\u00e9dition pour tous les usagesCertaines entreprises doivent envoyer beaucoup de lettres, de colis ou d&rsquo;\u00e9normes bo\u00eetes. Chaque colis ou message doit \u00eatre livr\u00e9 \u00e0 l\u2019adresse exacte : il n&rsquo;y a pas de place pour l&rsquo;erreur dans une entreprise <\/p>","protected":false},"featured_media":30240,"comment_status":"open","ping_status":"closed","template":"","meta":[],"product_brand":[],"product_cat":[137],"product_tag":[],"class_list":{"0":"post-30241","1":"product","2":"type-product","3":"status-publish","4":"has-post-thumbnail","6":"product_cat-papier","8":"first","9":"instock","10":"shipping-taxable","11":"purchasable","12":"product-type-simple"},"_links":{"self":[{"href":"https:\/\/topprixsarl.ch\/en\/wp-json\/wp\/v2\/product\/30241","targetHints":{"allow":["GET"]}}],"collection":[{"href":"https:\/\/topprixsarl.ch\/en\/wp-json\/wp\/v2\/product"}],"about":[{"href":"https:\/\/topprixsarl.ch\/en\/wp-json\/wp\/v2\/types\/product"}],"replies":[{"embeddable":true,"href":"https:\/\/topprixsarl.ch\/en\/wp-json\/wp\/v2\/comments?post=30241"}],"version-history":[{"count":2,"href":"https:\/\/topprixsarl.ch\/en\/wp-json\/wp\/v2\/product\/30241\/revisions"}],"predecessor-version":[{"id":32441,"href":"https:\/\/topprixsarl.ch\/en\/wp-json\/wp\/v2\/product\/30241\/revisions\/32441"}],"wp:featuredmedia":[{"embeddable":true,"href":"https:\/\/topprixsarl.ch\/en\/wp-json\/wp\/v2\/media\/30240"}],"wp:attachment":[{"href":"https:\/\/topprixsarl.ch\/en\/wp-json\/wp\/v2\/media?parent=30241"}],"wp:term":[{"taxonomy":"product_brand","embeddable":true,"href":"https:\/\/topprixsarl.ch\/en\/wp-json\/wp\/v2\/product_brand?post=30241"},{"taxonomy":"product_cat","embeddable":true,"href":"https:\/\/topprixsarl.ch\/en\/wp-json\/wp\/v2\/product_cat?post=30241"},{"taxonomy":"product_tag","embeddable":true,"href":"https:\/\/topprixsarl.ch\/en\/wp-json\/wp\/v2\/product_tag?post=30241"}],"curies":[{"name":"wp","href":"https:\/\/api.w.org\/{rel}","templated":true}]}}