{"id":30239,"date":"2026-01-09T13:05:10","date_gmt":"2026-01-09T13:05:10","guid":{"rendered":"https:\/\/topprixsarl.ch\/product\/pochette-kraft-162-x-229-90-g-siliconee-par-500\/"},"modified":"2026-01-14T14:21:27","modified_gmt":"2026-01-14T14:21:27","slug":"pochette-kraft-162-x-229-90-g-siliconee-par-500","status":"publish","type":"product","link":"https:\/\/topprixsarl.ch\/en\/product-2\/pochette-kraft-162-x-229-90-g-siliconee-par-500\/","title":{"rendered":"Pochette kraft 162 x 229- 90 g- silicon\u00e9e- par 500"},"content":{"rendered":"<p>La solution optimale pour l&rsquo;envoi de lettres. <\/p>\n<p>Selon le destinataire, le fait de montrer que vous vous souciez de l\u2019environnement peut rehausser la r\u00e9putation de votre soci\u00e9t\u00e9. Comment pouvez-vous montrer que vous \u00eates sensibles aux questions environnementales si ce n&rsquo;est avec une enveloppe en papier recycl\u00e9, qui peut ensuite \u00eatre recycl\u00e9e sans mal?<\/p>\n<p>Voici les enveloppes. <\/p>\n<p>+ Enveloppes enti\u00e8rement recyclables, leur utilisation ne nuit donc pas \u00e0 l&rsquo;environnement. <\/p>\n<p>+ Respect de l&rsquo;environnement sans compromettre l&rsquo;aspect pratique : le papier est tr\u00e8s r\u00e9sistant. <\/p>\n<p>+ Ne se d\u00e9chirent pas facilement lors de la livraison, garantissant que chaque employ\u00e9 ou client recevra son colis en parfait \u00e9tat. <\/p>\n<p>+ Affranchissement minime, car l&rsquo;envoi d&rsquo;une enveloppe compacte est peu co\u00fbteux, ce qui est pratique. <\/p>\n<p>+ Stock suffisant pour longtemps, car le produit est fourni dans un paquet de 500 pi\u00e8ces.<\/p>\n<p>Prenez soin de la nature et de la qualit\u00e9 de la livraison!<\/p>","protected":false},"excerpt":{"rendered":"<p>La solution optimale pour l&rsquo;envoi de lettres Selon le destinataire, le fait de montrer que vous vous souciez de l\u2019environnement peut rehausser la r\u00e9putation de votre soci\u00e9t\u00e9. Comment pouvez-vous montrer que vous \u00eates sensibles aux questions environne<\/p>","protected":false},"featured_media":30238,"comment_status":"open","ping_status":"closed","template":"","meta":[],"product_brand":[],"product_cat":[137],"product_tag":[],"class_list":{"0":"post-30239","1":"product","2":"type-product","3":"status-publish","4":"has-post-thumbnail","6":"product_cat-papier","8":"first","9":"instock","10":"shipping-taxable","11":"purchasable","12":"product-type-simple"},"_links":{"self":[{"href":"https:\/\/topprixsarl.ch\/en\/wp-json\/wp\/v2\/product\/30239","targetHints":{"allow":["GET"]}}],"collection":[{"href":"https:\/\/topprixsarl.ch\/en\/wp-json\/wp\/v2\/product"}],"about":[{"href":"https:\/\/topprixsarl.ch\/en\/wp-json\/wp\/v2\/types\/product"}],"replies":[{"embeddable":true,"href":"https:\/\/topprixsarl.ch\/en\/wp-json\/wp\/v2\/comments?post=30239"}],"version-history":[{"count":3,"href":"https:\/\/topprixsarl.ch\/en\/wp-json\/wp\/v2\/product\/30239\/revisions"}],"predecessor-version":[{"id":33356,"href":"https:\/\/topprixsarl.ch\/en\/wp-json\/wp\/v2\/product\/30239\/revisions\/33356"}],"wp:featuredmedia":[{"embeddable":true,"href":"https:\/\/topprixsarl.ch\/en\/wp-json\/wp\/v2\/media\/30238"}],"wp:attachment":[{"href":"https:\/\/topprixsarl.ch\/en\/wp-json\/wp\/v2\/media?parent=30239"}],"wp:term":[{"taxonomy":"product_brand","embeddable":true,"href":"https:\/\/topprixsarl.ch\/en\/wp-json\/wp\/v2\/product_brand?post=30239"},{"taxonomy":"product_cat","embeddable":true,"href":"https:\/\/topprixsarl.ch\/en\/wp-json\/wp\/v2\/product_cat?post=30239"},{"taxonomy":"product_tag","embeddable":true,"href":"https:\/\/topprixsarl.ch\/en\/wp-json\/wp\/v2\/product_tag?post=30239"}],"curies":[{"name":"wp","href":"https:\/\/api.w.org\/{rel}","templated":true}]}}