{"id":30235,"date":"2026-01-09T13:04:43","date_gmt":"2026-01-09T13:04:43","guid":{"rendered":"https:\/\/topprixsarl.ch\/product\/papier-blanc-a4-new-future-premium-80-g-ramette-500-feuilles\/"},"modified":"2026-01-14T14:21:27","modified_gmt":"2026-01-14T14:21:27","slug":"papier-blanc-a4-new-future-premium-80-g-ramette-500-feuilles","status":"publish","type":"product","link":"https:\/\/topprixsarl.ch\/en\/product-2\/papier-blanc-a4-new-future-premium-80-g-ramette-500-feuilles\/","title":{"rendered":"Papier blanc A4 New Future Premium &#8211; 80 g &#8211; ramette 500 feuilles"},"content":{"rendered":"<p>Mettez en valeur votre entreprise avec le papier Future Premium.<\/p>\n<p>Future Premium est un papier extra-blanc qui convient pour les documents couleur d\u2019haute qualit\u00e9 tels que des pr\u00e9sentations, des rapports de recherche, des images et des graphiques. <\/p>\n<p>Il donnera \u00e0 vos impressions un air professionnel, afin d&rsquo;\u00e9tonner vos clients et partenaires. <\/p>\n<p>+ \u00c9vite les d\u00e9fauts de couleur g\u00e9n\u00e9r\u00e9s par les imprimantes laser ou jet d&rsquo;encre. <\/p>\n<p>Gr\u00e2ce \u00e0 toutes ces caract\u00e9ristiques, le papier blanc Future Premium est parfait pour un usage professionnel. <\/p>\n<p>+ Id\u00e9al pour imprimer des contrats ou des rapports essentiels. <\/p>\n<p>Optez pour une impression plus lisse et plus douce &#8211; maintenant!<\/p>","protected":false},"excerpt":{"rendered":"<p>Mettez en valeur votre entreprise avec le papier Future Premium Future premium est un papier extra-blanc qui convient pour les documents couleur d\u2019haute qualit\u00e9 tels quels des pr\u00e9sentations, des rapports de recherche, des images et des graphiques. Il<\/p>","protected":false},"featured_media":30234,"comment_status":"open","ping_status":"closed","template":"","meta":[],"product_brand":[],"product_cat":[137],"product_tag":[],"class_list":{"0":"post-30235","1":"product","2":"type-product","3":"status-publish","4":"has-post-thumbnail","6":"product_cat-papier","8":"first","9":"instock","10":"shipping-taxable","11":"purchasable","12":"product-type-simple"},"_links":{"self":[{"href":"https:\/\/topprixsarl.ch\/en\/wp-json\/wp\/v2\/product\/30235","targetHints":{"allow":["GET"]}}],"collection":[{"href":"https:\/\/topprixsarl.ch\/en\/wp-json\/wp\/v2\/product"}],"about":[{"href":"https:\/\/topprixsarl.ch\/en\/wp-json\/wp\/v2\/types\/product"}],"replies":[{"embeddable":true,"href":"https:\/\/topprixsarl.ch\/en\/wp-json\/wp\/v2\/comments?post=30235"}],"version-history":[{"count":2,"href":"https:\/\/topprixsarl.ch\/en\/wp-json\/wp\/v2\/product\/30235\/revisions"}],"predecessor-version":[{"id":32438,"href":"https:\/\/topprixsarl.ch\/en\/wp-json\/wp\/v2\/product\/30235\/revisions\/32438"}],"wp:featuredmedia":[{"embeddable":true,"href":"https:\/\/topprixsarl.ch\/en\/wp-json\/wp\/v2\/media\/30234"}],"wp:attachment":[{"href":"https:\/\/topprixsarl.ch\/en\/wp-json\/wp\/v2\/media?parent=30235"}],"wp:term":[{"taxonomy":"product_brand","embeddable":true,"href":"https:\/\/topprixsarl.ch\/en\/wp-json\/wp\/v2\/product_brand?post=30235"},{"taxonomy":"product_cat","embeddable":true,"href":"https:\/\/topprixsarl.ch\/en\/wp-json\/wp\/v2\/product_cat?post=30235"},{"taxonomy":"product_tag","embeddable":true,"href":"https:\/\/topprixsarl.ch\/en\/wp-json\/wp\/v2\/product_tag?post=30235"}],"curies":[{"name":"wp","href":"https:\/\/api.w.org\/{rel}","templated":true}]}}