{"id":30233,"date":"2026-01-09T13:04:29","date_gmt":"2026-01-09T13:04:29","guid":{"rendered":"https:\/\/topprixsarl.ch\/product\/ruban-dymo-letratag-plastique-12-mm-noir-sur-blanc\/"},"modified":"2026-01-14T14:21:27","modified_gmt":"2026-01-14T14:21:27","slug":"ruban-dymo-letratag-plastique-12-mm-noir-sur-blanc","status":"publish","type":"product","link":"https:\/\/topprixsarl.ch\/en\/product-2\/ruban-dymo-letratag-plastique-12-mm-noir-sur-blanc\/","title":{"rendered":"Ruban Dymo Letratag &#8211; plastique &#8211; 12 mm &#8211; noir sur blanc"},"content":{"rendered":"<p>Ruban Dymo pour \u00e9tiqueteuse &#8211; le choix parfait pour un \u00e9tiquetage pr\u00e9cis !<\/p>\n<p>Gr\u00e2ce au ruban Dymo, vous pouvez cr\u00e9er des \u00e9tiquettes papier personnalis\u00e9es en fonction de vos besoins d&rsquo;organisation. Ce produit vous garantit des \u00e9tiquettes de qualit\u00e9, lisibles et faciles \u00e0 cr\u00e9er.<\/p>\n<p>Caract\u00e9ristiques cl\u00e9s :<\/p>\n<p>+ Dimensions du ruban (L x l) : 4 m x 12 mm<br \/>\n+ Mati\u00e8re : plastique  <\/p>\n<p>C&rsquo;est un must have pour chaque lieu de travail, commandez d\u00e8s maintenant !<\/p>","protected":false},"excerpt":{"rendered":"<p>Ruban Dymo pour \u00e9tiqueteuse &#8211; le choix parfait pour un \u00e9tiquetage pr\u00e9cis ! Gr\u00e2ce au ruban Dymo, vous pouvez cr\u00e9er des \u00e9tiquettes papier personnalis\u00e9 en fonction de vos besoins d&rsquo;organisation. Ce produit vous garantit des \u00e9tiquettes de qualit\u00e9, lisibl<\/p>","protected":false},"featured_media":30232,"comment_status":"open","ping_status":"closed","template":"","meta":[],"product_brand":[],"product_cat":[137],"product_tag":[],"class_list":{"0":"post-30233","1":"product","2":"type-product","3":"status-publish","4":"has-post-thumbnail","6":"product_cat-papier","8":"first","9":"instock","10":"shipping-taxable","11":"purchasable","12":"product-type-simple"},"_links":{"self":[{"href":"https:\/\/topprixsarl.ch\/en\/wp-json\/wp\/v2\/product\/30233","targetHints":{"allow":["GET"]}}],"collection":[{"href":"https:\/\/topprixsarl.ch\/en\/wp-json\/wp\/v2\/product"}],"about":[{"href":"https:\/\/topprixsarl.ch\/en\/wp-json\/wp\/v2\/types\/product"}],"replies":[{"embeddable":true,"href":"https:\/\/topprixsarl.ch\/en\/wp-json\/wp\/v2\/comments?post=30233"}],"version-history":[{"count":2,"href":"https:\/\/topprixsarl.ch\/en\/wp-json\/wp\/v2\/product\/30233\/revisions"}],"predecessor-version":[{"id":32437,"href":"https:\/\/topprixsarl.ch\/en\/wp-json\/wp\/v2\/product\/30233\/revisions\/32437"}],"wp:featuredmedia":[{"embeddable":true,"href":"https:\/\/topprixsarl.ch\/en\/wp-json\/wp\/v2\/media\/30232"}],"wp:attachment":[{"href":"https:\/\/topprixsarl.ch\/en\/wp-json\/wp\/v2\/media?parent=30233"}],"wp:term":[{"taxonomy":"product_brand","embeddable":true,"href":"https:\/\/topprixsarl.ch\/en\/wp-json\/wp\/v2\/product_brand?post=30233"},{"taxonomy":"product_cat","embeddable":true,"href":"https:\/\/topprixsarl.ch\/en\/wp-json\/wp\/v2\/product_cat?post=30233"},{"taxonomy":"product_tag","embeddable":true,"href":"https:\/\/topprixsarl.ch\/en\/wp-json\/wp\/v2\/product_tag?post=30233"}],"curies":[{"name":"wp","href":"https:\/\/api.w.org\/{rel}","templated":true}]}}