{"id":30229,"date":"2026-01-09T13:03:57","date_gmt":"2026-01-09T13:03:57","guid":{"rendered":"https:\/\/topprixsarl.ch\/product\/serviettes-tork-advanced-33x33-cm-pliage-1-4-blanc-emballage-de-200-pieces\/"},"modified":"2026-04-11T01:26:04","modified_gmt":"2026-04-11T01:26:04","slug":"serviettes-tork-advanced-33x33-cm-pliage-1-4-blanc-emballage-de-200-pieces","status":"publish","type":"product","link":"https:\/\/topprixsarl.ch\/en\/product\/serviettes-tork-advanced-33x33-cm-pliage-1-4-blanc-emballage-de-200-pieces\/","title":{"rendered":"Serviettes Tork Advanced, 33&#215;33 cm pliage 1\/4 blanc, emballage de 200 pi\u00e8ces"},"content":{"rendered":"<p>**Tork Serviette Lunch**<\/p>\n<p>Atteignez vos exigences de performance sans d\u00e9passer votre budget avec nos Serviettes Lunch Tork 2 plis. Leur format adapt\u00e9 aux d\u00e9jeuners est id\u00e9al pour les lieux qui servent des repas l\u00e9gers ou des en-cas. <\/p>\n<p>L&rsquo;\u00e9paisseur de ces serviettes de table les rend assez absorbantes pour \u00e9ponger rapidement les \u00e9claboussures li\u00e9es \u00e0 la nourriture et aux boissons. Une large palette de couleurs modernes et classiques vous permet de choisir une serviette en papier qui correspond \u00e0 la d\u00e9coration de votre restaurant.<\/p>\n<p>**Les avantages en un coup d&rsquo;\u0153il :**<\/p>\n<p>+ Format d\u00e9jeuner qui r\u00e9pond aux exigences de performance et de co\u00fbts<br \/>\n+ Id\u00e9al pour les repas l\u00e9gers ou les en-cas<br \/>\n+ Serviette 2 plis absorbante pour \u00e9ponger les \u00e9claboussures<br \/>\n+ Large choix de couleurs qui s&rsquo;adapte \u00e0 votre d\u00e9coration<\/p>","protected":false},"excerpt":{"rendered":"<p>Tork Serviette Lunch :Atteignez vos exigences de performance sans d\u00e9passer votre budget avec nos Serviettes Lunch Tork 2 plis. Leur format adapt\u00e9 aux d\u00e9jeuners est id\u00e9al pour les lieux qui servent des repas l\u00e9gers ou des en-cas. L&rsquo;\u00e9paisseur de ces se<\/p>","protected":false},"featured_media":30228,"comment_status":"open","ping_status":"closed","template":"","meta":[],"product_brand":[],"product_cat":[143],"product_tag":[],"class_list":{"0":"post-30229","1":"product","2":"type-product","3":"status-publish","4":"has-post-thumbnail","6":"product_cat-nettoyage","8":"first","9":"instock","10":"shipping-taxable","11":"purchasable","12":"product-type-simple"},"_links":{"self":[{"href":"https:\/\/topprixsarl.ch\/en\/wp-json\/wp\/v2\/product\/30229","targetHints":{"allow":["GET"]}}],"collection":[{"href":"https:\/\/topprixsarl.ch\/en\/wp-json\/wp\/v2\/product"}],"about":[{"href":"https:\/\/topprixsarl.ch\/en\/wp-json\/wp\/v2\/types\/product"}],"replies":[{"embeddable":true,"href":"https:\/\/topprixsarl.ch\/en\/wp-json\/wp\/v2\/comments?post=30229"}],"version-history":[{"count":2,"href":"https:\/\/topprixsarl.ch\/en\/wp-json\/wp\/v2\/product\/30229\/revisions"}],"predecessor-version":[{"id":32435,"href":"https:\/\/topprixsarl.ch\/en\/wp-json\/wp\/v2\/product\/30229\/revisions\/32435"}],"wp:featuredmedia":[{"embeddable":true,"href":"https:\/\/topprixsarl.ch\/en\/wp-json\/wp\/v2\/media\/30228"}],"wp:attachment":[{"href":"https:\/\/topprixsarl.ch\/en\/wp-json\/wp\/v2\/media?parent=30229"}],"wp:term":[{"taxonomy":"product_brand","embeddable":true,"href":"https:\/\/topprixsarl.ch\/en\/wp-json\/wp\/v2\/product_brand?post=30229"},{"taxonomy":"product_cat","embeddable":true,"href":"https:\/\/topprixsarl.ch\/en\/wp-json\/wp\/v2\/product_cat?post=30229"},{"taxonomy":"product_tag","embeddable":true,"href":"https:\/\/topprixsarl.ch\/en\/wp-json\/wp\/v2\/product_tag?post=30229"}],"curies":[{"name":"wp","href":"https:\/\/api.w.org\/{rel}","templated":true}]}}