{"id":30215,"date":"2026-01-09T13:02:10","date_gmt":"2026-01-09T13:02:10","guid":{"rendered":"https:\/\/topprixsarl.ch\/product\/aimant-rond-lyreco-22-mm-rouge-les-10-pieces\/"},"modified":"2026-01-14T14:21:28","modified_gmt":"2026-01-14T14:21:28","slug":"aimant-rond-lyreco-22-mm-rouge-les-10-pieces","status":"publish","type":"product","link":"https:\/\/topprixsarl.ch\/en\/product-2\/aimant-rond-lyreco-22-mm-rouge-les-10-pieces\/","title":{"rendered":"Round magnet, 22 mm, red, 10 pcs."},"content":{"rendered":"<p>Une bonne organisation et c&rsquo;est d\u00e9j\u00e0 la moiti\u00e9 de fait. <\/p>\n<p>Vous avez encore \u00e9gar\u00e9 la liste de choses \u00e0 faire? Vous cherchez une liste t\u00e9l\u00e9phonique? <\/p>\n<p>Avec les aimants de la marque, mettez de l&rsquo;ordre dans vos affaires et donnez-leur la place qu&rsquo;elles m\u00e9ritent. <\/p>\n<p>+ Mat\u00e9riau en ABS tr\u00e8s r\u00e9sistant pour une durabilit\u00e9 optimale. <\/p>\n<p>+ Couleur rouge vive bien visible, soulignant encore plus sa fonctionnalit\u00e9. <\/p>\n<p>+ Forme ronde douce et harmonieuse. <\/p>\n<p>+ Diam\u00e8tre pratique de 22 mm, assurant une grande variation d&rsquo;applications. <\/p>\n<p>Un paquet se compose de dix articles. <\/p>\n<p>Ayez toujours un \u0153il sur les documents importants, les cartes postales ou les beaux souvenirs: gr\u00e2ce aux aimants puissants et \u00e9l\u00e9gants de la marque, vous pouvez faire en sorte d&rsquo;avoir une bonne vue d&rsquo;ensemble. <\/p>\n<p>Luttez contre le chaos et vous profiterez d&rsquo;un bureau bien rang\u00e9.<\/p>","protected":false},"excerpt":{"rendered":"<p>Une bonne organisation et c&rsquo;est d\u00e9j\u00e0 la moiti\u00e9 de fait Vous avez encore \u00e9gar\u00e9 la liste de choses \u00e0 faire? Vous cherchez une liste t\u00e9l\u00e9phonique? Avec les aimants de la marque, mettez de l&rsquo;ordre dans vos affaires et donnez-leur la place qu&rsquo;elles<\/p>","protected":false},"featured_media":30214,"comment_status":"open","ping_status":"closed","template":"","meta":[],"product_brand":[],"product_cat":[142],"product_tag":[],"class_list":{"0":"post-30215","1":"product","2":"type-product","3":"status-publish","4":"has-post-thumbnail","6":"product_cat-entretien","8":"first","9":"instock","10":"shipping-taxable","11":"purchasable","12":"product-type-simple"},"_links":{"self":[{"href":"https:\/\/topprixsarl.ch\/en\/wp-json\/wp\/v2\/product\/30215","targetHints":{"allow":["GET"]}}],"collection":[{"href":"https:\/\/topprixsarl.ch\/en\/wp-json\/wp\/v2\/product"}],"about":[{"href":"https:\/\/topprixsarl.ch\/en\/wp-json\/wp\/v2\/types\/product"}],"replies":[{"embeddable":true,"href":"https:\/\/topprixsarl.ch\/en\/wp-json\/wp\/v2\/comments?post=30215"}],"version-history":[{"count":3,"href":"https:\/\/topprixsarl.ch\/en\/wp-json\/wp\/v2\/product\/30215\/revisions"}],"predecessor-version":[{"id":33361,"href":"https:\/\/topprixsarl.ch\/en\/wp-json\/wp\/v2\/product\/30215\/revisions\/33361"}],"wp:featuredmedia":[{"embeddable":true,"href":"https:\/\/topprixsarl.ch\/en\/wp-json\/wp\/v2\/media\/30214"}],"wp:attachment":[{"href":"https:\/\/topprixsarl.ch\/en\/wp-json\/wp\/v2\/media?parent=30215"}],"wp:term":[{"taxonomy":"product_brand","embeddable":true,"href":"https:\/\/topprixsarl.ch\/en\/wp-json\/wp\/v2\/product_brand?post=30215"},{"taxonomy":"product_cat","embeddable":true,"href":"https:\/\/topprixsarl.ch\/en\/wp-json\/wp\/v2\/product_cat?post=30215"},{"taxonomy":"product_tag","embeddable":true,"href":"https:\/\/topprixsarl.ch\/en\/wp-json\/wp\/v2\/product_tag?post=30215"}],"curies":[{"name":"wp","href":"https:\/\/api.w.org\/{rel}","templated":true}]}}