{"id":30195,"date":"2026-01-09T12:59:50","date_gmt":"2026-01-09T12:59:50","guid":{"rendered":"https:\/\/topprixsarl.ch\/product\/aimant-lyreco-rond-o-22-mm-coloris-assortis-lot-de-10\/"},"modified":"2026-01-14T14:21:29","modified_gmt":"2026-01-14T14:21:29","slug":"aimant-lyreco-rond-o-22-mm-coloris-assortis-lot-de-10","status":"publish","type":"product","link":"https:\/\/topprixsarl.ch\/en\/product-2\/aimant-lyreco-rond-o-22-mm-coloris-assortis-lot-de-10\/","title":{"rendered":"Magnet- round- \u00d8 22 mm- assorted colors- set of 10"},"content":{"rendered":"<p>Pour plus d&rsquo;ordre sur votre bureau<\/p>\n<p>Loin des yeux, loin du c\u0153ur. Soyez honn\u00eate, ce dicton s&rsquo;applique-t-il \u00e9galement \u00e0 vous? Si tel est le cas, les aimants de la marque peuvent constituer un rem\u00e8de utile. <\/p>\n<p>Faites en sorte que ces petits outils vous permettent d&rsquo;attacher vos documents ou notes respectives de mani\u00e8re bien visible. <\/p>\n<p>+ Mat\u00e9riau en ABS particuli\u00e8rement robuste pour une durabilit\u00e9 accrue. <\/p>\n<p>Un des avantages de ce produit est qu&rsquo;il est disponible dans des couleurs assorties. Cela assure notamment un tri optimal et une bonne organisation. <\/p>\n<p>+ Forme ronde des aimants s&rsquo;adaptant parfaitement \u00e0 tout type d&rsquo;environnement. <\/p>\n<p>+ Diam\u00e8tre de 22 mm pour une taille pratique. <\/p>\n<p>Un paquet se compose de dix articles. En mati\u00e8re d&rsquo;organisation, ces aimants sont de v\u00e9ritables petits h\u00e9ros dans la vie de tous les jours. <\/p>\n<p>+ Accessoires polyvalents qui veillent \u00e0 ce que les documents essentiels et souvent utilis\u00e9s soient fix\u00e9s \u00e0 un endroit bien visible. <\/p>\n<p>Vous aussi, vous pouvez cr\u00e9er de l&rsquo;ordre avec les aimants de la marque.<\/p>","protected":false},"excerpt":{"rendered":"<p>Pour plus d&rsquo;ordre sur votre bureau Loin des yeux, loin du c\u0153ur. Soyez honn\u00eate, ce dicton s&rsquo;applique-t-il \u00e9galement \u00e0 vous? Si tel est le cas, les aimants de la marque peuvent constituer un rem\u00e8de utile. Faites en sorte que ces petits outils vo<\/p>","protected":false},"featured_media":30194,"comment_status":"open","ping_status":"closed","template":"","meta":[],"product_brand":[],"product_cat":[137],"product_tag":[],"class_list":{"0":"post-30195","1":"product","2":"type-product","3":"status-publish","4":"has-post-thumbnail","6":"product_cat-papier","8":"first","9":"instock","10":"shipping-taxable","11":"purchasable","12":"product-type-simple"},"_links":{"self":[{"href":"https:\/\/topprixsarl.ch\/en\/wp-json\/wp\/v2\/product\/30195","targetHints":{"allow":["GET"]}}],"collection":[{"href":"https:\/\/topprixsarl.ch\/en\/wp-json\/wp\/v2\/product"}],"about":[{"href":"https:\/\/topprixsarl.ch\/en\/wp-json\/wp\/v2\/types\/product"}],"replies":[{"embeddable":true,"href":"https:\/\/topprixsarl.ch\/en\/wp-json\/wp\/v2\/comments?post=30195"}],"version-history":[{"count":3,"href":"https:\/\/topprixsarl.ch\/en\/wp-json\/wp\/v2\/product\/30195\/revisions"}],"predecessor-version":[{"id":33369,"href":"https:\/\/topprixsarl.ch\/en\/wp-json\/wp\/v2\/product\/30195\/revisions\/33369"}],"wp:featuredmedia":[{"embeddable":true,"href":"https:\/\/topprixsarl.ch\/en\/wp-json\/wp\/v2\/media\/30194"}],"wp:attachment":[{"href":"https:\/\/topprixsarl.ch\/en\/wp-json\/wp\/v2\/media?parent=30195"}],"wp:term":[{"taxonomy":"product_brand","embeddable":true,"href":"https:\/\/topprixsarl.ch\/en\/wp-json\/wp\/v2\/product_brand?post=30195"},{"taxonomy":"product_cat","embeddable":true,"href":"https:\/\/topprixsarl.ch\/en\/wp-json\/wp\/v2\/product_cat?post=30195"},{"taxonomy":"product_tag","embeddable":true,"href":"https:\/\/topprixsarl.ch\/en\/wp-json\/wp\/v2\/product_tag?post=30195"}],"curies":[{"name":"wp","href":"https:\/\/api.w.org\/{rel}","templated":true}]}}