{"id":30193,"date":"2026-01-09T12:59:35","date_gmt":"2026-01-09T12:59:35","guid":{"rendered":"https:\/\/topprixsarl.ch\/product\/ruban-adhesif-transparent-scotch-550-19-mm-x-33-m-8-rouleaux\/"},"modified":"2026-01-14T14:21:29","modified_gmt":"2026-01-14T14:21:29","slug":"ruban-adhesif-transparent-scotch-550-19-mm-x-33-m-8-rouleaux","status":"publish","type":"product","link":"https:\/\/topprixsarl.ch\/en\/product-2\/ruban-adhesif-transparent-scotch-550-19-mm-x-33-m-8-rouleaux\/","title":{"rendered":"Ruban adh\u00e9sif transparent Scotch 550 &#8211; 19 mm x 33 m &#8211; 8 rouleaux"},"content":{"rendered":"<p>Ne restez pas sans Scotch! <\/p>\n<p>Le ruban adh\u00e9sif est un objet d&rsquo;usage courant : il est souvent utilis\u00e9 sur le lieu de travail, pour r\u00e9parer des pages d\u00e9chir\u00e9es, sceller des emballages ou attacher des messages. Vous ne devriez jamais rester sans, n&rsquo;est-ce pas? <\/p>\n<p>Si vous ne voulez pas prendre ce risque, achetez du Scotch 550. Ce ruban adh\u00e9sif fonctionnel, disponible en paquets de 8, r\u00e9pondra \u00e0 tous vos besoins en termes de qualit\u00e9 et de quantit\u00e9. <\/p>\n<p>+ Produit r\u00e9sistant \u00e0 l&rsquo;humidit\u00e9 et au vieillissement.<br \/>\n+ Fort pouvoir adh\u00e9sif, id\u00e9al pour l&#8217;emballage.  <\/p>\n<p>Essayez le Scotch 500!*<\/p>","protected":false},"excerpt":{"rendered":"<p>Ne restez pas sans Scotch! Le ruban adh\u00e9sif est un objet d&rsquo;usage courant: il est souvent utilis\u00e9 sur le lieu de travail, pour r\u00e9parer des pages d\u00e9chir\u00e9es, sceller des emballages ou attacher des messages. Vous ne devriez jamais rester sans, n&rsquo;est-ce p<\/p>","protected":false},"featured_media":30192,"comment_status":"open","ping_status":"closed","template":"","meta":[],"product_brand":[],"product_cat":[142],"product_tag":[],"class_list":{"0":"post-30193","1":"product","2":"type-product","3":"status-publish","4":"has-post-thumbnail","6":"product_cat-entretien","8":"first","9":"instock","10":"shipping-taxable","11":"purchasable","12":"product-type-simple"},"_links":{"self":[{"href":"https:\/\/topprixsarl.ch\/en\/wp-json\/wp\/v2\/product\/30193","targetHints":{"allow":["GET"]}}],"collection":[{"href":"https:\/\/topprixsarl.ch\/en\/wp-json\/wp\/v2\/product"}],"about":[{"href":"https:\/\/topprixsarl.ch\/en\/wp-json\/wp\/v2\/types\/product"}],"replies":[{"embeddable":true,"href":"https:\/\/topprixsarl.ch\/en\/wp-json\/wp\/v2\/comments?post=30193"}],"version-history":[{"count":2,"href":"https:\/\/topprixsarl.ch\/en\/wp-json\/wp\/v2\/product\/30193\/revisions"}],"predecessor-version":[{"id":32417,"href":"https:\/\/topprixsarl.ch\/en\/wp-json\/wp\/v2\/product\/30193\/revisions\/32417"}],"wp:featuredmedia":[{"embeddable":true,"href":"https:\/\/topprixsarl.ch\/en\/wp-json\/wp\/v2\/media\/30192"}],"wp:attachment":[{"href":"https:\/\/topprixsarl.ch\/en\/wp-json\/wp\/v2\/media?parent=30193"}],"wp:term":[{"taxonomy":"product_brand","embeddable":true,"href":"https:\/\/topprixsarl.ch\/en\/wp-json\/wp\/v2\/product_brand?post=30193"},{"taxonomy":"product_cat","embeddable":true,"href":"https:\/\/topprixsarl.ch\/en\/wp-json\/wp\/v2\/product_cat?post=30193"},{"taxonomy":"product_tag","embeddable":true,"href":"https:\/\/topprixsarl.ch\/en\/wp-json\/wp\/v2\/product_tag?post=30193"}],"curies":[{"name":"wp","href":"https:\/\/api.w.org\/{rel}","templated":true}]}}