{"id":30185,"date":"2026-01-09T12:58:41","date_gmt":"2026-01-09T12:58:41","guid":{"rendered":"https:\/\/topprixsarl.ch\/product\/ruban-adhesif-scotch-magic-810-kern-o-25-cm-12-mmx33-m\/"},"modified":"2026-01-14T14:21:29","modified_gmt":"2026-01-14T14:21:29","slug":"ruban-adhesif-scotch-magic-810-kern-o-25-cm-12-mmx33-m","status":"publish","type":"product","link":"https:\/\/topprixsarl.ch\/en\/product\/ruban-adhesif-scotch-magic-810-kern-o-25-cm-12-mmx33-m\/","title":{"rendered":"Ruban adh\u00e9sif Scotch Magic 810 Kern \u00d8 2,5 cm, 12 mmx33 m"},"content":{"rendered":"<p>Correction soign\u00e9e de vos mots<\/p>\n<p>Parfois, nous avons besoin d&rsquo;ajouter des informations ou des notes sur du texte imprim\u00e9. Alors, comment peut-on le faire proprement? Un simple stylo peut ab\u00eemer le texte, ce qui vous oblige \u00e0 r\u00e9imprimer le document. <\/p>\n<p>+ Utilisation du ruban adh\u00e9sif Scotch Magic 810 : En utilisant le ruban adh\u00e9sif Scotch Magic 810, vous pouvez \u00e9crire ce que vous voulez sans laisser de marques. <\/p>\n<p>+ Adh\u00e9rence optimale : Vous pouvez le coller facilement sur tout papier pour une adh\u00e9rence optimale. Il poss\u00e8de les m\u00eames caract\u00e9ristiques adh\u00e9sives que celles que vous aimez sur le ruban adh\u00e9sif \u00e0 l&rsquo;ancienne. <\/p>\n<p>+ Con\u00e7u pour \u00e9crire : Vous pouvez le coller sur le papier et \u00e9crire tout ce que vous voulez, car il est con\u00e7u sp\u00e9cialement \u00e0 cet effet. <\/p>\n<p>+ Transparence et invisibilit\u00e9 : Bien que sa couleur soit mate, le ruban est transparent et invisible sur les plans ou les photocopies. Seule l&rsquo;encre de votre stylo ou marqueur sera visible. <\/p>\n<p>+ Surface mate et inscriptible : Sa surface est mate et inscriptible pour rendre chaque ligne lisible et visible. <\/p>\n<p>+ Largeur de 12 mm : Gr\u00e2ce \u00e0 sa largeur de 12 mm, vous pouvez couvrir plus d&rsquo;espace et corriger plus de texte. <\/p>\n<p>+ Longueur de 33 m : Vous pouvez couper la longueur souhait\u00e9e pour un ajustement pr\u00e9cis. Gr\u00e2ce \u00e0 sa longueur de 33 m, vous pouvez utiliser cette bande \u00e0 de nombreuses occasions. <\/p>\n<p>Faites des corrections invisibles!<\/p>","protected":false},"excerpt":{"rendered":"<p>Correction soign\u00e9e de vos mots Parfois, nous avons besoin d&rsquo;ajouter des informations ou des notes sur du texte imprim\u00e9. Alors, comment peut-on le faire proprement? Un simple stylo peut ab\u00eemer le texte, ce qui vous oblige \u00e0 r\u00e9imprimer le document. En <\/p>","protected":false},"featured_media":30184,"comment_status":"open","ping_status":"closed","template":"","meta":[],"product_brand":[],"product_cat":[137],"product_tag":[],"class_list":{"0":"post-30185","1":"product","2":"type-product","3":"status-publish","4":"has-post-thumbnail","6":"product_cat-article-offic","8":"first","9":"instock","10":"shipping-taxable","11":"purchasable","12":"product-type-simple"},"_links":{"self":[{"href":"https:\/\/topprixsarl.ch\/en\/wp-json\/wp\/v2\/product\/30185","targetHints":{"allow":["GET"]}}],"collection":[{"href":"https:\/\/topprixsarl.ch\/en\/wp-json\/wp\/v2\/product"}],"about":[{"href":"https:\/\/topprixsarl.ch\/en\/wp-json\/wp\/v2\/types\/product"}],"replies":[{"embeddable":true,"href":"https:\/\/topprixsarl.ch\/en\/wp-json\/wp\/v2\/comments?post=30185"}],"version-history":[{"count":2,"href":"https:\/\/topprixsarl.ch\/en\/wp-json\/wp\/v2\/product\/30185\/revisions"}],"predecessor-version":[{"id":32413,"href":"https:\/\/topprixsarl.ch\/en\/wp-json\/wp\/v2\/product\/30185\/revisions\/32413"}],"wp:featuredmedia":[{"embeddable":true,"href":"https:\/\/topprixsarl.ch\/en\/wp-json\/wp\/v2\/media\/30184"}],"wp:attachment":[{"href":"https:\/\/topprixsarl.ch\/en\/wp-json\/wp\/v2\/media?parent=30185"}],"wp:term":[{"taxonomy":"product_brand","embeddable":true,"href":"https:\/\/topprixsarl.ch\/en\/wp-json\/wp\/v2\/product_brand?post=30185"},{"taxonomy":"product_cat","embeddable":true,"href":"https:\/\/topprixsarl.ch\/en\/wp-json\/wp\/v2\/product_cat?post=30185"},{"taxonomy":"product_tag","embeddable":true,"href":"https:\/\/topprixsarl.ch\/en\/wp-json\/wp\/v2\/product_tag?post=30185"}],"curies":[{"name":"wp","href":"https:\/\/api.w.org\/{rel}","templated":true}]}}