{"id":30183,"date":"2026-01-09T12:58:26","date_gmt":"2026-01-09T12:58:26","guid":{"rendered":"https:\/\/topprixsarl.ch\/product\/ruban-adhesif-transparent-scotch-crystal-19-mm-x-33-m\/"},"modified":"2026-01-14T14:21:29","modified_gmt":"2026-01-14T14:21:29","slug":"ruban-adhesif-transparent-scotch-crystal-19-mm-x-33-m","status":"publish","type":"product","link":"https:\/\/topprixsarl.ch\/en\/product\/ruban-adhesif-transparent-scotch-crystal-19-mm-x-33-m\/","title":{"rendered":"Ruban adh\u00e9sif transparent Scotch Crystal &#8211; 19 mm x 33 m"},"content":{"rendered":"<p>Rouler, coller, tenir. Qu&rsquo;il s&rsquo;agisse de bricoler, de r\u00e9parer ou de maintenir quelque chose, une fixation fiable est toujours essentielle. \u00c0 cet \u00e9gard, un ruban adh\u00e9sif comme celui de la marque Scotch est un accessoire incontournable qui vous sera d&rsquo;une aide pr\u00e9cieuse.<\/p>\n<p>Il convainc par sa r\u00e9sistance \u00e0 l&rsquo;usure et est presque invisible lorsqu&rsquo;on fait une photocopie. C&rsquo;est donc un produit dont il est difficile de se passer, \u00e0 la maison comme au bureau.<\/p>\n<p>+ Largeur : 19 mm<br \/>\n+ Longueur : 33 m<br \/>\n+ Force adh\u00e9sive durable<br \/>\n+ Id\u00e9al pour coller dans les situations d\u00e9cisives  <\/p>\n<p>Ce ruban est une v\u00e9ritable aide pour la vie professionnelle. Il permet de cr\u00e9er des \u00ab\u00a0liens\u00a0\u00bb solides dans votre vie. Il est simple et pratique \u00e0 utiliser, et il impressionne par sa force adh\u00e9sive durable. <\/p>\n<p>Il permet ainsi de bien maintenir ensemble vos feuilles et vos objets. Avec cet emballage, vous ne pouvez pas vous tromper!<\/p>","protected":false},"excerpt":{"rendered":"<p>Rouler, coller, tenir Qu&rsquo;il s&rsquo;agisse de bricoler, de r\u00e9parer ou de maintenir quelque chose, une fixation fiable est toujours essentielle. \u00c0 cet \u00e9gard, un ruban adh\u00e9sif comme celui de la marque Scotch est un accessoire incontournable qui vous sera d&rsquo;u<\/p>","protected":false},"featured_media":30182,"comment_status":"open","ping_status":"closed","template":"","meta":[],"product_brand":[],"product_cat":[137],"product_tag":[],"class_list":{"0":"post-30183","1":"product","2":"type-product","3":"status-publish","4":"has-post-thumbnail","6":"product_cat-article-offic","8":"first","9":"instock","10":"shipping-taxable","11":"purchasable","12":"product-type-simple"},"_links":{"self":[{"href":"https:\/\/topprixsarl.ch\/en\/wp-json\/wp\/v2\/product\/30183","targetHints":{"allow":["GET"]}}],"collection":[{"href":"https:\/\/topprixsarl.ch\/en\/wp-json\/wp\/v2\/product"}],"about":[{"href":"https:\/\/topprixsarl.ch\/en\/wp-json\/wp\/v2\/types\/product"}],"replies":[{"embeddable":true,"href":"https:\/\/topprixsarl.ch\/en\/wp-json\/wp\/v2\/comments?post=30183"}],"version-history":[{"count":2,"href":"https:\/\/topprixsarl.ch\/en\/wp-json\/wp\/v2\/product\/30183\/revisions"}],"predecessor-version":[{"id":32412,"href":"https:\/\/topprixsarl.ch\/en\/wp-json\/wp\/v2\/product\/30183\/revisions\/32412"}],"wp:featuredmedia":[{"embeddable":true,"href":"https:\/\/topprixsarl.ch\/en\/wp-json\/wp\/v2\/media\/30182"}],"wp:attachment":[{"href":"https:\/\/topprixsarl.ch\/en\/wp-json\/wp\/v2\/media?parent=30183"}],"wp:term":[{"taxonomy":"product_brand","embeddable":true,"href":"https:\/\/topprixsarl.ch\/en\/wp-json\/wp\/v2\/product_brand?post=30183"},{"taxonomy":"product_cat","embeddable":true,"href":"https:\/\/topprixsarl.ch\/en\/wp-json\/wp\/v2\/product_cat?post=30183"},{"taxonomy":"product_tag","embeddable":true,"href":"https:\/\/topprixsarl.ch\/en\/wp-json\/wp\/v2\/product_tag?post=30183"}],"curies":[{"name":"wp","href":"https:\/\/api.w.org\/{rel}","templated":true}]}}