{"id":30137,"date":"2026-01-09T12:49:51","date_gmt":"2026-01-09T12:49:51","guid":{"rendered":"https:\/\/topprixsarl.ch\/product\/couverture-reliure-lyreco-a4-pvc-20-100e-transparente-par-100\/"},"modified":"2026-01-14T14:21:31","modified_gmt":"2026-01-14T14:21:31","slug":"cover-binder-lyreco-a4-pvc-20-100e-transparent-per-100","status":"publish","type":"product","link":"https:\/\/topprixsarl.ch\/en\/product-2\/cover-binder-lyreco-a4-pvc-20-100e-transparent-per-100\/","title":{"rendered":"Binder cover A4- PVC 20\/100- transparent- per 100"},"content":{"rendered":"<p>**Prot\u00e8ge-documents transparent et pratique**<\/p>\n<p>Chaque jour, nous sommes face \u00e0 divers facteurs qui affectent la propret\u00e9 au bureau. Les documents importants doivent \u00eatre prot\u00e9g\u00e9s de la poussi\u00e8re et de la salet\u00e9, in\u00e9vitables dans tout environnement de travail, m\u00eame en cas de nettoyage fr\u00e9quent. <\/p>\n<p>Toutefois, avec le prot\u00e8ge-documents transparent sp\u00e9cial de, vos rapports, factures, pr\u00e9sentations ou contrats critiques sont prot\u00e9g\u00e9s. <\/p>\n<p>+ **Couverture transparente** : vous permet de parcourir facilement la page d&rsquo;accueil de vos documents sans les ouvrir et de trier rapidement plusieurs rapports semblables. <\/p>\n<p>+ **Style professionnel** : vous pouvez donner un style professionnel au rapport le plus simple en y ajoutant une couverture transparente. Ainsi, vous b\u00e9n\u00e9ficierez des meilleures recommandations et \u00e9valuations pour les documents rendus. <\/p>\n<p>+ **Mat\u00e9riau durable** : le prot\u00e8ge-documents est fabriqu\u00e9 \u00e0 partir d&rsquo;un mat\u00e9riau transparent durable mais fin, vous n&rsquo;aurez donc pas \u00e0 sacrifier le style \u00e0 la qualit\u00e9. <\/p>\n<p>+ **Quantit\u00e9 avantageuse** : un paquet compte une centaine de prot\u00e8ge-documents, ce qui vous permettra d&rsquo;en profiter pendant longtemps. <\/p>\n<p>Ne perdez pas votre temps \u00e0 cr\u00e9er des rapports et pr\u00e9sentations- reliez-les simplement \u00e0 l&rsquo;aide de ce prot\u00e8ge-documents transparent et vous serez pr\u00eat \u00e0 partir! Pr\u00e9servez l&rsquo;aspect original des documents importants!<\/p>","protected":false},"excerpt":{"rendered":"<p>Prot\u00e8ge-documents transparent et pratique Chaque jour, nous sommes face \u00e0 divers facteurs qui affectent la propret\u00e9 au bureau. Les documents importants doivent \u00eatre prot\u00e9g\u00e9s de la poussi\u00e8re et de la salet\u00e9, in\u00e9vitables dans tout environnement de trav<\/p>","protected":false},"featured_media":30136,"comment_status":"open","ping_status":"closed","template":"","meta":[],"product_brand":[],"product_cat":[137],"product_tag":[],"class_list":{"0":"post-30137","1":"product","2":"type-product","3":"status-publish","4":"has-post-thumbnail","6":"product_cat-papier","8":"first","9":"instock","10":"shipping-taxable","11":"purchasable","12":"product-type-simple"},"_links":{"self":[{"href":"https:\/\/topprixsarl.ch\/en\/wp-json\/wp\/v2\/product\/30137","targetHints":{"allow":["GET"]}}],"collection":[{"href":"https:\/\/topprixsarl.ch\/en\/wp-json\/wp\/v2\/product"}],"about":[{"href":"https:\/\/topprixsarl.ch\/en\/wp-json\/wp\/v2\/types\/product"}],"replies":[{"embeddable":true,"href":"https:\/\/topprixsarl.ch\/en\/wp-json\/wp\/v2\/comments?post=30137"}],"version-history":[{"count":3,"href":"https:\/\/topprixsarl.ch\/en\/wp-json\/wp\/v2\/product\/30137\/revisions"}],"predecessor-version":[{"id":33377,"href":"https:\/\/topprixsarl.ch\/en\/wp-json\/wp\/v2\/product\/30137\/revisions\/33377"}],"wp:featuredmedia":[{"embeddable":true,"href":"https:\/\/topprixsarl.ch\/en\/wp-json\/wp\/v2\/media\/30136"}],"wp:attachment":[{"href":"https:\/\/topprixsarl.ch\/en\/wp-json\/wp\/v2\/media?parent=30137"}],"wp:term":[{"taxonomy":"product_brand","embeddable":true,"href":"https:\/\/topprixsarl.ch\/en\/wp-json\/wp\/v2\/product_brand?post=30137"},{"taxonomy":"product_cat","embeddable":true,"href":"https:\/\/topprixsarl.ch\/en\/wp-json\/wp\/v2\/product_cat?post=30137"},{"taxonomy":"product_tag","embeddable":true,"href":"https:\/\/topprixsarl.ch\/en\/wp-json\/wp\/v2\/product_tag?post=30137"}],"curies":[{"name":"wp","href":"https:\/\/api.w.org\/{rel}","templated":true}]}}