{"id":30068,"date":"2025-12-27T14:54:13","date_gmt":"2025-12-27T14:54:13","guid":{"rendered":"https:\/\/topprixsarl.ch\/product\/wewash-26-tablette-lave-vaisselle\/"},"modified":"2026-01-14T14:21:32","modified_gmt":"2026-01-14T14:21:32","slug":"wewash-26-tablette-lave-vaisselle","status":"publish","type":"product","link":"https:\/\/topprixsarl.ch\/en\/product-2\/wewash-26-tablette-lave-vaisselle\/","title":{"rendered":"Dishwasher tablets Dr. Schnell 5in1 DSC Compact, pack of 40x20g"},"content":{"rendered":"<p>Les tablettes pour lave-vaisselle Dr. Schnell 5in1 DSC Compact sont une solution innovante pour une vaisselle \u00e9clatante de propret\u00e9 dans votre entreprise.<\/p>\n<p>+ Oxyg\u00e8ne actif : combine les fonctions de d\u00e9tergent, de liquide de rin\u00e7age et de sel r\u00e9g\u00e9n\u00e9rant.<\/p>\n<p>+ Protection durable : prot\u00e8ge contre la corrosion du verre et offre un bouclier efficace pour l\u2019argenterie.<\/p>\n<p>+ Forme solide : tablettes blanches et inodores garantissant un nettoyage impeccable avec un pH de 10,8.<\/p>\n<p>+ \u00c9limination des r\u00e9sidus : formule unique qui \u00e9limine non seulement les r\u00e9sidus tenaces de caf\u00e9 et de th\u00e9, mais prot\u00e8ge \u00e9galement votre vaisselle \u00e0 long terme contre les d\u00e9p\u00f4ts calcaires.<\/p>\n<p>*Notes de bas de page : [ajouter ici si n\u00e9cessaire]<\/p>","protected":false},"excerpt":{"rendered":"<p>Les tablettes pour lave-vaisselle Dr. Schnell 5in1 DSC Compact sont une solution innovante pour une vaisselle \u00e9clatante de propret\u00e9 dans votre entreprise. Gr\u00e2ce \u00e0 l&rsquo;oxyg\u00e8ne actif, ces tablettes combinent les fonctions de d\u00e9tergent, de liquide de rin\u00e7<\/p>","protected":false},"featured_media":30067,"comment_status":"open","ping_status":"closed","template":"","meta":[],"product_brand":[],"product_cat":[139],"product_tag":[],"class_list":{"0":"post-30068","1":"product","2":"type-product","3":"status-publish","4":"has-post-thumbnail","6":"product_cat-lave-vaisselle","8":"first","9":"instock","10":"shipping-taxable","11":"purchasable","12":"product-type-simple"},"_links":{"self":[{"href":"https:\/\/topprixsarl.ch\/en\/wp-json\/wp\/v2\/product\/30068","targetHints":{"allow":["GET"]}}],"collection":[{"href":"https:\/\/topprixsarl.ch\/en\/wp-json\/wp\/v2\/product"}],"about":[{"href":"https:\/\/topprixsarl.ch\/en\/wp-json\/wp\/v2\/types\/product"}],"replies":[{"embeddable":true,"href":"https:\/\/topprixsarl.ch\/en\/wp-json\/wp\/v2\/comments?post=30068"}],"version-history":[{"count":2,"href":"https:\/\/topprixsarl.ch\/en\/wp-json\/wp\/v2\/product\/30068\/revisions"}],"predecessor-version":[{"id":33150,"href":"https:\/\/topprixsarl.ch\/en\/wp-json\/wp\/v2\/product\/30068\/revisions\/33150"}],"wp:featuredmedia":[{"embeddable":true,"href":"https:\/\/topprixsarl.ch\/en\/wp-json\/wp\/v2\/media\/30067"}],"wp:attachment":[{"href":"https:\/\/topprixsarl.ch\/en\/wp-json\/wp\/v2\/media?parent=30068"}],"wp:term":[{"taxonomy":"product_brand","embeddable":true,"href":"https:\/\/topprixsarl.ch\/en\/wp-json\/wp\/v2\/product_brand?post=30068"},{"taxonomy":"product_cat","embeddable":true,"href":"https:\/\/topprixsarl.ch\/en\/wp-json\/wp\/v2\/product_cat?post=30068"},{"taxonomy":"product_tag","embeddable":true,"href":"https:\/\/topprixsarl.ch\/en\/wp-json\/wp\/v2\/product_tag?post=30068"}],"curies":[{"name":"wp","href":"https:\/\/api.w.org\/{rel}","templated":true}]}}