{"id":30028,"date":"2025-12-27T14:50:38","date_gmt":"2025-12-27T14:50:38","guid":{"rendered":"https:\/\/topprixsarl.ch\/product\/vaporisateur-easy-0-5-l-vide\/"},"modified":"2026-01-14T14:21:34","modified_gmt":"2026-01-14T14:21:34","slug":"vaporisateur-easy-0-5-l-vide","status":"publish","type":"product","link":"https:\/\/topprixsarl.ch\/en\/product-2\/vaporisateur-easy-0-5-l-vide\/","title":{"rendered":"Vaporisateur Easy, 0.5 l, vide"},"content":{"rendered":"<p>Pour un nettoyage durable<\/p>\n<p>Un nettoyage durable n&rsquo;est pas seulement bon pour l&rsquo;environnement, mais aussi pour votre entreprise. Avec la bouteille de vaporisation Easy, vous pouvez d\u00e9sormais fabriquer vous-m\u00eame votre solution de nettoyage et ainsi pr\u00e9server l&rsquo;environnement. <\/p>\n<p>Cette bouteille vide peut \u00eatre remplie individuellement avec le nettoyant et vous offre une utilisation pratique et simple pour le nettoyage de vos locaux.<\/p>\n<p>+ Flacon vide vaporisateur Easy fabriqu\u00e9 dans un mat\u00e9riau de haute qualit\u00e9, durable et r\u00e9sistant.<\/p>\n<p>+ Taille pratique permettant de se glisser dans n&rsquo;importe quel chariot de nettoyage et d&rsquo;\u00eatre toujours \u00e0 port\u00e9e de main.<\/p>\n<p>+ En remplissant individuellement, vous contribuez activement \u00e0 la protection de l&rsquo;environnement et \u00e9conomisez en outre les co\u00fbts li\u00e9s \u00e0 l&rsquo;\u00e9limination des bouteilles jetables.<\/p>\n<p>Contribuez \u00e0 la durabilit\u00e9 de votre entreprise par de petits gestes!<\/p>","protected":false},"excerpt":{"rendered":"<p>Pour un nettoyage durableUn nettoyage durable n&rsquo;est pas seulement bon pour l&rsquo;environnement, mais aussi pour votre entreprise. Avec la bouteille de vaporisation Easy, vous pouvez d\u00e9sormais fabriquer vous-m\u00eame votre solution de nettoyage et ainsi pr\u00e9se<\/p>","protected":false},"featured_media":30027,"comment_status":"open","ping_status":"closed","template":"","meta":[],"product_brand":[],"product_cat":[143],"product_tag":[],"class_list":{"0":"post-30028","1":"product","2":"type-product","3":"status-publish","4":"has-post-thumbnail","6":"product_cat-nettoyage","8":"first","9":"instock","10":"shipping-taxable","11":"purchasable","12":"product-type-simple"},"_links":{"self":[{"href":"https:\/\/topprixsarl.ch\/en\/wp-json\/wp\/v2\/product\/30028","targetHints":{"allow":["GET"]}}],"collection":[{"href":"https:\/\/topprixsarl.ch\/en\/wp-json\/wp\/v2\/product"}],"about":[{"href":"https:\/\/topprixsarl.ch\/en\/wp-json\/wp\/v2\/types\/product"}],"replies":[{"embeddable":true,"href":"https:\/\/topprixsarl.ch\/en\/wp-json\/wp\/v2\/comments?post=30028"}],"version-history":[{"count":2,"href":"https:\/\/topprixsarl.ch\/en\/wp-json\/wp\/v2\/product\/30028\/revisions"}],"predecessor-version":[{"id":33220,"href":"https:\/\/topprixsarl.ch\/en\/wp-json\/wp\/v2\/product\/30028\/revisions\/33220"}],"wp:featuredmedia":[{"embeddable":true,"href":"https:\/\/topprixsarl.ch\/en\/wp-json\/wp\/v2\/media\/30027"}],"wp:attachment":[{"href":"https:\/\/topprixsarl.ch\/en\/wp-json\/wp\/v2\/media?parent=30028"}],"wp:term":[{"taxonomy":"product_brand","embeddable":true,"href":"https:\/\/topprixsarl.ch\/en\/wp-json\/wp\/v2\/product_brand?post=30028"},{"taxonomy":"product_cat","embeddable":true,"href":"https:\/\/topprixsarl.ch\/en\/wp-json\/wp\/v2\/product_cat?post=30028"},{"taxonomy":"product_tag","embeddable":true,"href":"https:\/\/topprixsarl.ch\/en\/wp-json\/wp\/v2\/product_tag?post=30028"}],"curies":[{"name":"wp","href":"https:\/\/api.w.org\/{rel}","templated":true}]}}