{"id":30026,"date":"2025-12-27T14:50:27","date_gmt":"2025-12-27T14:50:27","guid":{"rendered":"https:\/\/topprixsarl.ch\/product\/u2-nettoyant-desodorisant-10l-citro\/"},"modified":"2026-01-14T14:21:34","modified_gmt":"2026-01-14T14:21:34","slug":"u2-nettoyant-desodorisant-10l-citro","status":"publish","type":"product","link":"https:\/\/topprixsarl.ch\/en\/product-2\/u2-nettoyant-desodorisant-10l-citro\/","title":{"rendered":"Easy Citro cleaner, 10 l, scented"},"content":{"rendered":"<p>La fra\u00eecheur hygi\u00e9nique pour vos locaux<\/p>\n<p>En tant qu&rsquo;entreprise, vous savez \u00e0 quel point il est important que vos locaux soient hygi\u00e9niquement propres et sentent bon le frais. C&rsquo;est en effet la seule fa\u00e7on d&rsquo;offrir une atmosph\u00e8re agr\u00e9able \u00e0 vos clients et \u00e0 vos collaborateurs. <\/p>\n<p>Notre nettoyant parfum\u00e9 Easy Citro vous permet d&rsquo;y parvenir de mani\u00e8re simple et efficace.<\/p>\n<p>+ Nettoyant hautement concentr\u00e9 qui nettoie en profondeur<br \/>\n+ D\u00e9sodorise vos toilettes, salles de bains, douches et vestiaires<br \/>\n+ \u00c9limine durablement les odeurs d\u00e9sagr\u00e9ables gr\u00e2ce \u00e0 son parfum agr\u00e9able<br \/>\n+ Convient pour toutes les surfaces lavables, y compris :<br \/>\n  &#8211; Sols<br \/>\n  &#8211; Objets en porcelaine sanitaire<br \/>\n  &#8211; C\u00e9ramique<br \/>\n  &#8211; \u00c9mail<br \/>\n  &#8211; Plastique<br \/>\n  &#8211; Chrome<br \/>\n  &#8211; Acier chrom\u00e9<br \/>\n  &#8211; Surfaces peintes et vernies<br \/>\n  &#8211; Verre et miroirs  <\/p>\n<p>Avec seulement 1 \u00e0 2 dl pour 10 litres d&rsquo;eau (1 \u00e0 2%), vous obtenez d\u00e9j\u00e0 une propret\u00e9 et une fra\u00eecheur hygi\u00e9niques.<\/p>\n<p>Pour les salissures tenaces, vous pouvez appliquer Easy Citro directement sur une \u00e9ponge, un chiffon ou un pad \u00e0 main et traiter localement. <\/p>\n<p>Vous cr\u00e9ez une atmosph\u00e8re agr\u00e9able et propre pour les clients et les employ\u00e9s!<\/p>\n<p>Produit dangereux.<br \/>\nRespecter les pr\u00e9cautions d\u2019emploi indiqu\u00e9es sur la fiche de donn\u00e9es de s\u00e9curit\u00e9.*<\/p>","protected":false},"excerpt":{"rendered":"<p>La fra\u00eecheur hygi\u00e9nique pour vos locauxEn tant qu&rsquo;entreprise, vous savez \u00e0 quel point il est important que vos locaux soient hygi\u00e9niquement propres et sentent bon le frais. C&rsquo;est en effet la seule fa\u00e7on d&rsquo;offrir une atmosph\u00e8re agr\u00e9able \u00e0 vos clients <\/p>","protected":false},"featured_media":30025,"comment_status":"open","ping_status":"closed","template":"","meta":[],"product_brand":[],"product_cat":[143],"product_tag":[],"class_list":{"0":"post-30026","1":"product","2":"type-product","3":"status-publish","4":"has-post-thumbnail","6":"product_cat-nettoyage","8":"first","9":"instock","10":"shipping-taxable","11":"purchasable","12":"product-type-simple"},"_links":{"self":[{"href":"https:\/\/topprixsarl.ch\/en\/wp-json\/wp\/v2\/product\/30026","targetHints":{"allow":["GET"]}}],"collection":[{"href":"https:\/\/topprixsarl.ch\/en\/wp-json\/wp\/v2\/product"}],"about":[{"href":"https:\/\/topprixsarl.ch\/en\/wp-json\/wp\/v2\/types\/product"}],"replies":[{"embeddable":true,"href":"https:\/\/topprixsarl.ch\/en\/wp-json\/wp\/v2\/comments?post=30026"}],"version-history":[{"count":2,"href":"https:\/\/topprixsarl.ch\/en\/wp-json\/wp\/v2\/product\/30026\/revisions"}],"predecessor-version":[{"id":33100,"href":"https:\/\/topprixsarl.ch\/en\/wp-json\/wp\/v2\/product\/30026\/revisions\/33100"}],"wp:featuredmedia":[{"embeddable":true,"href":"https:\/\/topprixsarl.ch\/en\/wp-json\/wp\/v2\/media\/30025"}],"wp:attachment":[{"href":"https:\/\/topprixsarl.ch\/en\/wp-json\/wp\/v2\/media?parent=30026"}],"wp:term":[{"taxonomy":"product_brand","embeddable":true,"href":"https:\/\/topprixsarl.ch\/en\/wp-json\/wp\/v2\/product_brand?post=30026"},{"taxonomy":"product_cat","embeddable":true,"href":"https:\/\/topprixsarl.ch\/en\/wp-json\/wp\/v2\/product_cat?post=30026"},{"taxonomy":"product_tag","embeddable":true,"href":"https:\/\/topprixsarl.ch\/en\/wp-json\/wp\/v2\/product_tag?post=30026"}],"curies":[{"name":"wp","href":"https:\/\/api.w.org\/{rel}","templated":true}]}}