{"id":30019,"date":"2025-12-27T14:49:45","date_gmt":"2025-12-27T14:49:45","guid":{"rendered":"https:\/\/topprixsarl.ch\/product\/mouchoir-cosmetique-3-couches-100-mouchoirs\/"},"modified":"2026-01-14T14:21:35","modified_gmt":"2026-01-14T14:21:35","slug":"mouchoir-cosmetique-3-couches-100-mouchoirs","status":"publish","type":"product","link":"https:\/\/topprixsarl.ch\/en\/product-2\/mouchoir-cosmetique-3-couches-100-mouchoirs\/","title":{"rendered":"Cosmetic towels Kleenex 8824, 3-ply, box of 72 pieces"},"content":{"rendered":"<p>Les mouchoirs cosm\u00e9tiques Kleenex 8824 \u00e0 3 plis sont le choix id\u00e9al pour toute entreprise valorisant la qualit\u00e9 et la durabilit\u00e9. <\/p>\n<p>+ Doux, robustes et absorbants<br \/>\n+ Contiennent un baume protecteur \u00e0 la calendula qui prot\u00e8ge et apaise la peau<br \/>\n+ Fabriqu\u00e9s \u00e0 partir de fibres de bois issues de for\u00eats certifi\u00e9es FSC, soutenant ainsi une gestion foresti\u00e8re responsable  <\/p>\n<p>Les mouchoirs cosm\u00e9tiques Kleenex 8824 offrent non seulement une performance et une douceur exceptionnelles, mais contribuent \u00e9galement \u00e0 une image professionnelle. Ils sont parfaits pour une utilisation dans les bureaux et les h\u00f4tels o\u00f9 des \u00e9quipements de haute qualit\u00e9 sont appr\u00e9ci\u00e9s. <\/p>\n<p>+ Distribution feuille \u00e0 feuille pour contr\u00f4ler les co\u00fbts et assurer une utilisation efficace  <\/p>\n<p>Optez pour les mouchoirs cosm\u00e9tiques Kleenex 8824 et offrez \u00e0 vos clients et employ\u00e9s une exp\u00e9rience luxueuse et respectueuse de l&rsquo;environnement !<\/p>","protected":false},"excerpt":{"rendered":"<p>Les mouchoirs cosm\u00e9tiques Kleenex 8824 \u00e0 3 plis sont le choix id\u00e9al pour toute entreprise valorisant la qualit\u00e9 et la durabilit\u00e9. Ces mouchoirs doux, robustes et absorbants contiennent un baume protecteur \u00e0 la calendula qui prot\u00e8ge et apaise la peau.<\/p>","protected":false},"featured_media":30018,"comment_status":"open","ping_status":"closed","template":"","meta":[],"product_brand":[],"product_cat":[137],"product_tag":[],"class_list":{"0":"post-30019","1":"product","2":"type-product","3":"status-publish","4":"has-post-thumbnail","6":"product_cat-papier","8":"first","9":"instock","10":"shipping-taxable","11":"purchasable","12":"product-type-simple"},"_links":{"self":[{"href":"https:\/\/topprixsarl.ch\/en\/wp-json\/wp\/v2\/product\/30019","targetHints":{"allow":["GET"]}}],"collection":[{"href":"https:\/\/topprixsarl.ch\/en\/wp-json\/wp\/v2\/product"}],"about":[{"href":"https:\/\/topprixsarl.ch\/en\/wp-json\/wp\/v2\/types\/product"}],"replies":[{"embeddable":true,"href":"https:\/\/topprixsarl.ch\/en\/wp-json\/wp\/v2\/comments?post=30019"}],"version-history":[{"count":2,"href":"https:\/\/topprixsarl.ch\/en\/wp-json\/wp\/v2\/product\/30019\/revisions"}],"predecessor-version":[{"id":33070,"href":"https:\/\/topprixsarl.ch\/en\/wp-json\/wp\/v2\/product\/30019\/revisions\/33070"}],"wp:featuredmedia":[{"embeddable":true,"href":"https:\/\/topprixsarl.ch\/en\/wp-json\/wp\/v2\/media\/30018"}],"wp:attachment":[{"href":"https:\/\/topprixsarl.ch\/en\/wp-json\/wp\/v2\/media?parent=30019"}],"wp:term":[{"taxonomy":"product_brand","embeddable":true,"href":"https:\/\/topprixsarl.ch\/en\/wp-json\/wp\/v2\/product_brand?post=30019"},{"taxonomy":"product_cat","embeddable":true,"href":"https:\/\/topprixsarl.ch\/en\/wp-json\/wp\/v2\/product_cat?post=30019"},{"taxonomy":"product_tag","embeddable":true,"href":"https:\/\/topprixsarl.ch\/en\/wp-json\/wp\/v2\/product_tag?post=30019"}],"curies":[{"name":"wp","href":"https:\/\/api.w.org\/{rel}","templated":true}]}}