{"id":30017,"date":"2025-12-27T14:49:35","date_gmt":"2025-12-27T14:49:35","guid":{"rendered":"https:\/\/topprixsarl.ch\/product\/descosept-sensitive-wipes-lingettes-20-x-22-cm-box-a-60-pieces\/"},"modified":"2026-01-14T14:21:35","modified_gmt":"2026-01-14T14:21:35","slug":"descosept-sensitive-wipes-lingettes-20-x-22-cm-box-a-60-pieces","status":"publish","type":"product","link":"https:\/\/topprixsarl.ch\/en\/product-2\/descosept-sensitive-wipes-lingettes-20-x-22-cm-box-a-60-pieces\/","title":{"rendered":"Descosept Sensitive disinfectant wipes, white, 60-pack"},"content":{"rendered":"<p>Nettoyant tout usage pour un bureau scintillant<\/p>\n<p>Le printemps est enfin arriv\u00e9 et devinez quoi? C&rsquo;est l&rsquo;heure du grand m\u00e9nage de printemps! Comme vous devez ranger tout le bureau, vous feriez mieux d&rsquo;\u00eatre \u00e9quip\u00e9 d&rsquo;un bon nettoyant tout usage. Un seul d\u00e9tergent pour toutes les surfaces facilitera grandement le travail.<\/p>\n<p>+ Nettoyant tout usage Diversey con\u00e7u pour un nettoyage professionnel.<\/p>\n<p>+ Convient \u00e0 toutes les surfaces : sols, murs, portes et plafonds, soit pour tout ce qui se trouve sur votre lieu de travail.<\/p>\n<p>+ D&rsquo;origine v\u00e9g\u00e9tale, 100 % biod\u00e9gradable.<\/p>\n<p>+ Produit garanti sans danger pour la sant\u00e9 et l&rsquo;environnement.<\/p>\n<p>Que le grand nettoyage commence!<\/p>\n<p>Produit biocide<\/p>\n<p>Les produits biocides doivent \u00eatre utilis\u00e9s avec pr\u00e9caution. Veuillez lire l\u2019\u00e9tiquette et la notice d\u2019emballage avant toute utilisation.<\/p>\n<p>Produit dangereux. Respecter les pr\u00e9cautions d\u2019emploi indiqu\u00e9es sur la fiche de donn\u00e9es de s\u00e9curit\u00e9.<\/p>","protected":false},"excerpt":{"rendered":"<p>Nettoyant tout usage pour un bureau scintillant Le printemps est enfin arriv\u00e9 et devinez quoi? C&rsquo;est l&rsquo;heure du grand m\u00e9nage de printemps! Comme vous devez ranger tout le bureau, vous feriez mieux d&rsquo;\u00eatre \u00e9quip\u00e9 d&rsquo;un bon nettoyant tout usage. Un seul <\/p>","protected":false},"featured_media":30016,"comment_status":"open","ping_status":"closed","template":"","meta":[],"product_brand":[],"product_cat":[143],"product_tag":[],"class_list":{"0":"post-30017","1":"product","2":"type-product","3":"status-publish","4":"has-post-thumbnail","6":"product_cat-nettoyage","8":"first","9":"instock","10":"shipping-taxable","11":"purchasable","12":"product-type-simple"},"_links":{"self":[{"href":"https:\/\/topprixsarl.ch\/en\/wp-json\/wp\/v2\/product\/30017","targetHints":{"allow":["GET"]}}],"collection":[{"href":"https:\/\/topprixsarl.ch\/en\/wp-json\/wp\/v2\/product"}],"about":[{"href":"https:\/\/topprixsarl.ch\/en\/wp-json\/wp\/v2\/types\/product"}],"replies":[{"embeddable":true,"href":"https:\/\/topprixsarl.ch\/en\/wp-json\/wp\/v2\/comments?post=30017"}],"version-history":[{"count":2,"href":"https:\/\/topprixsarl.ch\/en\/wp-json\/wp\/v2\/product\/30017\/revisions"}],"predecessor-version":[{"id":33062,"href":"https:\/\/topprixsarl.ch\/en\/wp-json\/wp\/v2\/product\/30017\/revisions\/33062"}],"wp:featuredmedia":[{"embeddable":true,"href":"https:\/\/topprixsarl.ch\/en\/wp-json\/wp\/v2\/media\/30016"}],"wp:attachment":[{"href":"https:\/\/topprixsarl.ch\/en\/wp-json\/wp\/v2\/media?parent=30017"}],"wp:term":[{"taxonomy":"product_brand","embeddable":true,"href":"https:\/\/topprixsarl.ch\/en\/wp-json\/wp\/v2\/product_brand?post=30017"},{"taxonomy":"product_cat","embeddable":true,"href":"https:\/\/topprixsarl.ch\/en\/wp-json\/wp\/v2\/product_cat?post=30017"},{"taxonomy":"product_tag","embeddable":true,"href":"https:\/\/topprixsarl.ch\/en\/wp-json\/wp\/v2\/product_tag?post=30017"}],"curies":[{"name":"wp","href":"https:\/\/api.w.org\/{rel}","templated":true}]}}