{"id":30015,"date":"2025-12-27T14:49:23","date_gmt":"2025-12-27T14:49:23","guid":{"rendered":"https:\/\/topprixsarl.ch\/product\/p6-creme-a-recurer-1-kg\/"},"modified":"2026-01-14T14:21:35","modified_gmt":"2026-01-14T14:21:35","slug":"p6-creme-a-recurer-1-kg","status":"publish","type":"product","link":"https:\/\/topprixsarl.ch\/en\/product-2\/p6-creme-a-recurer-1-kg\/","title":{"rendered":"Scrubbing cream Diversey R7 Pur-Eco, 0.5 liters, ecological"},"content":{"rendered":"<p>Une v\u00e9ritable splendeur! Un nettoyage sans effort et des r\u00e9sultats parfaits font plaisir! C&rsquo;est d&rsquo;autant plus agr\u00e9able lorsque vous pouvez ensuite vous r\u00e9jouir de r\u00e9sultats brillants et que tout le processus est en outre durable et respectueux de l&rsquo;environnement. Pour une propret\u00e9 brillante et une conscience absolument tranquille.<\/p>\n<p>+ Cr\u00e8me nettoyante R7 Pur-Eco pr\u00eate \u00e0 l&#8217;emploi, polyvalente et exempte de substances abrasives pour toutes les surfaces dures et r\u00e9sistantes \u00e0 l&rsquo;eau.<\/p>\n<p>Elle peut \u00eatre utilis\u00e9e imm\u00e9diatement et sans \u00eatre dilu\u00e9e: il suffit de l&rsquo;appliquer sur un chiffon ou une \u00e9ponge humide et de passer la main sur les surfaces &#8211; les salissures les plus tenaces sont ainsi \u00e9limin\u00e9es rapidement et sans effort.<\/p>\n<p>+ Viscosit\u00e9 id\u00e9ale pour une r\u00e9partition optimale sur les surfaces.<\/p>\n<p>Il suffit ensuite de rincer le nettoyant \u00e0 l&rsquo;eau claire et de l&rsquo;essuyer. Pour une brillance particuli\u00e8re, vous pouvez polir avec un chiffon sec et propre et vous refl\u00e9ter dans la puret\u00e9 \u00e9clatante de vos surfaces.<\/p>\n<p>+ Faites briller vos surfaces!<\/p>\n<p>12 bouteilles \/ carton<br \/>\n54 cartons \/ palette (=648 bouteilles \/ palette)<\/p>","protected":false},"excerpt":{"rendered":"<p>Une v\u00e9ritable splendeur! Un nettoyage sans effort et des r\u00e9sultats parfaits font plaisir! C&rsquo;est d&rsquo;autant plus agr\u00e9able lorsque vous pouvez ensuite vous r\u00e9jouir de r\u00e9sultats brillants et que tout le processus est en outre durable et respectueux de l&rsquo;e<\/p>","protected":false},"featured_media":30014,"comment_status":"open","ping_status":"closed","template":"","meta":[],"product_brand":[],"product_cat":[143],"product_tag":[],"class_list":{"0":"post-30015","1":"product","2":"type-product","3":"status-publish","4":"has-post-thumbnail","6":"product_cat-nettoyage","8":"first","9":"instock","10":"shipping-taxable","11":"purchasable","12":"product-type-simple"},"_links":{"self":[{"href":"https:\/\/topprixsarl.ch\/en\/wp-json\/wp\/v2\/product\/30015","targetHints":{"allow":["GET"]}}],"collection":[{"href":"https:\/\/topprixsarl.ch\/en\/wp-json\/wp\/v2\/product"}],"about":[{"href":"https:\/\/topprixsarl.ch\/en\/wp-json\/wp\/v2\/types\/product"}],"replies":[{"embeddable":true,"href":"https:\/\/topprixsarl.ch\/en\/wp-json\/wp\/v2\/comments?post=30015"}],"version-history":[{"count":2,"href":"https:\/\/topprixsarl.ch\/en\/wp-json\/wp\/v2\/product\/30015\/revisions"}],"predecessor-version":[{"id":33058,"href":"https:\/\/topprixsarl.ch\/en\/wp-json\/wp\/v2\/product\/30015\/revisions\/33058"}],"wp:featuredmedia":[{"embeddable":true,"href":"https:\/\/topprixsarl.ch\/en\/wp-json\/wp\/v2\/media\/30014"}],"wp:attachment":[{"href":"https:\/\/topprixsarl.ch\/en\/wp-json\/wp\/v2\/media?parent=30015"}],"wp:term":[{"taxonomy":"product_brand","embeddable":true,"href":"https:\/\/topprixsarl.ch\/en\/wp-json\/wp\/v2\/product_brand?post=30015"},{"taxonomy":"product_cat","embeddable":true,"href":"https:\/\/topprixsarl.ch\/en\/wp-json\/wp\/v2\/product_cat?post=30015"},{"taxonomy":"product_tag","embeddable":true,"href":"https:\/\/topprixsarl.ch\/en\/wp-json\/wp\/v2\/product_tag?post=30015"}],"curies":[{"name":"wp","href":"https:\/\/api.w.org\/{rel}","templated":true}]}}