{"id":30013,"date":"2025-12-27T14:49:12","date_gmt":"2025-12-27T14:49:12","guid":{"rendered":"https:\/\/topprixsarl.ch\/product\/masques-medicaux-typiir-blau-boite-de-50-pcs-avec-elastiques-en14683\/"},"modified":"2026-01-14T14:21:35","modified_gmt":"2026-01-14T14:21:35","slug":"masques-medicaux-typiir-blau-boite-de-50-pcs-avec-elastiques-en14683","status":"publish","type":"product","link":"https:\/\/topprixsarl.ch\/en\/product-2\/masques-medicaux-typiir-blau-boite-de-50-pcs-avec-elastiques-en14683\/","title":{"rendered":"Medical mask St\u00f6ckli type IIR, pack of 50 pieces, non-woven fabric"},"content":{"rendered":"<p>**Masque Premium &#8211; Protection Premium**<\/p>\n<p>Que ce soit dans des situations exceptionnelles comme les pand\u00e9mies ou dans le travail quotidien parce que les r\u00e8gles d&rsquo;hygi\u00e8ne l&rsquo;exigent : aujourd&rsquo;hui, tout le monde est en contact avec des masques et des protections buccales. L&rsquo;essentiel est de respecter les normes et de b\u00e9n\u00e9ficier d&rsquo;une protection confortable lorsqu&rsquo;on doit les porter pendant plusieurs heures.<\/p>\n<p>Les masques m\u00e9dicaux Premium type II R de St\u00f6ckli Medical vous prot\u00e8gent, vous et votre entourage, contre > 99% de toutes les bact\u00e9ries. Leur qualit\u00e9 sup\u00e9rieure permet de les utiliser dans les h\u00f4pitaux, dans la plupart des professions ou \u00e0 la maison pour la protection personnelle. <\/p>\n<p>+ Certifi\u00e9s selon la norme EN 14683<\/p>\n<p>+ Agr\u00e9ables \u00e0 porter pendant une longue p\u00e9riode<\/p>\n<p>+ Faible r\u00e9sistance respiratoire<\/p>\n<p>+ R\u00e9sistants aux \u00e9claboussures de liquides<\/p>\n<p>Prenez soin de vous!<\/p>","protected":false},"excerpt":{"rendered":"<p>Masque Premium &#8211; protection PremiumQue ce soit dans des situations exceptionnelles comme les pand\u00e9mies ou dans le travail quotidien parce que les r\u00e8gles d&rsquo;hygi\u00e8ne l&rsquo;exigent: Aujourd&rsquo;hui, tout le monde est en contact avec des masques et des protection<\/p>","protected":false},"featured_media":30012,"comment_status":"open","ping_status":"closed","template":"","meta":[],"product_brand":[],"product_cat":[141],"product_tag":[],"class_list":{"0":"post-30013","1":"product","2":"type-product","3":"status-publish","4":"has-post-thumbnail","6":"product_cat-covid-19","8":"first","9":"instock","10":"shipping-taxable","11":"purchasable","12":"product-type-simple"},"_links":{"self":[{"href":"https:\/\/topprixsarl.ch\/en\/wp-json\/wp\/v2\/product\/30013","targetHints":{"allow":["GET"]}}],"collection":[{"href":"https:\/\/topprixsarl.ch\/en\/wp-json\/wp\/v2\/product"}],"about":[{"href":"https:\/\/topprixsarl.ch\/en\/wp-json\/wp\/v2\/types\/product"}],"replies":[{"embeddable":true,"href":"https:\/\/topprixsarl.ch\/en\/wp-json\/wp\/v2\/comments?post=30013"}],"version-history":[{"count":2,"href":"https:\/\/topprixsarl.ch\/en\/wp-json\/wp\/v2\/product\/30013\/revisions"}],"predecessor-version":[{"id":33054,"href":"https:\/\/topprixsarl.ch\/en\/wp-json\/wp\/v2\/product\/30013\/revisions\/33054"}],"wp:featuredmedia":[{"embeddable":true,"href":"https:\/\/topprixsarl.ch\/en\/wp-json\/wp\/v2\/media\/30012"}],"wp:attachment":[{"href":"https:\/\/topprixsarl.ch\/en\/wp-json\/wp\/v2\/media?parent=30013"}],"wp:term":[{"taxonomy":"product_brand","embeddable":true,"href":"https:\/\/topprixsarl.ch\/en\/wp-json\/wp\/v2\/product_brand?post=30013"},{"taxonomy":"product_cat","embeddable":true,"href":"https:\/\/topprixsarl.ch\/en\/wp-json\/wp\/v2\/product_cat?post=30013"},{"taxonomy":"product_tag","embeddable":true,"href":"https:\/\/topprixsarl.ch\/en\/wp-json\/wp\/v2\/product_tag?post=30013"}],"curies":[{"name":"wp","href":"https:\/\/api.w.org\/{rel}","templated":true}]}}