{"id":30007,"date":"2025-12-27T14:48:41","date_gmt":"2025-12-27T14:48:41","guid":{"rendered":"https:\/\/topprixsarl.ch\/product\/gant-nitril-ultra-soft-lavender-xl-non-poudre-boites-de-200-pieces\/"},"modified":"2026-01-21T00:20:49","modified_gmt":"2026-01-21T00:20:49","slug":"gant-nitril-ultra-soft-lavender-xl-non-poudre-boites-de-200-pieces","status":"publish","type":"product","link":"https:\/\/topprixsarl.ch\/en\/product-2\/gant-nitril-ultra-soft-lavender-xl-non-poudre-boites-de-200-pieces\/","title":{"rendered":"Disposable nitrile gloves NITRYLEX CLASSIC, size XL, pack of 100 pcs, blue"},"content":{"rendered":"<p>La diversit\u00e9 est un succ\u00e8s. Qui veut jamais devoir utiliser plusieurs ustensiles pour les diff\u00e9rents domaines d\u2019utilisation si on a la simple option d\u2019amener chez soi un talent universel? Il est encore plus aga\u00e7ant si ces ustensiles sont encombrants, car l\u2019espace occup\u00e9 pourrait \u00eatre exploit\u00e9 diff\u00e9remment\u2026<\/p>\n<p>Si vous avez besoin de gants pour diff\u00e9rents buts, les Nitrylex Classic sont un bon choix. <\/p>\n<p>+ Classic powder-free gloves<br \/>\n+ Imperm\u00e9ables aux bact\u00e9ries, aux champignons et aux virus<br \/>\n+ Micro-texture avec des bouts de doigts textur\u00e9s davantage<br \/>\n+ Conformes aux diff\u00e9rentes normes de l\u2019UE  <\/p>\n<p>Mais ce qui caract\u00e9rise ces gants jetables est leur diversit\u00e9. Ils sont particuli\u00e8rement adapt\u00e9s pour le m\u00e9nage ou l\u2019industrie alimentaire (production de l\u00e9gumes et de fruits ou pour la transformation de la viande et des l\u00e9gumes). Par ailleurs, ils peuvent \u00e9galement \u00eatre utilis\u00e9s dans des situations non st\u00e9riles dans le domaine de la sant\u00e9 ou dans l\u2019industrie. <\/p>\n<p>Why buy several models if one model fits all? Bring universal talent into your home!<\/p>","protected":false},"excerpt":{"rendered":"<p>Diversity is success Who ever wants to have to use several utensils for different areas of use if you have the simple option of bringing home a universal talent? It's even more annoying if these utensils are cumbersome, <\/p>","protected":false},"featured_media":30006,"comment_status":"open","ping_status":"closed","template":"","meta":[],"product_brand":[],"product_cat":[140],"product_tag":[],"class_list":{"0":"post-30007","1":"product","2":"type-product","3":"status-publish","4":"has-post-thumbnail","6":"product_cat-gants","7":"pa_taille-l","8":"pa_taille-m","9":"pa_taille-s","10":"pa_taille-xl","11":"pa_taille-xs","13":"first","14":"instock","15":"shipping-taxable","16":"purchasable","17":"product-type-variable"},"_links":{"self":[{"href":"https:\/\/topprixsarl.ch\/en\/wp-json\/wp\/v2\/product\/30007","targetHints":{"allow":["GET"]}}],"collection":[{"href":"https:\/\/topprixsarl.ch\/en\/wp-json\/wp\/v2\/product"}],"about":[{"href":"https:\/\/topprixsarl.ch\/en\/wp-json\/wp\/v2\/types\/product"}],"replies":[{"embeddable":true,"href":"https:\/\/topprixsarl.ch\/en\/wp-json\/wp\/v2\/comments?post=30007"}],"version-history":[{"count":2,"href":"https:\/\/topprixsarl.ch\/en\/wp-json\/wp\/v2\/product\/30007\/revisions"}],"predecessor-version":[{"id":33011,"href":"https:\/\/topprixsarl.ch\/en\/wp-json\/wp\/v2\/product\/30007\/revisions\/33011"}],"wp:featuredmedia":[{"embeddable":true,"href":"https:\/\/topprixsarl.ch\/en\/wp-json\/wp\/v2\/media\/30006"}],"wp:attachment":[{"href":"https:\/\/topprixsarl.ch\/en\/wp-json\/wp\/v2\/media?parent=30007"}],"wp:term":[{"taxonomy":"product_brand","embeddable":true,"href":"https:\/\/topprixsarl.ch\/en\/wp-json\/wp\/v2\/product_brand?post=30007"},{"taxonomy":"product_cat","embeddable":true,"href":"https:\/\/topprixsarl.ch\/en\/wp-json\/wp\/v2\/product_cat?post=30007"},{"taxonomy":"product_tag","embeddable":true,"href":"https:\/\/topprixsarl.ch\/en\/wp-json\/wp\/v2\/product_tag?post=30007"}],"curies":[{"name":"wp","href":"https:\/\/api.w.org\/{rel}","templated":true}]}}