{"id":29999,"date":"2025-12-27T14:47:57","date_gmt":"2025-12-27T14:47:57","guid":{"rendered":"https:\/\/topprixsarl.ch\/product\/d5-gel-desinfection-mains-5l\/"},"modified":"2026-01-14T14:21:36","modified_gmt":"2026-01-14T14:21:36","slug":"d5-gel-desinfection-mains-5l","status":"publish","type":"product","link":"https:\/\/topprixsarl.ch\/en\/product-2\/d5-gel-desinfection-mains-5l\/","title":{"rendered":"Colose disinfectant gel, 5 liters, for hands"},"content":{"rendered":"<p>**Protection totale garantie**<\/p>\n<p>Celui qui fait la navette entre son domicile et son lieu de travail en utilisant les transports publics voudra certainement se laver les mains apr\u00e8s. Ou encore, dans un b\u00e2timent comptant de nombreux utilisateurs, il vaut la peine d&rsquo;essuyer r\u00e9guli\u00e8rement les poign\u00e9es de porte. <\/p>\n<p>Mais que se passe-t-il si la personne charg\u00e9e du nettoyage n&rsquo;est pas souvent au bureau et que les collaborateurs ne vont pas se laver les mains imm\u00e9diatement apr\u00e8s \u00eatre entr\u00e9s dans les toilettes ? Dans ce cas, un produit d\u00e9sinfectant peut \u00eatre utile &#8211; par exemple le produit de Colose. <\/p>\n<p>Ce produit s&rsquo;occupe de mani\u00e8re fiable des bact\u00e9ries et des virus sur vos mains. C&rsquo;est surtout tr\u00e8s avantageux si vous n&rsquo;avez pas le temps de vous rendre aux toilettes les plus proches. Ce d\u00e9sinfectant ne n\u00e9cessite pas d&rsquo;eau suppl\u00e9mentaire. <\/p>\n<p>Prot\u00e9gez vos collaborateurs avec des moyens simples !<\/p>\n<p>**Accessoires adapt\u00e9s :**<br \/>\n+ 19853777 Station de distribution automatique JVD Yaliss, 1 litre, noir<br \/>\n+ 19853802 Station de distribution automatique JVD Yaliss, 1 litre, blanc<\/p>\n<p>**Produit biocide**<\/p>\n<p>Les produits biocides doivent \u00eatre utilis\u00e9s avec pr\u00e9caution. Veuillez lire l\u2019\u00e9tiquette et la notice d\u2019emballage avant toute utilisation. Produit dangereux. <\/p>\n<p>Respecter les pr\u00e9cautions d\u2019emploi indiqu\u00e9es sur la fiche de donn\u00e9es de s\u00e9curit\u00e9.<\/p>","protected":false},"excerpt":{"rendered":"<p>Protection totale garantie Celui qui fait la navette entre son domicile et son lieu de travail en utilisant les transports publics voudra certainement se laver les mains apr\u00e8s. Ou encore, dans un b\u00e2timent comptant de nombreux utilisateurs, il vaut la<\/p>","protected":false},"featured_media":29998,"comment_status":"open","ping_status":"closed","template":"","meta":[],"product_brand":[],"product_cat":[143],"product_tag":[],"class_list":{"0":"post-29999","1":"product","2":"type-product","3":"status-publish","4":"has-post-thumbnail","6":"product_cat-nettoyage","8":"first","9":"instock","10":"shipping-taxable","11":"purchasable","12":"product-type-simple"},"_links":{"self":[{"href":"https:\/\/topprixsarl.ch\/en\/wp-json\/wp\/v2\/product\/29999","targetHints":{"allow":["GET"]}}],"collection":[{"href":"https:\/\/topprixsarl.ch\/en\/wp-json\/wp\/v2\/product"}],"about":[{"href":"https:\/\/topprixsarl.ch\/en\/wp-json\/wp\/v2\/types\/product"}],"replies":[{"embeddable":true,"href":"https:\/\/topprixsarl.ch\/en\/wp-json\/wp\/v2\/comments?post=29999"}],"version-history":[{"count":2,"href":"https:\/\/topprixsarl.ch\/en\/wp-json\/wp\/v2\/product\/29999\/revisions"}],"predecessor-version":[{"id":33007,"href":"https:\/\/topprixsarl.ch\/en\/wp-json\/wp\/v2\/product\/29999\/revisions\/33007"}],"wp:featuredmedia":[{"embeddable":true,"href":"https:\/\/topprixsarl.ch\/en\/wp-json\/wp\/v2\/media\/29998"}],"wp:attachment":[{"href":"https:\/\/topprixsarl.ch\/en\/wp-json\/wp\/v2\/media?parent=29999"}],"wp:term":[{"taxonomy":"product_brand","embeddable":true,"href":"https:\/\/topprixsarl.ch\/en\/wp-json\/wp\/v2\/product_brand?post=29999"},{"taxonomy":"product_cat","embeddable":true,"href":"https:\/\/topprixsarl.ch\/en\/wp-json\/wp\/v2\/product_cat?post=29999"},{"taxonomy":"product_tag","embeddable":true,"href":"https:\/\/topprixsarl.ch\/en\/wp-json\/wp\/v2\/product_tag?post=29999"}],"curies":[{"name":"wp","href":"https:\/\/api.w.org\/{rel}","templated":true}]}}