{"id":29997,"date":"2025-12-27T14:47:46","date_gmt":"2025-12-27T14:47:46","guid":{"rendered":"https:\/\/topprixsarl.ch\/product\/couvre-chaussures-bleu-40my-15cm-de-haut-45cm-de-long\/"},"modified":"2026-01-14T14:21:36","modified_gmt":"2026-01-14T14:21:36","slug":"couvre-chaussures-bleu-40my-15cm-de-haut-45cm-de-long","status":"publish","type":"product","link":"https:\/\/topprixsarl.ch\/en\/product-2\/couvre-chaussures-bleu-40my-15cm-de-haut-45cm-de-long\/","title":{"rendered":"Couvre-chaussures Standard Hygostar 2850, PE, 41cm, bleu, paquet de 100 pi\u00e8ces"},"content":{"rendered":"<p>Des couvre-chaussures qui minimisent le risque de salir le sol. <\/p>\n<p>Lorsque vous travaillez dans l&rsquo;industrie alimentaire, le risque que des sols sales puissent affecter les produits alimentaires par des germes est tr\u00e8s \u00e9lev\u00e9. Les couvre-chaussures jetables Hygostar peuvent facilement minimiser ces risques. <\/p>\n<p>+ Fabriqu\u00e9s en mat\u00e9riau \u00e9pais, flexible et durable. <\/p>\n<p>+ Leur \u00e9paisseur les rend faciles \u00e0 porter. <\/p>\n<p>+ Chevilles \u00e9lastiques pour un ajustement parfait \u00e0 vos chaussures, garantissant qu\u2019ils ne glissent pas en marchant. <\/p>\n<p>+ Surface interne lisse pour un nettoyage et un entretien faciles. <\/p>\n<p>+ L\u00e9gers et faciles \u00e0 transporter sans prendre trop de place. <\/p>\n<p>Veillez \u00e0 ce que les sols de production alimentaire ne soient pas contamin\u00e9s par des germes sales.*<\/p>","protected":false},"excerpt":{"rendered":"<p>Des couvre-chaussures qui minimisent le risque de salir le sol Lorsque vous travaillez dans l&rsquo;industrie alimentaire, le risque que des sols sales puissent affecter les produits alimentaires par des germes est tr\u00e8s \u00e9lev\u00e9. Les couvre-chaussures jetable<\/p>","protected":false},"featured_media":29996,"comment_status":"open","ping_status":"closed","template":"","meta":[],"product_brand":[],"product_cat":[143],"product_tag":[],"class_list":{"0":"post-29997","1":"product","2":"type-product","3":"status-publish","4":"has-post-thumbnail","6":"product_cat-nettoyage","8":"first","9":"instock","10":"shipping-taxable","11":"purchasable","12":"product-type-simple"},"_links":{"self":[{"href":"https:\/\/topprixsarl.ch\/en\/wp-json\/wp\/v2\/product\/29997","targetHints":{"allow":["GET"]}}],"collection":[{"href":"https:\/\/topprixsarl.ch\/en\/wp-json\/wp\/v2\/product"}],"about":[{"href":"https:\/\/topprixsarl.ch\/en\/wp-json\/wp\/v2\/types\/product"}],"replies":[{"embeddable":true,"href":"https:\/\/topprixsarl.ch\/en\/wp-json\/wp\/v2\/comments?post=29997"}],"version-history":[{"count":2,"href":"https:\/\/topprixsarl.ch\/en\/wp-json\/wp\/v2\/product\/29997\/revisions"}],"predecessor-version":[{"id":33001,"href":"https:\/\/topprixsarl.ch\/en\/wp-json\/wp\/v2\/product\/29997\/revisions\/33001"}],"wp:featuredmedia":[{"embeddable":true,"href":"https:\/\/topprixsarl.ch\/en\/wp-json\/wp\/v2\/media\/29996"}],"wp:attachment":[{"href":"https:\/\/topprixsarl.ch\/en\/wp-json\/wp\/v2\/media?parent=29997"}],"wp:term":[{"taxonomy":"product_brand","embeddable":true,"href":"https:\/\/topprixsarl.ch\/en\/wp-json\/wp\/v2\/product_brand?post=29997"},{"taxonomy":"product_cat","embeddable":true,"href":"https:\/\/topprixsarl.ch\/en\/wp-json\/wp\/v2\/product_cat?post=29997"},{"taxonomy":"product_tag","embeddable":true,"href":"https:\/\/topprixsarl.ch\/en\/wp-json\/wp\/v2\/product_tag?post=29997"}],"curies":[{"name":"wp","href":"https:\/\/api.w.org\/{rel}","templated":true}]}}