{"id":29987,"date":"2025-12-27T14:46:47","date_gmt":"2025-12-27T14:46:47","guid":{"rendered":"https:\/\/topprixsarl.ch\/product\/s2-wc-reiniger-forte-750-ml\/"},"modified":"2026-01-14T14:21:36","modified_gmt":"2026-01-14T14:21:36","slug":"s2-wc-reiniger-forte-750-ml","status":"publish","type":"product","link":"https:\/\/topprixsarl.ch\/en\/product-2\/s2-wc-reiniger-forte-750-ml\/","title":{"rendered":"Nettoyant pour toilettes Easy, parfum\u00e9, 750 ml"},"content":{"rendered":"<p>Des toilettes parfaitement propres<\/p>\n<p>Si vous poss\u00e9dez un bureau, des toilettes impeccables sont extr\u00eamement importantes. Les toilettes doivent toujours \u00eatre parfaitement propres et sentir bon. Ce nettoyant peut vous aider dans cette t\u00e2che.<\/p>\n<p>+ Nettoyant pour WC visqueux qui agit contre le calcaire et les traces d&rsquo;urine.<\/p>\n<p>+ D\u00e9velopp\u00e9 pour le nettoyage de tous les WC et urinoirs.<\/p>\n<p>+ Contient des acides inorganiques et des tensioactifs non ioniques.<\/p>\n<p>Offrez \u00e0 vos clients des toilettes propres !<\/p>\n<p>* 12 bouteilles \/ carton<br \/>\n* 52 cartons \/ palette (= 624 bouteilles \/ palette)  <\/p>\n<p>Produit dangereux. Respecter les pr\u00e9cautions d\u2019emploi indiqu\u00e9es sur la fiche de donn\u00e9es de s\u00e9curit\u00e9.<\/p>","protected":false},"excerpt":{"rendered":"<p>Des toilettes parfaitement propres Si vous poss\u00e9dez un bureau, des toilettes impeccables sont extr\u00eamement importantes. Les toilettes doivent toujours \u00eatre parfaitement propres et sentir bon. Ce nettoyant peut vous aider dans cette t\u00e2che. Ce nettoyant<\/p>","protected":false},"featured_media":29986,"comment_status":"open","ping_status":"closed","template":"","meta":[],"product_brand":[],"product_cat":[143],"product_tag":[],"class_list":{"0":"post-29987","1":"product","2":"type-product","3":"status-publish","4":"has-post-thumbnail","6":"product_cat-nettoyage","8":"first","9":"instock","10":"shipping-taxable","11":"purchasable","12":"product-type-simple"},"_links":{"self":[{"href":"https:\/\/topprixsarl.ch\/en\/wp-json\/wp\/v2\/product\/29987","targetHints":{"allow":["GET"]}}],"collection":[{"href":"https:\/\/topprixsarl.ch\/en\/wp-json\/wp\/v2\/product"}],"about":[{"href":"https:\/\/topprixsarl.ch\/en\/wp-json\/wp\/v2\/types\/product"}],"replies":[{"embeddable":true,"href":"https:\/\/topprixsarl.ch\/en\/wp-json\/wp\/v2\/comments?post=29987"}],"version-history":[{"count":2,"href":"https:\/\/topprixsarl.ch\/en\/wp-json\/wp\/v2\/product\/29987\/revisions"}],"predecessor-version":[{"id":32957,"href":"https:\/\/topprixsarl.ch\/en\/wp-json\/wp\/v2\/product\/29987\/revisions\/32957"}],"wp:featuredmedia":[{"embeddable":true,"href":"https:\/\/topprixsarl.ch\/en\/wp-json\/wp\/v2\/media\/29986"}],"wp:attachment":[{"href":"https:\/\/topprixsarl.ch\/en\/wp-json\/wp\/v2\/media?parent=29987"}],"wp:term":[{"taxonomy":"product_brand","embeddable":true,"href":"https:\/\/topprixsarl.ch\/en\/wp-json\/wp\/v2\/product_brand?post=29987"},{"taxonomy":"product_cat","embeddable":true,"href":"https:\/\/topprixsarl.ch\/en\/wp-json\/wp\/v2\/product_cat?post=29987"},{"taxonomy":"product_tag","embeddable":true,"href":"https:\/\/topprixsarl.ch\/en\/wp-json\/wp\/v2\/product_tag?post=29987"}],"curies":[{"name":"wp","href":"https:\/\/api.w.org\/{rel}","templated":true}]}}