{"id":29983,"date":"2025-12-27T14:46:25","date_gmt":"2025-12-27T14:46:25","guid":{"rendered":"https:\/\/topprixsarl.ch\/product\/manche-alu-anodise-d-23-5-mm-l-1400-mm-2\/"},"modified":"2026-01-14T14:21:36","modified_gmt":"2026-01-14T14:21:36","slug":"manche-alu-anodise-d-23-5-mm-l-1400-mm-2","status":"publish","type":"product","link":"https:\/\/topprixsarl.ch\/en\/product-2\/manche-alu-anodise-d-23-5-mm-l-1400-mm-2\/","title":{"rendered":"anodized aluminium handle d. 23.5 mm \/ L. 1400 mm"},"content":{"rendered":"<p>Un tour de magie contre vos taches de graisse <\/p>\n<p>Maria poss\u00e8de une blanchisserie professionnelle : elle s&rsquo;occupe des v\u00eatements de toute la ville. Aujourd&rsquo;hui, elle doit nettoyer une belle robe de soir\u00e9e, tach\u00e9e de graisse. Pour l&rsquo;enlever, Maria d\u00e9cide d&rsquo;utiliser ce produit de Diversey. <\/p>\n<p>+ **Clax 100 S** est un nettoyant liquide tr\u00e8s puissant. <\/p>\n<p>Compos\u00e9 d\u2019une s\u00e9lection d&rsquo;agents de surface non ioniques, il est id\u00e9al pour \u00e9liminer les taches de graisse et d&rsquo;huile. <\/p>\n<p>+ L\u2019agent neutre de renforcement du nettoyage a un fort effet mouillant, \u00e9mulsifiant et dispersant et \u00e9vite \u00e0 la salet\u00e9 dissoute d&rsquo;\u00eatre absorb\u00e9e par le tissu. <\/p>\n<p>+ Clax 100 S am\u00e9liore les performances de lavage de tous les d\u00e9tergents Diversey et permet de laver les v\u00eatements de travail et le linge de table tr\u00e8s sales, en coton et tissus m\u00e9lang\u00e9s. <\/p>\n<p>+ Il est certifi\u00e9 Nordic Swan, il est donc respectueux de l&rsquo;environnement ! <\/p>\n<p>Optez pour un nettoyant fiable !<\/p>","protected":false},"excerpt":{"rendered":"<p>Un tour de magie contre vos taches de graisse Maria poss\u00e8de une blanchisserie professionnelle: elle s&rsquo;occupe des v\u00eatements de toute la ville. Aujourd&rsquo;hui, elle doit nettoyer une belle robe de soir\u00e9e, tach\u00e9e de graisse. Pour l&rsquo;enlever, Maria d\u00e9cide d&rsquo;<\/p>","protected":false},"featured_media":29982,"comment_status":"open","ping_status":"closed","template":"","meta":[],"product_brand":[],"product_cat":[144],"product_tag":[],"class_list":{"0":"post-29983","1":"product","2":"type-product","3":"status-publish","4":"has-post-thumbnail","6":"product_cat-lessive-textile","8":"first","9":"instock","10":"shipping-taxable","11":"purchasable","12":"product-type-simple"},"_links":{"self":[{"href":"https:\/\/topprixsarl.ch\/en\/wp-json\/wp\/v2\/product\/29983","targetHints":{"allow":["GET"]}}],"collection":[{"href":"https:\/\/topprixsarl.ch\/en\/wp-json\/wp\/v2\/product"}],"about":[{"href":"https:\/\/topprixsarl.ch\/en\/wp-json\/wp\/v2\/types\/product"}],"replies":[{"embeddable":true,"href":"https:\/\/topprixsarl.ch\/en\/wp-json\/wp\/v2\/comments?post=29983"}],"version-history":[{"count":2,"href":"https:\/\/topprixsarl.ch\/en\/wp-json\/wp\/v2\/product\/29983\/revisions"}],"predecessor-version":[{"id":33214,"href":"https:\/\/topprixsarl.ch\/en\/wp-json\/wp\/v2\/product\/29983\/revisions\/33214"}],"wp:featuredmedia":[{"embeddable":true,"href":"https:\/\/topprixsarl.ch\/en\/wp-json\/wp\/v2\/media\/29982"}],"wp:attachment":[{"href":"https:\/\/topprixsarl.ch\/en\/wp-json\/wp\/v2\/media?parent=29983"}],"wp:term":[{"taxonomy":"product_brand","embeddable":true,"href":"https:\/\/topprixsarl.ch\/en\/wp-json\/wp\/v2\/product_brand?post=29983"},{"taxonomy":"product_cat","embeddable":true,"href":"https:\/\/topprixsarl.ch\/en\/wp-json\/wp\/v2\/product_cat?post=29983"},{"taxonomy":"product_tag","embeddable":true,"href":"https:\/\/topprixsarl.ch\/en\/wp-json\/wp\/v2\/product_tag?post=29983"}],"curies":[{"name":"wp","href":"https:\/\/api.w.org\/{rel}","templated":true}]}}