{"id":29979,"date":"2025-12-27T14:46:02","date_gmt":"2025-12-27T14:46:02","guid":{"rendered":"https:\/\/topprixsarl.ch\/product\/clipper-tronic-40-cm-polyester-coton-microfibre\/"},"modified":"2026-01-14T14:21:37","modified_gmt":"2026-01-14T14:21:37","slug":"clipper-tronic-40-cm-polyester-coton-microfibre","status":"publish","type":"product","link":"https:\/\/topprixsarl.ch\/en\/product-2\/clipper-tronic-40-cm-polyester-coton-microfibre\/","title":{"rendered":"Clipper Tronic 40 cm polyester, cotton, microfiber"},"content":{"rendered":"<p>Nettoyer efficacement les liquides renvers\u00e9s<\/p>\n<p>Vous avez besoin de faire une pause dans votre emploi du temps charg\u00e9 et souhaitez boire une tasse de th\u00e9 ou de caf\u00e9. Bien que vous soyez \u00e0 la machine \u00e0 caf\u00e9, vos pens\u00e9es sont de nouveau \u00e0 votre bureau. C&rsquo;est dans des moments comme celui-ci qu&rsquo;un manque de concentration vous pousse \u00e0 renverser votre boisson sur le sol. <\/p>\n<p>L\u00e0, vous pouvez soit \u00e9ponger le liquide avec de nombreuses serviettes. Mais cela risque de laisser une tache sur le sol si vous ne faites rien d&rsquo;autre. Heureusement, votre concierge sait ce qu&rsquo;il faut faire. <\/p>\n<p>+ Serpilli\u00e8re sp\u00e9ciale Taski MicroEasy Multimop, con\u00e7ue pour le nettoyage g\u00e9n\u00e9ral et l&rsquo;essuyage. <\/p>\n<p>Cette serpilli\u00e8re absorbe beaucoup d&rsquo;eau, ce qui permet de l&rsquo;utiliser pour de grandes surfaces. <\/p>\n<p>+ Id\u00e9al pour le nettoyage de liquides renvers\u00e9s ou lorsqu&rsquo;il n&rsquo;est pas n\u00e9cessaire de respecter des r\u00e8gles et r\u00e9glementations sp\u00e9cifiques en mati\u00e8re d&rsquo;hygi\u00e8ne. <\/p>\n<p>C&rsquo;est vraiment un balai \u00e0 franges extr\u00eamement efficace. Elle peut \u00e9galement \u00eatre lav\u00e9e et r\u00e9utilis\u00e9e plusieurs fois si n\u00e9cessaire. <\/p>\n<p>+ Sortie de la machine \u00e0 laver comme neuve. <\/p>\n<p>Regardez le support de balai (11218039) ainsi que le manche t\u00e9lescopique (12.175.117) qui ont \u00e9t\u00e9 fabriqu\u00e9s pour s&rsquo;adapter \u00e0 ce balai. <\/p>\n<p>+ Utilisez cette serpilli\u00e8re pour le nettoyage quotidien!<\/p>","protected":false},"excerpt":{"rendered":"<p>Nettoyer efficacement les liquides renvers\u00e9s Vous avez besoin de faire une pause dans votre emploi du temps charg\u00e9 et souhaitez boire une tasse de th\u00e9 ou de caf\u00e9. Bien que vous soyez \u00e0 la machine \u00e0 caf\u00e9, vos pens\u00e9es sont de nouveau \u00e0 votre bureau. C&rsquo;<\/p>","protected":false},"featured_media":29978,"comment_status":"open","ping_status":"closed","template":"","meta":[],"product_brand":[],"product_cat":[143],"product_tag":[],"class_list":{"0":"post-29979","1":"product","2":"type-product","3":"status-publish","4":"has-post-thumbnail","6":"product_cat-nettoyage","8":"first","9":"instock","10":"shipping-taxable","11":"purchasable","12":"product-type-simple"},"_links":{"self":[{"href":"https:\/\/topprixsarl.ch\/en\/wp-json\/wp\/v2\/product\/29979","targetHints":{"allow":["GET"]}}],"collection":[{"href":"https:\/\/topprixsarl.ch\/en\/wp-json\/wp\/v2\/product"}],"about":[{"href":"https:\/\/topprixsarl.ch\/en\/wp-json\/wp\/v2\/types\/product"}],"replies":[{"embeddable":true,"href":"https:\/\/topprixsarl.ch\/en\/wp-json\/wp\/v2\/comments?post=29979"}],"version-history":[{"count":2,"href":"https:\/\/topprixsarl.ch\/en\/wp-json\/wp\/v2\/product\/29979\/revisions"}],"predecessor-version":[{"id":33213,"href":"https:\/\/topprixsarl.ch\/en\/wp-json\/wp\/v2\/product\/29979\/revisions\/33213"}],"wp:featuredmedia":[{"embeddable":true,"href":"https:\/\/topprixsarl.ch\/en\/wp-json\/wp\/v2\/media\/29978"}],"wp:attachment":[{"href":"https:\/\/topprixsarl.ch\/en\/wp-json\/wp\/v2\/media?parent=29979"}],"wp:term":[{"taxonomy":"product_brand","embeddable":true,"href":"https:\/\/topprixsarl.ch\/en\/wp-json\/wp\/v2\/product_brand?post=29979"},{"taxonomy":"product_cat","embeddable":true,"href":"https:\/\/topprixsarl.ch\/en\/wp-json\/wp\/v2\/product_cat?post=29979"},{"taxonomy":"product_tag","embeddable":true,"href":"https:\/\/topprixsarl.ch\/en\/wp-json\/wp\/v2\/product_tag?post=29979"}],"curies":[{"name":"wp","href":"https:\/\/api.w.org\/{rel}","templated":true}]}}