{"id":29973,"date":"2025-12-27T14:45:30","date_gmt":"2025-12-27T14:45:30","guid":{"rendered":"https:\/\/topprixsarl.ch\/product\/wetex-50-10-l-lessive-liquide-30-95c-sans-agent-de-blanchiment\/"},"modified":"2026-01-14T14:21:37","modified_gmt":"2026-01-14T14:21:37","slug":"wetex-50-10-l-lessive-liquide-30-95c-sans-agent-de-blanchiment","status":"publish","type":"product","link":"https:\/\/topprixsarl.ch\/en\/product-2\/wetex-50-10-l-lessive-liquide-30-95c-sans-agent-de-blanchiment\/","title":{"rendered":"Lessive universelle Diversey Omo Pro Formula Colour, pack de 2&#215;5 litres"},"content":{"rendered":"<p>Le choix des professionnels<\/p>\n<p>Le succ\u00e8s d&rsquo;une entreprise repose sur un \u00e9quipement de haute qualit\u00e9, le personnel d\u2019entretien et le souci du d\u00e9tail. Ces principes ont fait de votre laverie une entreprise rentable et populaire au sein de la communaut\u00e9 locale. Les clients affichent un sourire radieux, en ramassant leurs v\u00eatements parfaitement propres avec un minimum de tracas et un excellent service. <\/p>\n<p>Comment faites-vous, au juste? On vous surnomme le magicien du lavage dans cette ville. Vous ne l&rsquo;\u00eates pas, mais cette lessive Omo Professional Sensitive Eco est presque magique. <\/p>\n<p>+ Sa formule efficace combat les taches les plus tenaces.<br \/>\n+ L\u00e0 o\u00f9 les autres d\u00e9tergents abandonnent, Omo continue.<br \/>\n+ Taches d&rsquo;herbe: aucune chance.<br \/>\n+ \u00c9claboussures de graisse: disparues.<br \/>\n+ Taches de caf\u00e9 disgracieuses: disparues!  <\/p>\n<p>Un paquet contient deux flacons de 4,32 L pour faire des lessives deux fois plus longtemps. <\/p>\n<p>Ne craignez pas que cette lessive n&rsquo;endommage les fibres d\u00e9licates. La formule, con\u00e7ue par des experts, est douce pour les v\u00eatements et assure des r\u00e9sultats superbes. Apr\u00e8s chaque lavage, vous ne faites pas que nettoyer les v\u00eatements, vous leur redonnez vie. <\/p>\n<p>Faites confiance \u00e0 cette lessive! <\/p>\n<p>Produit dangereux. Respecter les pr\u00e9cautions d\u2019emploi indiqu\u00e9es sur la fiche de donn\u00e9es de s\u00e9curit\u00e9.*<\/p>","protected":false},"excerpt":{"rendered":"<p>Le choix des professionnels Le succ\u00e8s d&rsquo;une entreprise repose sur un \u00e9quipement de haute qualit\u00e9, le personnel d\u2019entretien et le souci du d\u00e9tail. Ces principes ont fait de votre laverie une entreprise rentable et populaire au sein de la communaut\u00e9 lo<\/p>","protected":false},"featured_media":29972,"comment_status":"open","ping_status":"closed","template":"","meta":[],"product_brand":[],"product_cat":[144],"product_tag":[],"class_list":{"0":"post-29973","1":"product","2":"type-product","3":"status-publish","4":"has-post-thumbnail","6":"product_cat-lessive-textile","8":"first","9":"instock","10":"shipping-taxable","11":"purchasable","12":"product-type-simple"},"_links":{"self":[{"href":"https:\/\/topprixsarl.ch\/en\/wp-json\/wp\/v2\/product\/29973","targetHints":{"allow":["GET"]}}],"collection":[{"href":"https:\/\/topprixsarl.ch\/en\/wp-json\/wp\/v2\/product"}],"about":[{"href":"https:\/\/topprixsarl.ch\/en\/wp-json\/wp\/v2\/types\/product"}],"replies":[{"embeddable":true,"href":"https:\/\/topprixsarl.ch\/en\/wp-json\/wp\/v2\/comments?post=29973"}],"version-history":[{"count":2,"href":"https:\/\/topprixsarl.ch\/en\/wp-json\/wp\/v2\/product\/29973\/revisions"}],"predecessor-version":[{"id":32923,"href":"https:\/\/topprixsarl.ch\/en\/wp-json\/wp\/v2\/product\/29973\/revisions\/32923"}],"wp:featuredmedia":[{"embeddable":true,"href":"https:\/\/topprixsarl.ch\/en\/wp-json\/wp\/v2\/media\/29972"}],"wp:attachment":[{"href":"https:\/\/topprixsarl.ch\/en\/wp-json\/wp\/v2\/media?parent=29973"}],"wp:term":[{"taxonomy":"product_brand","embeddable":true,"href":"https:\/\/topprixsarl.ch\/en\/wp-json\/wp\/v2\/product_brand?post=29973"},{"taxonomy":"product_cat","embeddable":true,"href":"https:\/\/topprixsarl.ch\/en\/wp-json\/wp\/v2\/product_cat?post=29973"},{"taxonomy":"product_tag","embeddable":true,"href":"https:\/\/topprixsarl.ch\/en\/wp-json\/wp\/v2\/product_tag?post=29973"}],"curies":[{"name":"wp","href":"https:\/\/api.w.org\/{rel}","templated":true}]}}