{"id":29969,"date":"2025-12-27T14:45:04","date_gmt":"2025-12-27T14:45:04","guid":{"rendered":"https:\/\/topprixsarl.ch\/product\/manche-alu-anodise-d-23-5-mm-l-1400-mm\/"},"modified":"2026-01-14T14:21:37","modified_gmt":"2026-01-14T14:21:37","slug":"manche-alu-anodise-d-23-5-mm-l-1400-mm","status":"publish","type":"product","link":"https:\/\/topprixsarl.ch\/en\/product-2\/manche-alu-anodise-d-23-5-mm-l-1400-mm\/","title":{"rendered":"anodized aluminium handle d. 23.5 mm \/ L. 1400 mm"},"content":{"rendered":"<p>Une baguette magique pour nettoyer<\/p>\n<p>Aujourd&rsquo;hui est un grand jour pour George. Il en avait marre de son vieux balai \u00e0 franges inconfortable. Aujourd&rsquo;hui, il s&rsquo;est cass\u00e9 \u00e0 cause d&rsquo;un coup n\u00e9gligent contre la plinthe. Un fiasco, dites-vous? Non, c&rsquo;est vraiment bon signe, il a d\u00e9sormais le manche r\u00e9glable Taski, ce qui lui facilite la vie.<\/p>\n<p>+ Nettoyage simplifi\u00e9 gr\u00e2ce \u00e0 un manche ergonomique qui permet de le saisir fermement, m\u00eame avec des gants mouill\u00e9s.<\/p>\n<p>+ Fini les t\u00e2ches difficiles et les endroits difficiles d\u2019acc\u00e8s gr\u00e2ce au syst\u00e8me pratique de r\u00e9glage de la longueur (120-180 cm).<\/p>\n<p>Pour un nettoyage normal du sol, vous pouvez r\u00e9gler la longueur minimale et travailler habilement avec un balai \u00e0 franges. Si vous devez essuyer un plafond haut, un endroit sous le canap\u00e9 ou derri\u00e8re l&rsquo;armoire, ce n&rsquo;est pas un probl\u00e8me. Tout est maintenant \u00e0 port\u00e9e de main, gr\u00e2ce au manche extensible.<\/p>\n<p>+ Manche universel adapt\u00e9 \u00e0 un grand nombre de serpill\u00e8res et de supports Taski diff\u00e9rents.<\/p>\n<p>De plus, il ne se casse pas. Le m\u00e9tal durable r\u00e9siste parfaitement aux dommages caus\u00e9s par les agents d\u2019entretien les plus n\u00e9gligents. Cet assistant vous assurera donc un nettoyage facile pendant longtemps.<\/p>\n<p>+ Ne laissez aucun endroit sale derri\u00e8re vous!<\/p>","protected":false},"excerpt":{"rendered":"<p>Une baguette magique pour nettoyer Aujourd&rsquo;hui est un grand jour pour George. Il en avait marre de son vieux balai \u00e0 franges inconfortable. Aujourd&rsquo;hui, il s&rsquo;est cass\u00e9 \u00e0 cause d&rsquo;un coup n\u00e9gligent contre la plinthe. Un fiasco, dites-vous? Non, c&rsquo;est v<\/p>","protected":false},"featured_media":29968,"comment_status":"open","ping_status":"closed","template":"","meta":[],"product_brand":[],"product_cat":[143],"product_tag":[],"class_list":{"0":"post-29969","1":"product","2":"type-product","3":"status-publish","4":"has-post-thumbnail","6":"product_cat-nettoyage","8":"first","9":"instock","10":"shipping-taxable","11":"purchasable","12":"product-type-simple"},"_links":{"self":[{"href":"https:\/\/topprixsarl.ch\/en\/wp-json\/wp\/v2\/product\/29969","targetHints":{"allow":["GET"]}}],"collection":[{"href":"https:\/\/topprixsarl.ch\/en\/wp-json\/wp\/v2\/product"}],"about":[{"href":"https:\/\/topprixsarl.ch\/en\/wp-json\/wp\/v2\/types\/product"}],"replies":[{"embeddable":true,"href":"https:\/\/topprixsarl.ch\/en\/wp-json\/wp\/v2\/comments?post=29969"}],"version-history":[{"count":2,"href":"https:\/\/topprixsarl.ch\/en\/wp-json\/wp\/v2\/product\/29969\/revisions"}],"predecessor-version":[{"id":33210,"href":"https:\/\/topprixsarl.ch\/en\/wp-json\/wp\/v2\/product\/29969\/revisions\/33210"}],"wp:featuredmedia":[{"embeddable":true,"href":"https:\/\/topprixsarl.ch\/en\/wp-json\/wp\/v2\/media\/29968"}],"wp:attachment":[{"href":"https:\/\/topprixsarl.ch\/en\/wp-json\/wp\/v2\/media?parent=29969"}],"wp:term":[{"taxonomy":"product_brand","embeddable":true,"href":"https:\/\/topprixsarl.ch\/en\/wp-json\/wp\/v2\/product_brand?post=29969"},{"taxonomy":"product_cat","embeddable":true,"href":"https:\/\/topprixsarl.ch\/en\/wp-json\/wp\/v2\/product_cat?post=29969"},{"taxonomy":"product_tag","embeddable":true,"href":"https:\/\/topprixsarl.ch\/en\/wp-json\/wp\/v2\/product_tag?post=29969"}],"curies":[{"name":"wp","href":"https:\/\/api.w.org\/{rel}","templated":true}]}}