{"id":29959,"date":"2025-12-27T14:44:07","date_gmt":"2025-12-27T14:44:07","guid":{"rendered":"https:\/\/topprixsarl.ch\/product\/savon-mains-liquide-lyreco-5l\/"},"modified":"2026-01-14T14:21:39","modified_gmt":"2026-01-14T14:21:39","slug":"savon-mains-liquide-lyreco-5l","status":"publish","type":"product","link":"https:\/\/topprixsarl.ch\/en\/product-2\/savon-mains-liquide-lyreco-5l\/","title":{"rendered":"Liquid hand soap- Ecolabel- 5 L tin"},"content":{"rendered":"<p>Un savon \u00e0 mains non seulement agr\u00e9able, mais efficace. <\/p>\n<p>Il va y avoir une exposition de voitures \u00e0 c\u00f4t\u00e9 de votre station-service, ce qui signifie beaucoup de clients potentiels. Vous avez d\u00e9j\u00e0 install\u00e9 un gril \u00e0 hot-dogs et \u00e9largi le menu. Vous avez m\u00eame pens\u00e9 \u00e0 l&rsquo;hygi\u00e8ne, avec un bon savon pour les toilettes. Cependant, le savon est petit et s&rsquo;\u00e9puisera rapidement. <\/p>\n<p>Il y a une alternative: le savon liquide. <\/p>\n<p>+ Grand bidon de 5 litres pour une hygi\u00e8ne impeccable dans vos sanitaires. <\/p>\n<p>+ Parfait pour le distributeur 1.0195.317 pour une efficacit\u00e9 maximale. <\/p>\n<p>Juste une gicl\u00e9e et toute la salet\u00e9 et les germes ont disparu, ne laissant que des mains propres et douces. <\/p>\n<p>+ pH doux de 7, ne causant pas de s\u00e9cheresse ou d&rsquo;irritation, id\u00e9al pour une utilisation quotidienne. <\/p>\n<p>Non seulement il \u00e9limine les germes et vous donne la peau douce, mais il a aussi un beau parfum frais. <\/p>\n<p>+ Certificat de label \u00e9cologique de l&rsquo;UE, vous n&rsquo;avez pas \u00e0 vous soucier des dommages caus\u00e9s \u00e0 l&rsquo;environnement. <\/p>\n<p>Obtenez une grande quantit\u00e9 de savon de haute qualit\u00e9!<\/p>","protected":false},"excerpt":{"rendered":"<p>Un savon \u00e0 mains non seulement agr\u00e9able, mais efficace Il va y avoir une exposition de voitures \u00e0 c\u00f4t\u00e9 de votre station-service, ce qui signifie beaucoup de clients potentiels. Vous avez d\u00e9j\u00e0 install\u00e9 un gril \u00e0 hot-dogs et \u00e9largi le menu. Vous avez m<\/p>","protected":false},"featured_media":29958,"comment_status":"open","ping_status":"closed","template":"","meta":[],"product_brand":[],"product_cat":[143],"product_tag":[],"class_list":{"0":"post-29959","1":"product","2":"type-product","3":"status-publish","4":"has-post-thumbnail","6":"product_cat-nettoyage","8":"first","9":"instock","10":"shipping-taxable","11":"purchasable","12":"product-type-simple"},"_links":{"self":[{"href":"https:\/\/topprixsarl.ch\/en\/wp-json\/wp\/v2\/product\/29959","targetHints":{"allow":["GET"]}}],"collection":[{"href":"https:\/\/topprixsarl.ch\/en\/wp-json\/wp\/v2\/product"}],"about":[{"href":"https:\/\/topprixsarl.ch\/en\/wp-json\/wp\/v2\/types\/product"}],"replies":[{"embeddable":true,"href":"https:\/\/topprixsarl.ch\/en\/wp-json\/wp\/v2\/comments?post=29959"}],"version-history":[{"count":3,"href":"https:\/\/topprixsarl.ch\/en\/wp-json\/wp\/v2\/product\/29959\/revisions"}],"predecessor-version":[{"id":33382,"href":"https:\/\/topprixsarl.ch\/en\/wp-json\/wp\/v2\/product\/29959\/revisions\/33382"}],"wp:featuredmedia":[{"embeddable":true,"href":"https:\/\/topprixsarl.ch\/en\/wp-json\/wp\/v2\/media\/29958"}],"wp:attachment":[{"href":"https:\/\/topprixsarl.ch\/en\/wp-json\/wp\/v2\/media?parent=29959"}],"wp:term":[{"taxonomy":"product_brand","embeddable":true,"href":"https:\/\/topprixsarl.ch\/en\/wp-json\/wp\/v2\/product_brand?post=29959"},{"taxonomy":"product_cat","embeddable":true,"href":"https:\/\/topprixsarl.ch\/en\/wp-json\/wp\/v2\/product_cat?post=29959"},{"taxonomy":"product_tag","embeddable":true,"href":"https:\/\/topprixsarl.ch\/en\/wp-json\/wp\/v2\/product_tag?post=29959"}],"curies":[{"name":"wp","href":"https:\/\/api.w.org\/{rel}","templated":true}]}}