{"id":29951,"date":"2025-12-27T14:43:24","date_gmt":"2025-12-27T14:43:24","guid":{"rendered":"https:\/\/topprixsarl.ch\/product\/sacs-a-ordures-qb-60l-42my-rlx-de-10-sacs\/"},"modified":"2026-01-14T14:21:39","modified_gmt":"2026-01-14T14:21:39","slug":"sacs-a-ordures-qb-60l-42my-rlx-de-10-sacs","status":"publish","type":"product","link":"https:\/\/topprixsarl.ch\/en\/product-2\/sacs-a-ordures-qb-60l-42my-rlx-de-10-sacs\/","title":{"rendered":"OKS HD\/PE 110 l garbage bag with closing strip, roll of 10 pcs."},"content":{"rendered":"<p>Garder l&rsquo;environnement sans d\u00e9chets avec de gros sacs solides.<\/p>\n<p>Sortir les ordures semble \u00eatre l&rsquo;une des t\u00e2ches les plus \u00e9prouvantes et les plus d\u00e9plaisantes. Les sacs poubelles peuvent se d\u00e9chirer et les d\u00e9chets se r\u00e9pandre sur les sols r\u00e9cemment lav\u00e9s. C&rsquo;est p\u00e9nible, n&rsquo;est-ce pas? Ce n\u2019est plus un probl\u00e8me avec des sacs poubelle appropri\u00e9s.<\/p>\n<p>Ces rouleaux de sacs Easy Waste seront parfaits pour les grandes installations qui ont chaque jour des d\u00e9chets. <\/p>\n<p>+ Poly\u00e9thyl\u00e8ne haute densit\u00e9 tr\u00e8s durable et ind\u00e9chirable.<br \/>\n+ Ne r\u00e9agit pas aux temp\u00e9ratures et ne se d\u00e9chire pas facilement!<br \/>\n+ Chaque sac poubelle a une capacit\u00e9 de 110 litres, ce qui suffit pour des t\u00e2ches de grande envergure.<br \/>\n+ Parfaits pour la cuisine et les aires de repas, les toilettes ou les espaces communs des employ\u00e9s et visiteurs.<br \/>\n+ Les fermetures \u00e0 ruban garantissent qu&rsquo;aucun d\u00e9chet ne tombera pendant le transport.  <\/p>\n<p>Traitez les d\u00e9chets de mani\u00e8re confortable!<\/p>\n<p>15 rouleaux \/ carton<br \/>\n70 cartons \/ palette (=1050 rouleaux \/ palette)<\/p>","protected":false},"excerpt":{"rendered":"<p>Garder l&rsquo;environnement sans d\u00e9chets avec de gros sacs solides Sortir les ordures semble \u00eatre l&rsquo;une des t\u00e2ches les plus \u00e9prouvantes et les plus d\u00e9plaisantes. Les sacs poubelles peuvent se d\u00e9chirer et les d\u00e9chets se r\u00e9pandre sur les sols r\u00e9cemment lav\u00e9<\/p>","protected":false},"featured_media":29950,"comment_status":"open","ping_status":"closed","template":"","meta":[],"product_brand":[],"product_cat":[138],"product_tag":[],"class_list":{"0":"post-29951","1":"product","2":"type-product","3":"status-publish","4":"has-post-thumbnail","6":"product_cat-sac-a-dechet","8":"first","9":"instock","10":"shipping-taxable","11":"purchasable","12":"product-type-simple"},"_links":{"self":[{"href":"https:\/\/topprixsarl.ch\/en\/wp-json\/wp\/v2\/product\/29951","targetHints":{"allow":["GET"]}}],"collection":[{"href":"https:\/\/topprixsarl.ch\/en\/wp-json\/wp\/v2\/product"}],"about":[{"href":"https:\/\/topprixsarl.ch\/en\/wp-json\/wp\/v2\/types\/product"}],"replies":[{"embeddable":true,"href":"https:\/\/topprixsarl.ch\/en\/wp-json\/wp\/v2\/comments?post=29951"}],"version-history":[{"count":2,"href":"https:\/\/topprixsarl.ch\/en\/wp-json\/wp\/v2\/product\/29951\/revisions"}],"predecessor-version":[{"id":32846,"href":"https:\/\/topprixsarl.ch\/en\/wp-json\/wp\/v2\/product\/29951\/revisions\/32846"}],"wp:featuredmedia":[{"embeddable":true,"href":"https:\/\/topprixsarl.ch\/en\/wp-json\/wp\/v2\/media\/29950"}],"wp:attachment":[{"href":"https:\/\/topprixsarl.ch\/en\/wp-json\/wp\/v2\/media?parent=29951"}],"wp:term":[{"taxonomy":"product_brand","embeddable":true,"href":"https:\/\/topprixsarl.ch\/en\/wp-json\/wp\/v2\/product_brand?post=29951"},{"taxonomy":"product_cat","embeddable":true,"href":"https:\/\/topprixsarl.ch\/en\/wp-json\/wp\/v2\/product_cat?post=29951"},{"taxonomy":"product_tag","embeddable":true,"href":"https:\/\/topprixsarl.ch\/en\/wp-json\/wp\/v2\/product_tag?post=29951"}],"curies":[{"name":"wp","href":"https:\/\/api.w.org\/{rel}","templated":true}]}}