{"id":29945,"date":"2025-12-27T14:42:49","date_gmt":"2025-12-27T14:42:49","guid":{"rendered":"https:\/\/topprixsarl.ch\/product\/sac-a-dechets-ficelle-110-l-rouleau-de-10-pieces-pe-noir-50-my-recycl\/"},"modified":"2026-01-14T14:21:39","modified_gmt":"2026-01-14T14:21:39","slug":"sac-a-dechets-ficelle-110-l-rouleau-de-10-pieces-pe-noir-50-my-recycl","status":"publish","type":"product","link":"https:\/\/topprixsarl.ch\/en\/product-2\/sac-a-dechets-ficelle-110-l-rouleau-de-10-pieces-pe-noir-50-my-recycl\/","title":{"rendered":"LD\/PE drawstring garbage bag, 110 liters, roll of 10 pcs."},"content":{"rendered":"<p>**Sacs \u00e0 ordures imprim\u00e9s de 110 litres avec lien coulissant**<\/p>\n<p>+ Qualit\u00e9 LD\/PE<br \/>\n+ Taux de recyclage de 90%<br \/>\n+ 10 sacs par rouleau<br \/>\n+ Prix par rouleau  <\/p>\n<p>**Conditionnement :**<br \/>\n+ 15 rouleaux par carton<br \/>\n+ 50 cartons par palette (= 750 rouleaux par palette)  <\/p>\n<p>*Notes de bas de page :*<br \/>\n*1. Les informations sur le taux de recyclage sont bas\u00e9es sur des donn\u00e9es fournies par le fabricant.*<br \/>\n*2. Les dimensions et le poids peuvent varier l\u00e9g\u00e8rement selon le lot.*<\/p>","protected":false},"excerpt":{"rendered":"<p>Sacs \u00e0 ordures imprim\u00e9s de 110 litres avec lien coulissant, qualit\u00e9 LD\/PE. Taux de recyclage de 90%. 10 sacs par rouleau. Prix par rouleau.15 rouleaux \/ carton50 cartons \/ palette (=750 rouleaux \/ palette)<\/p>","protected":false},"featured_media":29944,"comment_status":"open","ping_status":"closed","template":"","meta":[],"product_brand":[],"product_cat":[138],"product_tag":[],"class_list":{"0":"post-29945","1":"product","2":"type-product","3":"status-publish","4":"has-post-thumbnail","6":"product_cat-sac-a-dechet","8":"first","9":"instock","10":"shipping-taxable","11":"purchasable","12":"product-type-simple"},"_links":{"self":[{"href":"https:\/\/topprixsarl.ch\/en\/wp-json\/wp\/v2\/product\/29945","targetHints":{"allow":["GET"]}}],"collection":[{"href":"https:\/\/topprixsarl.ch\/en\/wp-json\/wp\/v2\/product"}],"about":[{"href":"https:\/\/topprixsarl.ch\/en\/wp-json\/wp\/v2\/types\/product"}],"replies":[{"embeddable":true,"href":"https:\/\/topprixsarl.ch\/en\/wp-json\/wp\/v2\/comments?post=29945"}],"version-history":[{"count":2,"href":"https:\/\/topprixsarl.ch\/en\/wp-json\/wp\/v2\/product\/29945\/revisions"}],"predecessor-version":[{"id":32841,"href":"https:\/\/topprixsarl.ch\/en\/wp-json\/wp\/v2\/product\/29945\/revisions\/32841"}],"wp:featuredmedia":[{"embeddable":true,"href":"https:\/\/topprixsarl.ch\/en\/wp-json\/wp\/v2\/media\/29944"}],"wp:attachment":[{"href":"https:\/\/topprixsarl.ch\/en\/wp-json\/wp\/v2\/media?parent=29945"}],"wp:term":[{"taxonomy":"product_brand","embeddable":true,"href":"https:\/\/topprixsarl.ch\/en\/wp-json\/wp\/v2\/product_brand?post=29945"},{"taxonomy":"product_cat","embeddable":true,"href":"https:\/\/topprixsarl.ch\/en\/wp-json\/wp\/v2\/product_cat?post=29945"},{"taxonomy":"product_tag","embeddable":true,"href":"https:\/\/topprixsarl.ch\/en\/wp-json\/wp\/v2\/product_tag?post=29945"}],"curies":[{"name":"wp","href":"https:\/\/api.w.org\/{rel}","templated":true}]}}