{"id":29943,"date":"2025-12-27T14:42:39","date_gmt":"2025-12-27T14:42:39","guid":{"rendered":"https:\/\/topprixsarl.ch\/product\/sac-a-dechets-ficelle-60-l-rouleau-de-10-pieces-pe-noir-40-my-recycl\/"},"modified":"2026-01-14T14:21:39","modified_gmt":"2026-01-14T14:21:39","slug":"sac-a-dechets-ficelle-60-l-rouleau-de-10-pieces-pe-noir-40-my-recycl","status":"publish","type":"product","link":"https:\/\/topprixsarl.ch\/en\/product-2\/sac-a-dechets-ficelle-60-l-rouleau-de-10-pieces-pe-noir-40-my-recycl\/","title":{"rendered":"LD\/PE drawstring garbage bag, 60 liters, roll of 10 pcs."},"content":{"rendered":"<p>**Sacs \u00e0 ordures imprim\u00e9s de 60 litres avec cordon de serrage**<\/p>\n<p>+ Qualit\u00e9 LD\/PE<br \/>\n+ Taux de recyclage de 90%<br \/>\n+ 10 sacs par rouleau<br \/>\n+ Prix par rouleau  <\/p>\n<p>**Conditionnement :**<br \/>\n+ 25 rouleaux par carton<br \/>\n+ 54 cartons par palette (= 1350 rouleaux par palette)  <\/p>\n<p>*Note : Les informations peuvent varier selon les fournisseurs.*<\/p>","protected":false},"excerpt":{"rendered":"<p>Sacs \u00e0 ordures imprim\u00e9s de 60 litres avec cordon de serrage, qualit\u00e9 LD\/PE. Taux de recyclage de 90%. 10 sacs par rouleau. Prix par rouleau.25 rouleaux \/ carton54 cartons \/ palette (=1350 rouleaux \/ palette)<\/p>","protected":false},"featured_media":29942,"comment_status":"open","ping_status":"closed","template":"","meta":[],"product_brand":[],"product_cat":[138],"product_tag":[],"class_list":{"0":"post-29943","1":"product","2":"type-product","3":"status-publish","4":"has-post-thumbnail","6":"product_cat-sac-a-dechet","8":"first","9":"instock","10":"shipping-taxable","11":"purchasable","12":"product-type-simple"},"_links":{"self":[{"href":"https:\/\/topprixsarl.ch\/en\/wp-json\/wp\/v2\/product\/29943","targetHints":{"allow":["GET"]}}],"collection":[{"href":"https:\/\/topprixsarl.ch\/en\/wp-json\/wp\/v2\/product"}],"about":[{"href":"https:\/\/topprixsarl.ch\/en\/wp-json\/wp\/v2\/types\/product"}],"replies":[{"embeddable":true,"href":"https:\/\/topprixsarl.ch\/en\/wp-json\/wp\/v2\/comments?post=29943"}],"version-history":[{"count":2,"href":"https:\/\/topprixsarl.ch\/en\/wp-json\/wp\/v2\/product\/29943\/revisions"}],"predecessor-version":[{"id":32840,"href":"https:\/\/topprixsarl.ch\/en\/wp-json\/wp\/v2\/product\/29943\/revisions\/32840"}],"wp:featuredmedia":[{"embeddable":true,"href":"https:\/\/topprixsarl.ch\/en\/wp-json\/wp\/v2\/media\/29942"}],"wp:attachment":[{"href":"https:\/\/topprixsarl.ch\/en\/wp-json\/wp\/v2\/media?parent=29943"}],"wp:term":[{"taxonomy":"product_brand","embeddable":true,"href":"https:\/\/topprixsarl.ch\/en\/wp-json\/wp\/v2\/product_brand?post=29943"},{"taxonomy":"product_cat","embeddable":true,"href":"https:\/\/topprixsarl.ch\/en\/wp-json\/wp\/v2\/product_cat?post=29943"},{"taxonomy":"product_tag","embeddable":true,"href":"https:\/\/topprixsarl.ch\/en\/wp-json\/wp\/v2\/product_tag?post=29943"}],"curies":[{"name":"wp","href":"https:\/\/api.w.org\/{rel}","templated":true}]}}