{"id":29937,"date":"2025-12-27T14:42:07","date_gmt":"2025-12-27T14:42:07","guid":{"rendered":"https:\/\/topprixsarl.ch\/product\/wewash-24-poudre-anticalcaire-6-kg\/"},"modified":"2026-01-14T14:21:39","modified_gmt":"2026-01-14T14:21:39","slug":"wewash-24-anti-scale-powder-6-kg","status":"publish","type":"product","link":"https:\/\/topprixsarl.ch\/en\/product-2\/wewash-24-anti-scale-powder-6-kg\/","title":{"rendered":"Suma Active M20 powder dishwasher cleaner, 10 kg, scented"},"content":{"rendered":"<p>Concentrated powder dishwashing detergent for manual dosage in all water hardnesses.<\/p>\n<p>+ Removes tea and coffee stains with highly effective active chlorine.<\/p>\n<p>+ Specially designed for small commercial dishwashers and domestic dishwashers.<\/p>\n<p>+ pH value (1 %): 12.2 \u00b1 0.5.<\/p>\n<p>+ 10 kg bucket.<\/p>\n<p>+ Price per bucket.<\/p>\n<p>+ Dangerous product. Observe the safety precautions indicated on the safety data sheet*.<\/p>","protected":false},"excerpt":{"rendered":"<p>D\u00e9tergent pour la vaisselle concentr\u00e9 en poudre pour dosage manuel avec toutes les duret\u00e9s de l&rsquo;eau. Enl\u00e8ve les taches de th\u00e9 et de caf\u00e9 \u00e0 l&rsquo;aide de chlore actif tr\u00e8s efficace. Sp\u00e9cialement con\u00e7u pour les petits lave-vaisselle commerciaux et les lave<\/p>","protected":false},"featured_media":29936,"comment_status":"open","ping_status":"closed","template":"","meta":[],"product_brand":[],"product_cat":[139],"product_tag":[],"class_list":{"0":"post-29937","1":"product","2":"type-product","3":"status-publish","4":"has-post-thumbnail","6":"product_cat-lave-vaisselle","8":"first","9":"instock","10":"shipping-taxable","11":"purchasable","12":"product-type-simple"},"_links":{"self":[{"href":"https:\/\/topprixsarl.ch\/en\/wp-json\/wp\/v2\/product\/29937","targetHints":{"allow":["GET"]}}],"collection":[{"href":"https:\/\/topprixsarl.ch\/en\/wp-json\/wp\/v2\/product"}],"about":[{"href":"https:\/\/topprixsarl.ch\/en\/wp-json\/wp\/v2\/types\/product"}],"replies":[{"embeddable":true,"href":"https:\/\/topprixsarl.ch\/en\/wp-json\/wp\/v2\/comments?post=29937"}],"version-history":[{"count":2,"href":"https:\/\/topprixsarl.ch\/en\/wp-json\/wp\/v2\/product\/29937\/revisions"}],"predecessor-version":[{"id":32824,"href":"https:\/\/topprixsarl.ch\/en\/wp-json\/wp\/v2\/product\/29937\/revisions\/32824"}],"wp:featuredmedia":[{"embeddable":true,"href":"https:\/\/topprixsarl.ch\/en\/wp-json\/wp\/v2\/media\/29936"}],"wp:attachment":[{"href":"https:\/\/topprixsarl.ch\/en\/wp-json\/wp\/v2\/media?parent=29937"}],"wp:term":[{"taxonomy":"product_brand","embeddable":true,"href":"https:\/\/topprixsarl.ch\/en\/wp-json\/wp\/v2\/product_brand?post=29937"},{"taxonomy":"product_cat","embeddable":true,"href":"https:\/\/topprixsarl.ch\/en\/wp-json\/wp\/v2\/product_cat?post=29937"},{"taxonomy":"product_tag","embeddable":true,"href":"https:\/\/topprixsarl.ch\/en\/wp-json\/wp\/v2\/product_tag?post=29937"}],"curies":[{"name":"wp","href":"https:\/\/api.w.org\/{rel}","templated":true}]}}