{"id":29925,"date":"2025-12-27T14:41:08","date_gmt":"2025-12-27T14:41:08","guid":{"rendered":"https:\/\/topprixsarl.ch\/product\/gobelets-cafe1-dl-carton-50-pieces\/"},"modified":"2026-01-14T14:21:40","modified_gmt":"2026-01-14T14:21:40","slug":"coffee-cups-1-dl-cardboard-50-pieces","status":"publish","type":"product","link":"https:\/\/topprixsarl.ch\/en\/product-2\/coffee-cups-1-dl-cardboard-50-pieces\/","title":{"rendered":"Coffee cups1 dl (carton) - 50 pieces"},"content":{"rendered":"<p>Practical solution: lots of equipment and little weight<\/p>\n<p>Whether for daily use or special occasions, you deserve a glass that makes the most of your drink. This Pacovis brand glass is an ideal example. <\/p>\n<p>+ High-quality finish<br \/>\n+ Feeling of comfort when consuming<br \/>\n+ Biodegradable cardboard manufacturing  <\/p>\n<p>A height of 60 mm combined with a diameter of 60 mm yields a capacity of 10 cl. <\/p>\n<p>Is there a better way to enjoy a break than letting a few minutes pass with a good drink in hand and letting your thoughts wander? The Pacovis brand glass adds great value in such situations. <\/p>\n<p>You should always keep this accessory in stock. This will ensure relaxation and well-being in your daily professional life. <\/p>\n<p>Order now and secure new support!<\/p>","protected":false},"excerpt":{"rendered":"<p>Solution pratique: beaucoup d&rsquo;\u00e9quipement et peu de poids Que ce soit pour un emploi journalier ou pour des occasions particuli\u00e8res, vous m\u00e9ritez un verre qui tire le meilleur parti de votre boisson. Le verre de la marque Pacovis en est un id\u00e9al exemp<\/p>","protected":false},"featured_media":29924,"comment_status":"open","ping_status":"closed","template":"","meta":[],"product_brand":[],"product_cat":[137],"product_tag":[],"class_list":{"0":"post-29925","1":"product","2":"type-product","3":"status-publish","4":"has-post-thumbnail","6":"product_cat-papier","8":"first","9":"instock","10":"shipping-taxable","11":"purchasable","12":"product-type-simple"},"_links":{"self":[{"href":"https:\/\/topprixsarl.ch\/en\/wp-json\/wp\/v2\/product\/29925","targetHints":{"allow":["GET"]}}],"collection":[{"href":"https:\/\/topprixsarl.ch\/en\/wp-json\/wp\/v2\/product"}],"about":[{"href":"https:\/\/topprixsarl.ch\/en\/wp-json\/wp\/v2\/types\/product"}],"replies":[{"embeddable":true,"href":"https:\/\/topprixsarl.ch\/en\/wp-json\/wp\/v2\/comments?post=29925"}],"version-history":[{"count":2,"href":"https:\/\/topprixsarl.ch\/en\/wp-json\/wp\/v2\/product\/29925\/revisions"}],"predecessor-version":[{"id":33207,"href":"https:\/\/topprixsarl.ch\/en\/wp-json\/wp\/v2\/product\/29925\/revisions\/33207"}],"wp:featuredmedia":[{"embeddable":true,"href":"https:\/\/topprixsarl.ch\/en\/wp-json\/wp\/v2\/media\/29924"}],"wp:attachment":[{"href":"https:\/\/topprixsarl.ch\/en\/wp-json\/wp\/v2\/media?parent=29925"}],"wp:term":[{"taxonomy":"product_brand","embeddable":true,"href":"https:\/\/topprixsarl.ch\/en\/wp-json\/wp\/v2\/product_brand?post=29925"},{"taxonomy":"product_cat","embeddable":true,"href":"https:\/\/topprixsarl.ch\/en\/wp-json\/wp\/v2\/product_cat?post=29925"},{"taxonomy":"product_tag","embeddable":true,"href":"https:\/\/topprixsarl.ch\/en\/wp-json\/wp\/v2\/product_tag?post=29925"}],"curies":[{"name":"wp","href":"https:\/\/api.w.org\/{rel}","templated":true}]}}