{"id":29921,"date":"2025-12-27T14:40:46","date_gmt":"2025-12-27T14:40:46","guid":{"rendered":"https:\/\/topprixsarl.ch\/product\/support-ecolam-53x10-cm-avec-trapeze-lamello\/"},"modified":"2026-01-14T14:21:40","modified_gmt":"2026-01-14T14:21:40","slug":"support-ecolam-53x10-cm-avec-trapeze-lamello","status":"publish","type":"product","link":"https:\/\/topprixsarl.ch\/en\/product-2\/support-ecolam-53x10-cm-avec-trapeze-lamello\/","title":{"rendered":"Ecolam stand 53\u00d710 cm with trapeze LAMELLO"},"content":{"rendered":"<p>Cartes de mariage \u00e9l\u00e9gantes avec v\u0153ux<\/p>\n<p>Quoi de mieux que de savoir que vos amis les plus proches sont heureux? Le jour de leur mariage devrait \u00eatre une occasion sp\u00e9ciale dont on se souviendra pendant des ann\u00e9es. T\u00e9moignez votre soutien: offrez-leur une carte de mariage.<\/p>\n<p>Cette carte de mariage Naturverlag est fabriqu\u00e9e en papier \u00e9pais de haute qualit\u00e9, lisse au toucher. <\/p>\n<p>+ Imprim\u00e9 \u00e9l\u00e9gant sur le recto avec les f\u00e9licitations \u00e9crites en allemand, \u00abZur Hochzeit\u00bb.<\/p>\n<p>+ Taille compacte de 135&#215;135 mm, laissant de la place pour r\u00e9diger vos v\u0153ux et faire preuve de cr\u00e9ativit\u00e9.<\/p>\n<p>Pr\u00eatez attention aux personnes proches!<\/p>","protected":false},"excerpt":{"rendered":"<p>Cartes de mariage \u00e9l\u00e9gantes avec v\u0153ux Quoi de mieux que de savoir que vos amis les plus proches sont heureux? Le jour de leur mariage devrait \u00eatre une occasion sp\u00e9ciale dont on se souviendra pendant des ann\u00e9es. T\u00e9moignez votre soutien: offrez-leur un<\/p>","protected":false},"featured_media":29920,"comment_status":"open","ping_status":"closed","template":"","meta":[],"product_brand":[],"product_cat":[137],"product_tag":[],"class_list":{"0":"post-29921","1":"product","2":"type-product","3":"status-publish","4":"has-post-thumbnail","6":"product_cat-papier","8":"first","9":"instock","10":"shipping-taxable","11":"purchasable","12":"product-type-simple"},"_links":{"self":[{"href":"https:\/\/topprixsarl.ch\/en\/wp-json\/wp\/v2\/product\/29921","targetHints":{"allow":["GET"]}}],"collection":[{"href":"https:\/\/topprixsarl.ch\/en\/wp-json\/wp\/v2\/product"}],"about":[{"href":"https:\/\/topprixsarl.ch\/en\/wp-json\/wp\/v2\/types\/product"}],"replies":[{"embeddable":true,"href":"https:\/\/topprixsarl.ch\/en\/wp-json\/wp\/v2\/comments?post=29921"}],"version-history":[{"count":2,"href":"https:\/\/topprixsarl.ch\/en\/wp-json\/wp\/v2\/product\/29921\/revisions"}],"predecessor-version":[{"id":33205,"href":"https:\/\/topprixsarl.ch\/en\/wp-json\/wp\/v2\/product\/29921\/revisions\/33205"}],"wp:featuredmedia":[{"embeddable":true,"href":"https:\/\/topprixsarl.ch\/en\/wp-json\/wp\/v2\/media\/29920"}],"wp:attachment":[{"href":"https:\/\/topprixsarl.ch\/en\/wp-json\/wp\/v2\/media?parent=29921"}],"wp:term":[{"taxonomy":"product_brand","embeddable":true,"href":"https:\/\/topprixsarl.ch\/en\/wp-json\/wp\/v2\/product_brand?post=29921"},{"taxonomy":"product_cat","embeddable":true,"href":"https:\/\/topprixsarl.ch\/en\/wp-json\/wp\/v2\/product_cat?post=29921"},{"taxonomy":"product_tag","embeddable":true,"href":"https:\/\/topprixsarl.ch\/en\/wp-json\/wp\/v2\/product_tag?post=29921"}],"curies":[{"name":"wp","href":"https:\/\/api.w.org\/{rel}","templated":true}]}}