{"id":29909,"date":"2025-12-27T14:39:37","date_gmt":"2025-12-27T14:39:37","guid":{"rendered":"https:\/\/topprixsarl.ch\/product\/gant-wemed-soft-vinyl-extra-m-non-poudre-boite-de-200-pieces\/"},"modified":"2026-01-21T00:18:19","modified_gmt":"2026-01-21T00:18:19","slug":"gant-wemed-soft-vinyl-extra-m-non-poudre-boite-de-200-pieces","status":"publish","type":"product","link":"https:\/\/topprixsarl.ch\/en\/product-2\/gant-wemed-soft-vinyl-extra-m-non-poudre-boite-de-200-pieces\/","title":{"rendered":"Disposable vinyl gloves MERCATOR VINYLEX, size M, pkg of 100 pcs, transp."},"content":{"rendered":"<p>Dans la simplicit\u00e9 se trouve la diversit\u00e9. <\/p>\n<p>De nombreux groupes professionnels ont des exigences diff\u00e9rentes. Parfois, cependant, un seul produit peut satisfaire les besoins de plusieurs groupes \u00e0 la fois. Ces produits sont alors plus ou moins le couteau suisse de leur cat\u00e9gorie : polyvalents et utiles dans de nombreuses situations. <\/p>\n<p>Les gants jetables Vinylex de Mercator en sont un exemple. <\/p>\n<p>+ Gant d&rsquo;examen universel fabriqu\u00e9 sans poudre, \u00e9vitant ainsi les allergies et la s\u00e9cheresse de la peau. <\/p>\n<p>+ Fabriqu\u00e9s en vinyle, ces gants sont parfaits pour les proc\u00e9dures m\u00e9dicales non st\u00e9riles ou les t\u00e2ches m\u00e9nag\u00e8res. <\/p>\n<p>+ Une surface textur\u00e9e permet une bonne prise en main des objets ou des instruments et assure une excellente sensibilit\u00e9 tactile. <\/p>\n<p>\u00c9quipez le placard \u00e0 mat\u00e9riel de simplicit\u00e9 !<\/p>","protected":false},"excerpt":{"rendered":"<p>Dans la simplicit\u00e9 se trouve la diversit\u00e9 De nombreux groupes professionnels ont des exigences diff\u00e9rentes. Parfois, cependant, un seul produit peut satisfaire les besoins de plusieurs groupes \u00e0 la fois. Ces produits sont alors plus ou moins le coute<\/p>","protected":false},"featured_media":29908,"comment_status":"open","ping_status":"closed","template":"","meta":[],"product_brand":[],"product_cat":[140],"product_tag":[],"class_list":{"0":"post-29909","1":"product","2":"type-product","3":"status-publish","4":"has-post-thumbnail","6":"product_cat-gants","7":"pa_taille-l","8":"pa_taille-m","9":"pa_taille-s","10":"pa_taille-xl","12":"first","13":"instock","14":"shipping-taxable","15":"purchasable","16":"product-type-variable"},"_links":{"self":[{"href":"https:\/\/topprixsarl.ch\/en\/wp-json\/wp\/v2\/product\/29909","targetHints":{"allow":["GET"]}}],"collection":[{"href":"https:\/\/topprixsarl.ch\/en\/wp-json\/wp\/v2\/product"}],"about":[{"href":"https:\/\/topprixsarl.ch\/en\/wp-json\/wp\/v2\/types\/product"}],"replies":[{"embeddable":true,"href":"https:\/\/topprixsarl.ch\/en\/wp-json\/wp\/v2\/comments?post=29909"}],"version-history":[{"count":2,"href":"https:\/\/topprixsarl.ch\/en\/wp-json\/wp\/v2\/product\/29909\/revisions"}],"predecessor-version":[{"id":32712,"href":"https:\/\/topprixsarl.ch\/en\/wp-json\/wp\/v2\/product\/29909\/revisions\/32712"}],"wp:featuredmedia":[{"embeddable":true,"href":"https:\/\/topprixsarl.ch\/en\/wp-json\/wp\/v2\/media\/29908"}],"wp:attachment":[{"href":"https:\/\/topprixsarl.ch\/en\/wp-json\/wp\/v2\/media?parent=29909"}],"wp:term":[{"taxonomy":"product_brand","embeddable":true,"href":"https:\/\/topprixsarl.ch\/en\/wp-json\/wp\/v2\/product_brand?post=29909"},{"taxonomy":"product_cat","embeddable":true,"href":"https:\/\/topprixsarl.ch\/en\/wp-json\/wp\/v2\/product_cat?post=29909"},{"taxonomy":"product_tag","embeddable":true,"href":"https:\/\/topprixsarl.ch\/en\/wp-json\/wp\/v2\/product_tag?post=29909"}],"curies":[{"name":"wp","href":"https:\/\/api.w.org\/{rel}","templated":true}]}}