{"id":29889,"date":"2025-12-27T14:37:52","date_gmt":"2025-12-27T14:37:52","guid":{"rendered":"https:\/\/topprixsarl.ch\/product\/distributeur-tork-essuie-mains-matic-h1-blanc337x372x203mm\/"},"modified":"2026-01-14T14:21:41","modified_gmt":"2026-01-14T14:21:41","slug":"distributeur-tork-essuie-mains-matic-h1-blanc337x372x203mm","status":"publish","type":"product","link":"https:\/\/topprixsarl.ch\/en\/product-2\/distributeur-tork-essuie-mains-matic-h1-blanc337x372x203mm\/","title":{"rendered":"Distributeur d&rsquo;essuie-mains rouleau Tork Matic H1 &#8211; blanc"},"content":{"rendered":"<p>**Tork Matic\u00ae Distributeur pour rouleau d&rsquo;essuie-mains blanc H1**<\/p>\n<p>Proposez une exp\u00e9rience agr\u00e9able dans les sanitaires tr\u00e8s fr\u00e9quent\u00e9s gr\u00e2ce \u00e0 notre distributeur pour rouleau d&rsquo;essuie-mains, laur\u00e9at du iF Product Design Award et du Red Dot Award 2009. R\u00e9duisez le gaspillage en contr\u00f4lant la consommation d&rsquo;essuie-mains et am\u00e9liorez l&rsquo;hygi\u00e8ne gr\u00e2ce \u00e0 la distribution feuille \u00e0 feuille qui permet aux utilisateurs de ne prendre que la quantit\u00e9 n\u00e9cessaire. <\/p>\n<p>Cet \u00e9l\u00e9gant distributeur grande capacit\u00e9 de la gamme Elevation est id\u00e9al pour les lieux tr\u00e8s fr\u00e9quent\u00e9s. Il est facile \u00e0 nettoyer et dispose d&rsquo;un double verrouillage pour un entretien simplifi\u00e9.<\/p>\n<p>**Les avantages en un coup d&rsquo;\u0153il :**<\/p>\n<p>+ Pour les sanitaires \u00e0 forte circulation<br \/>\n+ \u00c9conomique gr\u00e2ce \u00e0 la distribution feuille \u00e0 feuille et \u00e0 la fonctionnalit\u00e9 de fin de rouleau<br \/>\n+ Ouverture sup\u00e9rieure verrouillable pour une meilleure s\u00e9curit\u00e9<br \/>\n+ Entretien r\u00e9duit gr\u00e2ce \u00e0 l&rsquo;indicateur de recharge et \u00e0 la fen\u00eatre de visualisation<br \/>\n+ Tork Vision Cleaning<br \/>\n+ Installation simple<br \/>\n+ Conformes aux normes ADA<br \/>\n+ Laur\u00e9at de l&rsquo;iF Product Design Award et du Red Dot Award 2009<\/p>","protected":false},"excerpt":{"rendered":"<p>Tork Matic\u00ae Distributeur pour rouleau d&rsquo;essuie-mains blanc H1 :Proposez une exp\u00e9rience agr\u00e9able dans les sanitaires tr\u00e8s fr\u00e9quent\u00e9s gr\u00e2ce \u00e0 notre distributeur pour rouleau d&rsquo;essuie-mains, laur\u00e9at du iF Product Design Award et du Red Dot Award 2009. R<\/p>","protected":false},"featured_media":29888,"comment_status":"open","ping_status":"closed","template":"","meta":[],"product_brand":[],"product_cat":[142],"product_tag":[],"class_list":{"0":"post-29889","1":"product","2":"type-product","3":"status-publish","4":"has-post-thumbnail","6":"product_cat-entretien","8":"first","9":"instock","10":"shipping-taxable","11":"purchasable","12":"product-type-simple"},"_links":{"self":[{"href":"https:\/\/topprixsarl.ch\/en\/wp-json\/wp\/v2\/product\/29889","targetHints":{"allow":["GET"]}}],"collection":[{"href":"https:\/\/topprixsarl.ch\/en\/wp-json\/wp\/v2\/product"}],"about":[{"href":"https:\/\/topprixsarl.ch\/en\/wp-json\/wp\/v2\/types\/product"}],"replies":[{"embeddable":true,"href":"https:\/\/topprixsarl.ch\/en\/wp-json\/wp\/v2\/comments?post=29889"}],"version-history":[{"count":2,"href":"https:\/\/topprixsarl.ch\/en\/wp-json\/wp\/v2\/product\/29889\/revisions"}],"predecessor-version":[{"id":32600,"href":"https:\/\/topprixsarl.ch\/en\/wp-json\/wp\/v2\/product\/29889\/revisions\/32600"}],"wp:featuredmedia":[{"embeddable":true,"href":"https:\/\/topprixsarl.ch\/en\/wp-json\/wp\/v2\/media\/29888"}],"wp:attachment":[{"href":"https:\/\/topprixsarl.ch\/en\/wp-json\/wp\/v2\/media?parent=29889"}],"wp:term":[{"taxonomy":"product_brand","embeddable":true,"href":"https:\/\/topprixsarl.ch\/en\/wp-json\/wp\/v2\/product_brand?post=29889"},{"taxonomy":"product_cat","embeddable":true,"href":"https:\/\/topprixsarl.ch\/en\/wp-json\/wp\/v2\/product_cat?post=29889"},{"taxonomy":"product_tag","embeddable":true,"href":"https:\/\/topprixsarl.ch\/en\/wp-json\/wp\/v2\/product_tag?post=29889"}],"curies":[{"name":"wp","href":"https:\/\/api.w.org\/{rel}","templated":true}]}}