{"id":29887,"date":"2025-12-27T14:37:41","date_gmt":"2025-12-27T14:37:41","guid":{"rendered":"https:\/\/topprixsarl.ch\/product\/lipton-fraises-framboises-emb-indiv\/"},"modified":"2026-01-15T16:26:45","modified_gmt":"2026-01-15T16:26:45","slug":"lipton-fraises-framboises-emb-indiv","status":"publish","type":"product","link":"https:\/\/topprixsarl.ch\/en\/product-2\/lipton-fraises-framboises-emb-indiv\/","title":{"rendered":"Lipton strawberry\/raspberry, indiv. pack."},"content":{"rendered":"<p>Une boisson riche en baies pour une journ\u00e9e de travail charg\u00e9e. <\/p>\n<p>La journ\u00e9e commence bien avec une bonne tasse de th\u00e9! Tous les amateurs de th\u00e9 pr\u00e9f\u00e8rent prendre leur pause d\u00e9jeuner en sirotant leur th\u00e9 pr\u00e9f\u00e9r\u00e9 ou un th\u00e9 unique qu&rsquo;ils n&rsquo;ont pas encore go\u00fbt\u00e9! <\/p>\n<p>Si vous devez doter une cuisine de bureau, un espace de r\u00e9ception, un restaurant ou une aire de restauration, en th\u00e9 excellent, le Crowning&rsquo;s Tea vous comblera \u00e0 coup s\u00fbr! <\/p>\n<p>+ Les th\u00e9s Crowning sont parmi les meilleurs et les plus connus sur le march\u00e9. <\/p>\n<p>+ Ils remplissent et conditionnent leurs paquets de th\u00e9 dans la r\u00e9gion suisse d&rsquo;Appenzell et offrent un large choix de saveurs et de types de th\u00e9. <\/p>\n<p>Par exemple, ce th\u00e9 saveur fraise\/framboise. C&rsquo;est une option parfaite; un th\u00e9 rouge \u00e0 la couleur et \u00e0 l\u2019ar\u00f4me profonds. <\/p>\n<p>+ Frais et fruit\u00e9, ce th\u00e9 nous rappelle toutes les belles saisons &#8211; \u00e9t\u00e9 ou automne, voire une f\u00eate sp\u00e9ciale comme la veille de No\u00ebl. <\/p>\n<p>En somme, c&rsquo;est un th\u00e9 festif qui peut \u00eatre consomm\u00e9 toute l&rsquo;ann\u00e9e, dont vous ne pourrez pas vous lasser. <\/p>\n<p>+ Conditionn\u00e9 dans un emballage s\u00e9par\u00e9, puis dans un paquet unique et reconnaissable, ce th\u00e9 attirera tous les regards. <\/p>\n<p>Chaque paquet contient 25 sachets de th\u00e9, alors faites-en provision pendant que vous le pouvez. <\/p>\n<p>+ Ne manquez pas le meilleur choix de saveurs disponible!<\/p>","protected":false},"excerpt":{"rendered":"<p>Une boisson riche en baies pour une journ\u00e9e de travail charg\u00e9e La journ\u00e9e commence bien avec une bonne tasse de th\u00e9! Tous les amateurs de th\u00e9 pr\u00e9f\u00e8rent prendre leur pause d\u00e9jeuner en sirotant leur th\u00e9 pr\u00e9f\u00e9r\u00e9 ou un th\u00e9 unique qu&rsquo;ils n&rsquo;ont pas encore <\/p>","protected":false},"featured_media":29886,"comment_status":"open","ping_status":"closed","template":"","meta":[],"product_brand":[],"product_cat":[137],"product_tag":[],"class_list":{"0":"post-29887","1":"product","2":"type-product","3":"status-publish","4":"has-post-thumbnail","6":"product_cat-papier","8":"first","9":"instock","10":"shipping-taxable","11":"purchasable","12":"product-type-simple"},"_links":{"self":[{"href":"https:\/\/topprixsarl.ch\/en\/wp-json\/wp\/v2\/product\/29887","targetHints":{"allow":["GET"]}}],"collection":[{"href":"https:\/\/topprixsarl.ch\/en\/wp-json\/wp\/v2\/product"}],"about":[{"href":"https:\/\/topprixsarl.ch\/en\/wp-json\/wp\/v2\/types\/product"}],"replies":[{"embeddable":true,"href":"https:\/\/topprixsarl.ch\/en\/wp-json\/wp\/v2\/comments?post=29887"}],"version-history":[{"count":3,"href":"https:\/\/topprixsarl.ch\/en\/wp-json\/wp\/v2\/product\/29887\/revisions"}],"predecessor-version":[{"id":33391,"href":"https:\/\/topprixsarl.ch\/en\/wp-json\/wp\/v2\/product\/29887\/revisions\/33391"}],"wp:featuredmedia":[{"embeddable":true,"href":"https:\/\/topprixsarl.ch\/en\/wp-json\/wp\/v2\/media\/29886"}],"wp:attachment":[{"href":"https:\/\/topprixsarl.ch\/en\/wp-json\/wp\/v2\/media?parent=29887"}],"wp:term":[{"taxonomy":"product_brand","embeddable":true,"href":"https:\/\/topprixsarl.ch\/en\/wp-json\/wp\/v2\/product_brand?post=29887"},{"taxonomy":"product_cat","embeddable":true,"href":"https:\/\/topprixsarl.ch\/en\/wp-json\/wp\/v2\/product_cat?post=29887"},{"taxonomy":"product_tag","embeddable":true,"href":"https:\/\/topprixsarl.ch\/en\/wp-json\/wp\/v2\/product_tag?post=29887"}],"curies":[{"name":"wp","href":"https:\/\/api.w.org\/{rel}","templated":true}]}}