{"id":29873,"date":"2025-12-27T14:36:25","date_gmt":"2025-12-27T14:36:25","guid":{"rendered":"https:\/\/topprixsarl.ch\/product\/lipton-menthe-emb-indiv\/"},"modified":"2026-01-15T16:26:40","modified_gmt":"2026-01-15T16:26:40","slug":"lipton-menthe-emb-indiv","status":"publish","type":"product","link":"https:\/\/topprixsarl.ch\/en\/product-2\/lipton-menthe-emb-indiv\/","title":{"rendered":"Lipton Menthe emb. Indiv."},"content":{"rendered":"<p>Tisane \u00e0 la menthe pour toutes les occasions<\/p>\n<p>Vous avez un d\u00e9jeuner d&rsquo;affaires important qui vous attend aujourd&rsquo;hui. Profitez d&rsquo;une bonne fondue chinoise avec vos coll\u00e8gues et terminez votre repas par une tisane \u00e0 la menthe. Vous ressentirez le plaisir : c&rsquo;est relaxante et savoureuse !<\/p>\n<p>La tisane \u00e0 la menthe Crownings a \u00e9t\u00e9 produite en Appenzell \u00e0 partir d&rsquo;herbes suisses. <\/p>\n<p>+ Id\u00e9ale \u00e0 tout moment de la journ\u00e9e, elle est particuli\u00e8rement indiqu\u00e9e apr\u00e8s les repas, car elle favorise la digestion. <\/p>\n<p>+ Parfaite pour \u00eatre consomm\u00e9e chaude ou froide, douce ou am\u00e8re. <\/p>\n<p>+ C&rsquo;est une boisson rafra\u00eechissante et d\u00e9salt\u00e9rante qui ne vous d\u00e9cevra \u00e0 aucun moment ! <\/p>\n<p>D\u00e9gustez une tisane sp\u00e9ciale avec vos coll\u00e8gues !<\/p>","protected":false},"excerpt":{"rendered":"<p>Tisane \u00e0 la menthe pour toutes les occasions Vous avez un d\u00e9jeuner d&rsquo;affaires important qui vous attend aujourd&rsquo;hui. Profitez d&rsquo;une bonne fondue chinoise avec vos coll\u00e8gues et terminez votre repas par une tisane \u00e0 la menthe. Vous ressentirez le plais<\/p>","protected":false},"featured_media":29872,"comment_status":"open","ping_status":"closed","template":"","meta":[],"product_brand":[],"product_cat":[137],"product_tag":[],"class_list":{"0":"post-29873","1":"product","2":"type-product","3":"status-publish","4":"has-post-thumbnail","6":"product_cat-papier","8":"first","9":"instock","10":"shipping-taxable","11":"purchasable","12":"product-type-simple"},"_links":{"self":[{"href":"https:\/\/topprixsarl.ch\/en\/wp-json\/wp\/v2\/product\/29873","targetHints":{"allow":["GET"]}}],"collection":[{"href":"https:\/\/topprixsarl.ch\/en\/wp-json\/wp\/v2\/product"}],"about":[{"href":"https:\/\/topprixsarl.ch\/en\/wp-json\/wp\/v2\/types\/product"}],"replies":[{"embeddable":true,"href":"https:\/\/topprixsarl.ch\/en\/wp-json\/wp\/v2\/comments?post=29873"}],"version-history":[{"count":2,"href":"https:\/\/topprixsarl.ch\/en\/wp-json\/wp\/v2\/product\/29873\/revisions"}],"predecessor-version":[{"id":33195,"href":"https:\/\/topprixsarl.ch\/en\/wp-json\/wp\/v2\/product\/29873\/revisions\/33195"}],"wp:featuredmedia":[{"embeddable":true,"href":"https:\/\/topprixsarl.ch\/en\/wp-json\/wp\/v2\/media\/29872"}],"wp:attachment":[{"href":"https:\/\/topprixsarl.ch\/en\/wp-json\/wp\/v2\/media?parent=29873"}],"wp:term":[{"taxonomy":"product_brand","embeddable":true,"href":"https:\/\/topprixsarl.ch\/en\/wp-json\/wp\/v2\/product_brand?post=29873"},{"taxonomy":"product_cat","embeddable":true,"href":"https:\/\/topprixsarl.ch\/en\/wp-json\/wp\/v2\/product_cat?post=29873"},{"taxonomy":"product_tag","embeddable":true,"href":"https:\/\/topprixsarl.ch\/en\/wp-json\/wp\/v2\/product_tag?post=29873"}],"curies":[{"name":"wp","href":"https:\/\/api.w.org\/{rel}","templated":true}]}}